{"id":1365,"date":"2026-04-13T16:23:57","date_gmt":"2026-04-13T20:23:57","guid":{"rendered":"https:\/\/shop.pontiacprintshop.com\/product\/t-shirt-retro-the-equity-sable\/"},"modified":"2026-04-13T18:46:25","modified_gmt":"2026-04-13T22:46:25","slug":"t-shirt-retro-the-equity-sable","status":"publish","type":"product","link":"https:\/\/shop.pontiacprintshop.com\/fr\/produit\/t-shirt-retro-the-equity-sable\/","title":{"rendered":"T-shirt r\u00e9tro The Equity (sable)"},"content":{"rendered":"<p data-path-to-node=\"10\"><img fetchpriority=\"high\" decoding=\"async\" class=\"wp-image-1415 size-large aligncenter\" src=\"https:\/\/shop.pontiacprintshop.com\/wp-content\/uploads\/2026\/04\/627029851_895943389840950_5702937472275628066_n-1024x683.jpg\" alt=\"L'\u00e9quipe d'Equity, 1980\" width=\"800\" height=\"534\" srcset=\"https:\/\/shop.pontiacprintshop.com\/wp-content\/uploads\/2026\/04\/627029851_895943389840950_5702937472275628066_n-1024x683.jpg 1024w, https:\/\/shop.pontiacprintshop.com\/wp-content\/uploads\/2026\/04\/627029851_895943389840950_5702937472275628066_n-300x200.jpg 300w, https:\/\/shop.pontiacprintshop.com\/wp-content\/uploads\/2026\/04\/627029851_895943389840950_5702937472275628066_n-768x512.jpg 768w, https:\/\/shop.pontiacprintshop.com\/wp-content\/uploads\/2026\/04\/627029851_895943389840950_5702937472275628066_n-1536x1024.jpg 1536w, https:\/\/shop.pontiacprintshop.com\/wp-content\/uploads\/2026\/04\/627029851_895943389840950_5702937472275628066_n-600x400.jpg 600w, https:\/\/shop.pontiacprintshop.com\/wp-content\/uploads\/2026\/04\/627029851_895943389840950_5702937472275628066_n.jpg 2048w\" sizes=\"(max-width: 800px) 100vw, 800px\" \/><\/p>\n<p data-path-to-node=\"10\">Un style classique rencontre une mission moderne. Inspir\u00e9 par l\u2019\u00e9quipement original port\u00e9 par notre personnel dans les ann\u00e9es 1970 et 1980, ce t-shirt r\u00e9tro c\u00e9l\u00e8bre plus de 140 ans de <i data-path-to-node=\"8,0\" data-index-in-node=\"148\">The Equity<\/i>. Avec notre ann\u00e9e de fondation (1883) fi\u00e8rement affich\u00e9e au dos, ce t-shirt est con\u00e7u pour les penseurs, les lecteurs et les voisins qui savent que le journalisme local m\u00e9rite d\u2019\u00eatre prot\u00e9g\u00e9. Portez-le avec fiert\u00e9, ayez l\u2019air intelligent et aidez-nous \u00e0 faire tourner nos presses !   <\/p>\n<p data-path-to-node=\"12\"><b data-path-to-node=\"12\" data-index-in-node=\"0\">Pourquoi vous l\u2019aimerez :<\/b><\/p>\n<ul data-path-to-node=\"13\">\n<li>\n<p data-path-to-node=\"13,0,0\"><b data-path-to-node=\"13,0,0\" data-index-in-node=\"0\">Un ajout \u00ab intelligent \u00bb \u00e0 votre garde-robe :<\/b> Il y a quelque chose dans un t-shirt de journal qui donne \u00e0 celui qui le porte l\u2019air cultiv\u00e9 et soucieux de sa communaut\u00e9. C\u2019est l\u2019esth\u00e9tique \u00ab intello-cool \u00bb par excellence. <\/p>\n<\/li>\n<li>\n<p data-path-to-node=\"13,1,0\"><b data-path-to-node=\"12,1,0\" data-index-in-node=\"0\">Qualit\u00e9 sup\u00e9rieure ATC\u2122 :<\/b> Nous avons choisi le <b data-path-to-node=\"12,1,0\" data-index-in-node=\"35\">T-shirt en coton quotidien ATC 1000<\/b> pour sa fiabilit\u00e9. Fabriqu\u00e9 \u00e0 partir de <b data-path-to-node=\"12,1,0\" data-index-in-node=\"95\">9,1 oz, 100 % coton<\/b>, le tissu utilise des fils compact\u00e9s pour minimiser le r\u00e9tr\u00e9cissement, afin que votre coupe reste fid\u00e8le lavage apr\u00e8s lavage. <\/p>\n<\/li>\n<li>\n<p data-path-to-node=\"13,2,0\"><b data-path-to-node=\"13,2,0\" data-index-in-node=\"0\">La coupe parfaite :<\/b> Dot\u00e9 d\u2019un col double aiguille sans couture, d\u2019un col et d\u2019\u00e9paules renforc\u00e9s pour le confort, et d\u2019une \u00e9tiquette d\u00e9tachable pour \u00e9viter les d\u00e9mangeaisons.<\/p>\n<\/li>\n<li>\n<p data-path-to-node=\"13,3,0\"><b data-path-to-node=\"12,3,0\" data-index-in-node=\"0\">Une mode impactante :<\/b> Chaque achat est une contribution directe \u00e0 <i data-path-to-node=\"12,3,0\" data-index-in-node=\"62\">The Equity<\/i>. Votre soutien nous aide \u00e0 financer les reportages d\u2019investigation et la couverture communautaire qui sont notre mission depuis 1883. <\/p>\n<\/li>\n<\/ul>\n<p data-path-to-node=\"14\"><b data-path-to-node=\"14\" data-index-in-node=\"0\">Sp\u00e9cifications :<\/b><\/p>\n<ul>\n<li data-path-to-node=\"14,0,0\"><b data-path-to-node=\"14,0,0\" data-index-in-node=\"0\">Tissu :<\/b> 9,1 oz, 100 % coton<\/li>\n<li data-path-to-node=\"14,1,0\"><b data-path-to-node=\"14,1,0\" data-index-in-node=\"0\">Durabilit\u00e9 :<\/b> Fils compact\u00e9s pour minimiser le r\u00e9tr\u00e9cissement ; col et \u00e9paules renforc\u00e9s.<\/li>\n<li data-path-to-node=\"14,2,0\"><b data-path-to-node=\"14,2,0\" data-index-in-node=\"0\">Coupe :<\/b> Coupe unisexe classique avec un col en maille c\u00f4tel\u00e9e 1&#215;1 sans couture.<\/li>\n<li data-path-to-node=\"14,3,0\"><b data-path-to-node=\"14,3,0\" data-index-in-node=\"0\">H\u00e9ritage :<\/b> Ann\u00e9e de fondation (1883) affich\u00e9e au dos.<\/li>\n<\/ul>\n","protected":false},"excerpt":{"rendered":"<p>Remontez le temps avec notre t-shirt \u00e0 logo r\u00e9tro, inspir\u00e9 par l\u2019\u00e9quipement classique port\u00e9 par notre personnel dans les ann\u00e9es 70 et 80. Arborant notre ann\u00e9e de fondation, <b data-path-to-node=\"5\" data-index-in-node=\"178\">1883<\/b>, au dos, ce t-shirt en coton \u00e9pais allie un style vintage \u00e0 une mission moderne. C\u2019est un look intelligent pour une cause intelligente : chaque achat soutient directement le journalisme local de qualit\u00e9 dans notre communaut\u00e9.<\/p>\n","protected":false},"featured_media":1360,"comment_status":"closed","ping_status":"closed","template":"","meta":{"_acf_changed":false},"product_brand":[],"product_cat":[56],"product_tag":[],"class_list":{"0":"post-1365","1":"product","2":"type-product","3":"status-publish","4":"has-post-thumbnail","6":"product_cat-t-shirts-fr","8":"first","9":"instock","10":"taxable","11":"shipping-taxable","12":"purchasable","13":"product-type-variable"},"acf":[],"yoast_head":"<!-- This site is optimized with the Yoast SEO plugin v27.3 - https:\/\/yoast.com\/product\/yoast-seo-wordpress\/ -->\n<title>T-shirt r\u00e9tro The Equity (sable) - Imprimierie Pontiac Printshop<\/title>\n<meta name=\"robots\" content=\"index, follow, max-snippet:-1, max-image-preview:large, max-video-preview:-1\" \/>\n<link rel=\"canonical\" href=\"https:\/\/shop.pontiacprintshop.com\/fr\/produit\/t-shirt-retro-the-equity-sable\/\" \/>\n<meta property=\"og:locale\" content=\"fr_FR\" \/>\n<meta property=\"og:type\" content=\"article\" \/>\n<meta property=\"og:title\" content=\"T-shirt r\u00e9tro The Equity (sable) - Imprimierie Pontiac Printshop\" \/>\n<meta property=\"og:description\" content=\"Remontez le temps avec notre t-shirt \u00e0 logo r\u00e9tro, inspir\u00e9 par l\u2019\u00e9quipement classique port\u00e9 par notre personnel dans les ann\u00e9es 70 et 80. Arborant notre ann\u00e9e de fondation, 1883, au dos, ce t-shirt en coton \u00e9pais allie un style vintage \u00e0 une mission moderne. C\u2019est un look intelligent pour une cause intelligente : chaque achat soutient directement le journalisme local de qualit\u00e9 dans notre communaut\u00e9.\" \/>\n<meta property=\"og:url\" content=\"https:\/\/shop.pontiacprintshop.com\/fr\/produit\/t-shirt-retro-the-equity-sable\/\" \/>\n<meta property=\"og:site_name\" content=\"Imprimierie Pontiac Printshop\" \/>\n<meta property=\"article:publisher\" content=\"https:\/\/www.facebook.com\/profile.php?id=61579208464005\" \/>\n<meta property=\"article:modified_time\" content=\"2026-04-13T22:46:25+00:00\" \/>\n<meta property=\"og:image\" content=\"https:\/\/shop.pontiacprintshop.com\/wp-content\/uploads\/2026\/04\/tshirt-sand-834x1024.png\" \/>\n\t<meta property=\"og:image:width\" content=\"834\" \/>\n\t<meta property=\"og:image:height\" content=\"1024\" \/>\n\t<meta property=\"og:image:type\" content=\"image\/png\" \/>\n<meta name=\"twitter:card\" content=\"summary_large_image\" \/>\n<meta name=\"twitter:label1\" content=\"Dur\u00e9e de lecture estim\u00e9e\" \/>\n\t<meta name=\"twitter:data1\" content=\"1 minute\" \/>\n<script type=\"application\/ld+json\" class=\"yoast-schema-graph\">{\"@context\":\"https:\\\/\\\/schema.org\",\"@graph\":[{\"@type\":\"WebPage\",\"@id\":\"https:\\\/\\\/shop.pontiacprintshop.com\\\/fr\\\/produit\\\/t-shirt-retro-the-equity-sable\\\/\",\"url\":\"https:\\\/\\\/shop.pontiacprintshop.com\\\/fr\\\/produit\\\/t-shirt-retro-the-equity-sable\\\/\",\"name\":\"T-shirt r\u00e9tro The Equity (sable) - Imprimierie Pontiac Printshop\",\"isPartOf\":{\"@id\":\"https:\\\/\\\/shop.pontiacprintshop.com\\\/fr\\\/#website\"},\"primaryImageOfPage\":{\"@id\":\"https:\\\/\\\/shop.pontiacprintshop.com\\\/fr\\\/produit\\\/t-shirt-retro-the-equity-sable\\\/#primaryimage\"},\"image\":{\"@id\":\"https:\\\/\\\/shop.pontiacprintshop.com\\\/fr\\\/produit\\\/t-shirt-retro-the-equity-sable\\\/#primaryimage\"},\"thumbnailUrl\":\"https:\\\/\\\/shop.pontiacprintshop.com\\\/wp-content\\\/uploads\\\/2026\\\/04\\\/tshirt-sand.png\",\"datePublished\":\"2026-04-13T20:23:57+00:00\",\"dateModified\":\"2026-04-13T22:46:25+00:00\",\"breadcrumb\":{\"@id\":\"https:\\\/\\\/shop.pontiacprintshop.com\\\/fr\\\/produit\\\/t-shirt-retro-the-equity-sable\\\/#breadcrumb\"},\"inLanguage\":\"fr-FR\",\"potentialAction\":[{\"@type\":\"ReadAction\",\"target\":[\"https:\\\/\\\/shop.pontiacprintshop.com\\\/fr\\\/produit\\\/t-shirt-retro-the-equity-sable\\\/\"]}]},{\"@type\":\"ImageObject\",\"inLanguage\":\"fr-FR\",\"@id\":\"https:\\\/\\\/shop.pontiacprintshop.com\\\/fr\\\/produit\\\/t-shirt-retro-the-equity-sable\\\/#primaryimage\",\"url\":\"https:\\\/\\\/shop.pontiacprintshop.com\\\/wp-content\\\/uploads\\\/2026\\\/04\\\/tshirt-sand.png\",\"contentUrl\":\"https:\\\/\\\/shop.pontiacprintshop.com\\\/wp-content\\\/uploads\\\/2026\\\/04\\\/tshirt-sand.png\",\"width\":1856,\"height\":2280},{\"@type\":\"BreadcrumbList\",\"@id\":\"https:\\\/\\\/shop.pontiacprintshop.com\\\/fr\\\/produit\\\/t-shirt-retro-the-equity-sable\\\/#breadcrumb\",\"itemListElement\":[{\"@type\":\"ListItem\",\"position\":1,\"name\":\"Home\",\"item\":\"https:\\\/\\\/shop.pontiacprintshop.com\\\/fr\\\/\"},{\"@type\":\"ListItem\",\"position\":2,\"name\":\"Boutique\",\"item\":\"https:\\\/\\\/shop.pontiacprintshop.com\\\/fr\\\/boutique\\\/\"},{\"@type\":\"ListItem\",\"position\":3,\"name\":\"T-shirt r\u00e9tro The Equity (sable)\"}]},{\"@type\":\"WebSite\",\"@id\":\"https:\\\/\\\/shop.pontiacprintshop.com\\\/fr\\\/#website\",\"url\":\"https:\\\/\\\/shop.pontiacprintshop.com\\\/fr\\\/\",\"name\":\"Impremierie Pontiac Printshop\",\"description\":\"Serving the Pontiac and entire Ottawa Valley for more than 70 years\",\"publisher\":{\"@id\":\"https:\\\/\\\/shop.pontiacprintshop.com\\\/fr\\\/#organization\"},\"potentialAction\":[{\"@type\":\"SearchAction\",\"target\":{\"@type\":\"EntryPoint\",\"urlTemplate\":\"https:\\\/\\\/shop.pontiacprintshop.com\\\/fr\\\/?s={search_term_string}\"},\"query-input\":{\"@type\":\"PropertyValueSpecification\",\"valueRequired\":true,\"valueName\":\"search_term_string\"}}],\"inLanguage\":\"fr-FR\"},{\"@type\":\"Organization\",\"@id\":\"https:\\\/\\\/shop.pontiacprintshop.com\\\/fr\\\/#organization\",\"name\":\"Impremierie Pontiac Printshop\",\"url\":\"https:\\\/\\\/shop.pontiacprintshop.com\\\/fr\\\/\",\"logo\":{\"@type\":\"ImageObject\",\"inLanguage\":\"fr-FR\",\"@id\":\"https:\\\/\\\/shop.pontiacprintshop.com\\\/fr\\\/#\\\/schema\\\/logo\\\/image\\\/\",\"url\":\"https:\\\/\\\/shop.pontiacprintshop.com\\\/wp-content\\\/uploads\\\/2025\\\/08\\\/cropped-pontiac-printshop-green-copy-2.jpg\",\"contentUrl\":\"https:\\\/\\\/shop.pontiacprintshop.com\\\/wp-content\\\/uploads\\\/2025\\\/08\\\/cropped-pontiac-printshop-green-copy-2.jpg\",\"width\":512,\"height\":512,\"caption\":\"Impremierie Pontiac Printshop\"},\"image\":{\"@id\":\"https:\\\/\\\/shop.pontiacprintshop.com\\\/fr\\\/#\\\/schema\\\/logo\\\/image\\\/\"},\"sameAs\":[\"https:\\\/\\\/www.facebook.com\\\/profile.php?id=61579208464005\"]}]}<\/script>\n<!-- \/ Yoast SEO plugin. -->","yoast_head_json":{"title":"T-shirt r\u00e9tro The Equity (sable) - Imprimierie Pontiac Printshop","robots":{"index":"index","follow":"follow","max-snippet":"max-snippet:-1","max-image-preview":"max-image-preview:large","max-video-preview":"max-video-preview:-1"},"canonical":"https:\/\/shop.pontiacprintshop.com\/fr\/produit\/t-shirt-retro-the-equity-sable\/","og_locale":"fr_FR","og_type":"article","og_title":"T-shirt r\u00e9tro The Equity (sable) - Imprimierie Pontiac Printshop","og_description":"Remontez le temps avec notre t-shirt \u00e0 logo r\u00e9tro, inspir\u00e9 par l\u2019\u00e9quipement classique port\u00e9 par notre personnel dans les ann\u00e9es 70 et 80. Arborant notre ann\u00e9e de fondation, 1883, au dos, ce t-shirt en coton \u00e9pais allie un style vintage \u00e0 une mission moderne. C\u2019est un look intelligent pour une cause intelligente : chaque achat soutient directement le journalisme local de qualit\u00e9 dans notre communaut\u00e9.","og_url":"https:\/\/shop.pontiacprintshop.com\/fr\/produit\/t-shirt-retro-the-equity-sable\/","og_site_name":"Imprimierie Pontiac Printshop","article_publisher":"https:\/\/www.facebook.com\/profile.php?id=61579208464005","article_modified_time":"2026-04-13T22:46:25+00:00","og_image":[{"width":834,"height":1024,"url":"https:\/\/shop.pontiacprintshop.com\/wp-content\/uploads\/2026\/04\/tshirt-sand-834x1024.png","type":"image\/png"}],"twitter_card":"summary_large_image","twitter_misc":{"Dur\u00e9e de lecture estim\u00e9e":"1 minute"},"schema":{"@context":"https:\/\/schema.org","@graph":[{"@type":"WebPage","@id":"https:\/\/shop.pontiacprintshop.com\/fr\/produit\/t-shirt-retro-the-equity-sable\/","url":"https:\/\/shop.pontiacprintshop.com\/fr\/produit\/t-shirt-retro-the-equity-sable\/","name":"T-shirt r\u00e9tro The Equity (sable) - Imprimierie Pontiac Printshop","isPartOf":{"@id":"https:\/\/shop.pontiacprintshop.com\/fr\/#website"},"primaryImageOfPage":{"@id":"https:\/\/shop.pontiacprintshop.com\/fr\/produit\/t-shirt-retro-the-equity-sable\/#primaryimage"},"image":{"@id":"https:\/\/shop.pontiacprintshop.com\/fr\/produit\/t-shirt-retro-the-equity-sable\/#primaryimage"},"thumbnailUrl":"https:\/\/shop.pontiacprintshop.com\/wp-content\/uploads\/2026\/04\/tshirt-sand.png","datePublished":"2026-04-13T20:23:57+00:00","dateModified":"2026-04-13T22:46:25+00:00","breadcrumb":{"@id":"https:\/\/shop.pontiacprintshop.com\/fr\/produit\/t-shirt-retro-the-equity-sable\/#breadcrumb"},"inLanguage":"fr-FR","potentialAction":[{"@type":"ReadAction","target":["https:\/\/shop.pontiacprintshop.com\/fr\/produit\/t-shirt-retro-the-equity-sable\/"]}]},{"@type":"ImageObject","inLanguage":"fr-FR","@id":"https:\/\/shop.pontiacprintshop.com\/fr\/produit\/t-shirt-retro-the-equity-sable\/#primaryimage","url":"https:\/\/shop.pontiacprintshop.com\/wp-content\/uploads\/2026\/04\/tshirt-sand.png","contentUrl":"https:\/\/shop.pontiacprintshop.com\/wp-content\/uploads\/2026\/04\/tshirt-sand.png","width":1856,"height":2280},{"@type":"BreadcrumbList","@id":"https:\/\/shop.pontiacprintshop.com\/fr\/produit\/t-shirt-retro-the-equity-sable\/#breadcrumb","itemListElement":[{"@type":"ListItem","position":1,"name":"Home","item":"https:\/\/shop.pontiacprintshop.com\/fr\/"},{"@type":"ListItem","position":2,"name":"Boutique","item":"https:\/\/shop.pontiacprintshop.com\/fr\/boutique\/"},{"@type":"ListItem","position":3,"name":"T-shirt r\u00e9tro The Equity (sable)"}]},{"@type":"WebSite","@id":"https:\/\/shop.pontiacprintshop.com\/fr\/#website","url":"https:\/\/shop.pontiacprintshop.com\/fr\/","name":"Impremierie Pontiac Printshop","description":"Serving the Pontiac and entire Ottawa Valley for more than 70 years","publisher":{"@id":"https:\/\/shop.pontiacprintshop.com\/fr\/#organization"},"potentialAction":[{"@type":"SearchAction","target":{"@type":"EntryPoint","urlTemplate":"https:\/\/shop.pontiacprintshop.com\/fr\/?s={search_term_string}"},"query-input":{"@type":"PropertyValueSpecification","valueRequired":true,"valueName":"search_term_string"}}],"inLanguage":"fr-FR"},{"@type":"Organization","@id":"https:\/\/shop.pontiacprintshop.com\/fr\/#organization","name":"Impremierie Pontiac Printshop","url":"https:\/\/shop.pontiacprintshop.com\/fr\/","logo":{"@type":"ImageObject","inLanguage":"fr-FR","@id":"https:\/\/shop.pontiacprintshop.com\/fr\/#\/schema\/logo\/image\/","url":"https:\/\/shop.pontiacprintshop.com\/wp-content\/uploads\/2025\/08\/cropped-pontiac-printshop-green-copy-2.jpg","contentUrl":"https:\/\/shop.pontiacprintshop.com\/wp-content\/uploads\/2025\/08\/cropped-pontiac-printshop-green-copy-2.jpg","width":512,"height":512,"caption":"Impremierie Pontiac Printshop"},"image":{"@id":"https:\/\/shop.pontiacprintshop.com\/fr\/#\/schema\/logo\/image\/"},"sameAs":["https:\/\/www.facebook.com\/profile.php?id=61579208464005"]}]}},"_links":{"self":[{"href":"https:\/\/shop.pontiacprintshop.com\/fr\/wp-json\/wp\/v2\/product\/1365","targetHints":{"allow":["GET"]}}],"collection":[{"href":"https:\/\/shop.pontiacprintshop.com\/fr\/wp-json\/wp\/v2\/product"}],"about":[{"href":"https:\/\/shop.pontiacprintshop.com\/fr\/wp-json\/wp\/v2\/types\/product"}],"replies":[{"embeddable":true,"href":"https:\/\/shop.pontiacprintshop.com\/fr\/wp-json\/wp\/v2\/comments?post=1365"}],"wp:featuredmedia":[{"embeddable":true,"href":"https:\/\/shop.pontiacprintshop.com\/fr\/wp-json\/wp\/v2\/media\/1360"}],"wp:attachment":[{"href":"https:\/\/shop.pontiacprintshop.com\/fr\/wp-json\/wp\/v2\/media?parent=1365"}],"wp:term":[{"taxonomy":"product_brand","embeddable":true,"href":"https:\/\/shop.pontiacprintshop.com\/fr\/wp-json\/wp\/v2\/product_brand?post=1365"},{"taxonomy":"product_cat","embeddable":true,"href":"https:\/\/shop.pontiacprintshop.com\/fr\/wp-json\/wp\/v2\/product_cat?post=1365"},{"taxonomy":"product_tag","embeddable":true,"href":"https:\/\/shop.pontiacprintshop.com\/fr\/wp-json\/wp\/v2\/product_tag?post=1365"}],"curies":[{"name":"wp","href":"https:\/\/api.w.org\/{rel}","templated":true}]}}