{"id":1448,"date":"2026-04-13T21:20:53","date_gmt":"2026-04-14T01:20:53","guid":{"rendered":"https:\/\/shop.pontiacprintshop.com\/product\/tirages-photo-de-the-equity\/"},"modified":"2026-04-13T22:00:13","modified_gmt":"2026-04-14T02:00:13","slug":"tirages-photo-de-the-equity","status":"publish","type":"product","link":"https:\/\/shop.pontiacprintshop.com\/fr\/produit\/tirages-photo-de-the-equity\/","title":{"rendered":"Tirages photo de The Equity"},"content":{"rendered":"<p data-path-to-node=\"9\">Depuis des d\u00e9cennies, <i data-path-to-node=\"9\" data-index-in-node=\"13\">The Equity<\/i> capture les visages, les moments marquants et les paysages de notre communaut\u00e9. Avec plus de 20\u202f000 photos r\u00e9cemment publi\u00e9es et des centaines de milliers d\u2019autres \u00e0 venir, nous voulons vous aider \u00e0 faire sortir ces souvenirs de l\u2019\u00e9cran pour les faire entrer chez vous. <\/p>\n<p data-path-to-node=\"10\">Qu\u2019il s\u2019agisse d\u2019un portrait de famille perdu de vue, d\u2019un moment sportif local embl\u00e9matique ou d\u2019un morceau de l\u2019histoire de Pontiac, nos retirages professionnels garantissent que ces instants dureront pendant des g\u00e9n\u00e9rations.<\/p>\n<p data-path-to-node=\"11\"><b data-path-to-node=\"11\" data-index-in-node=\"0\">Comment \u00e7a fonctionne&nbsp;:<\/b><\/p>\n<ol start=\"1\" data-path-to-node=\"12\">\n<li>\n<p data-path-to-node=\"12,0,0\"><b data-path-to-node=\"12,0,0\" data-index-in-node=\"0\">S\u00e9lectionnez vos options&nbsp;:<\/b> Choisissez ci-dessus le format d\u2019impression et la quantit\u00e9 souhait\u00e9s.<\/p>\n<\/li>\n<li>\n<p data-path-to-node=\"12,1,0\"><b data-path-to-node=\"12,1,0\" data-index-in-node=\"0\">Pr\u00e9payez&nbsp;:<\/b> Finalisez votre achat via notre paiement s\u00e9curis\u00e9.<\/p>\n<\/li>\n<li>\n<p data-path-to-node=\"12,2,0\"><b data-path-to-node=\"12,2,0\" data-index-in-node=\"0\">Confirmation de la photo&nbsp;:<\/b> Une fois votre commande pass\u00e9e, un membre de notre \u00e9quipe vous contactera par courriel ou par t\u00e9l\u00e9phone afin de confirmer pr\u00e9cis\u00e9ment quelle photo de nos archives Facebook ou de notre biblioth\u00e8que vous souhaitez faire imprimer.<\/p>\n<\/li>\n<li>\n<p data-path-to-node=\"12,3,0\"><b data-path-to-node=\"12,3,0\" data-index-in-node=\"0\">Collecte&nbsp;:<\/b><\/p>\n<ul data-path-to-node=\"12,3,1\">\n<li>\n<p data-path-to-node=\"12,3,1,0,0\"><b data-path-to-node=\"12,3,1,0,0\" data-index-in-node=\"0\">Ramassage local&nbsp;:<\/b> Le ramassage gratuit est offert \u00e0 nos bureaux de <b data-path-to-node=\"12,3,1,0,0\" data-index-in-node=\"57\">Shawville<\/b>.<\/p>\n<\/li>\n<li>\n<p data-path-to-node=\"12,3,1,1,0\"><b data-path-to-node=\"12,3,1,1,0\" data-index-in-node=\"0\">Exp\u00e9dition&nbsp;:<\/b> Nous offrons des <b data-path-to-node=\"12,3,1,1,0\" data-index-in-node=\"21\">frais d\u2019exp\u00e9dition forfaitaires de 5&nbsp;$<\/b> partout au Canada.<\/p>\n<\/li>\n<\/ul>\n<\/li>\n<\/ol>\n<p data-path-to-node=\"13\"><b data-path-to-node=\"13\" data-index-in-node=\"0\">D\u00e9tails du produit&nbsp;:<\/b><\/p>\n<ul data-path-to-node=\"14\">\n<li>\n<p data-path-to-node=\"14,0,0\"><b data-path-to-node=\"14,0,0\" data-index-in-node=\"0\">Source :<\/b> Images authentiques issues des archives de <i data-path-to-node=\"14,0,0\" data-index-in-node=\"31\">The Equity<\/i> ou de toute photo r\u00e9cemment publi\u00e9e dans le journal.<\/p>\n<\/li>\n<li>\n<p data-path-to-node=\"14,1,0\"><b data-path-to-node=\"14,1,0\" data-index-in-node=\"0\">Qualit\u00e9&nbsp;:<\/b> Imprim\u00e9 sur papier photo haut de gamme avec des encres de qualit\u00e9 archivistique.<\/p>\n<\/li>\n<li>\n<p data-path-to-node=\"14,2,0\"><b data-path-to-node=\"14,2,0\" data-index-in-node=\"0\">Soutenez le local&nbsp;:<\/b> Chaque achat nous aide \u00e0 poursuivre le travail de num\u00e9risation et de pr\u00e9servation de l\u2019histoire photographique de notre communaut\u00e9.<\/p>\n<\/li>\n<\/ul>\n<blockquote data-path-to-node=\"15\">\n<p data-path-to-node=\"15,0\"><b data-path-to-node=\"15,0\" data-index-in-node=\"0\">Remarque&nbsp;:<\/b> Veuillez vous assurer que les coordonn\u00e9es fournies lors du paiement sont exactes afin que nous puissions vous joindre rapidement pour traiter votre commande&nbsp;!<\/p>\n<\/blockquote>\n","protected":false},"excerpt":{"rendered":"<p>Commandez un tirage physique de haute qualit\u00e9 de toute photo figurant dans les archives num\u00e9riques de <a href=\"https:\/\/www.facebook.com\/groups\/theequitywaywewere\"><em>The Equity<\/em><\/a>. S\u00e9lectionnez simplement votre taille et votre quantit\u00e9 pour pr\u00e9payer ; notre \u00e9quipe vous contactera directement pour confirmer la photo sp\u00e9cifique et coordonner le retrait ou l\u2019exp\u00e9dition.<\/p>\n","protected":false},"featured_media":1474,"comment_status":"closed","ping_status":"closed","template":"","meta":{"_acf_changed":false},"product_brand":[],"product_cat":[85],"product_tag":[],"class_list":{"0":"post-1448","1":"product","2":"type-product","3":"status-publish","4":"has-post-thumbnail","6":"product_cat-photos","8":"first","9":"instock","10":"taxable","11":"shipping-taxable","12":"purchasable","13":"product-type-variable"},"acf":[],"yoast_head":"<!-- This site is optimized with the Yoast SEO plugin v27.3 - https:\/\/yoast.com\/product\/yoast-seo-wordpress\/ -->\n<title>Tirages photo de The Equity - Imprimierie Pontiac Printshop<\/title>\n<meta name=\"robots\" content=\"index, follow, max-snippet:-1, max-image-preview:large, max-video-preview:-1\" \/>\n<link rel=\"canonical\" href=\"https:\/\/shop.pontiacprintshop.com\/fr\/produit\/tirages-photo-de-the-equity\/\" \/>\n<meta property=\"og:locale\" content=\"fr_FR\" \/>\n<meta property=\"og:type\" content=\"article\" \/>\n<meta property=\"og:title\" content=\"Tirages photo de The Equity - Imprimierie Pontiac Printshop\" \/>\n<meta property=\"og:description\" content=\"Commandez un tirage physique de haute qualit\u00e9 de toute photo figurant dans les archives num\u00e9riques de The Equity. S\u00e9lectionnez simplement votre taille et votre quantit\u00e9 pour pr\u00e9payer ; notre \u00e9quipe vous contactera directement pour confirmer la photo sp\u00e9cifique et coordonner le retrait ou l\u2019exp\u00e9dition.\" \/>\n<meta property=\"og:url\" content=\"https:\/\/shop.pontiacprintshop.com\/fr\/produit\/tirages-photo-de-the-equity\/\" \/>\n<meta property=\"og:site_name\" content=\"Imprimierie Pontiac Printshop\" \/>\n<meta property=\"article:publisher\" content=\"https:\/\/www.facebook.com\/profile.php?id=61579208464005\" \/>\n<meta property=\"article:modified_time\" content=\"2026-04-14T02:00:13+00:00\" \/>\n<meta property=\"og:image\" content=\"https:\/\/shop.pontiacprintshop.com\/wp-content\/uploads\/2026\/04\/photo-reprints.webp\" \/>\n\t<meta property=\"og:image:width\" content=\"2560\" \/>\n\t<meta property=\"og:image:height\" content=\"1707\" \/>\n\t<meta property=\"og:image:type\" content=\"image\/webp\" \/>\n<meta name=\"twitter:card\" content=\"summary_large_image\" \/>\n<meta name=\"twitter:label1\" content=\"Dur\u00e9e de lecture estim\u00e9e\" \/>\n\t<meta name=\"twitter:data1\" content=\"1 minute\" \/>\n<script type=\"application\/ld+json\" class=\"yoast-schema-graph\">{\"@context\":\"https:\\\/\\\/schema.org\",\"@graph\":[{\"@type\":\"WebPage\",\"@id\":\"https:\\\/\\\/shop.pontiacprintshop.com\\\/fr\\\/produit\\\/tirages-photo-de-the-equity\\\/\",\"url\":\"https:\\\/\\\/shop.pontiacprintshop.com\\\/fr\\\/produit\\\/tirages-photo-de-the-equity\\\/\",\"name\":\"Tirages photo de The Equity - Imprimierie Pontiac Printshop\",\"isPartOf\":{\"@id\":\"https:\\\/\\\/shop.pontiacprintshop.com\\\/fr\\\/#website\"},\"primaryImageOfPage\":{\"@id\":\"https:\\\/\\\/shop.pontiacprintshop.com\\\/fr\\\/produit\\\/tirages-photo-de-the-equity\\\/#primaryimage\"},\"image\":{\"@id\":\"https:\\\/\\\/shop.pontiacprintshop.com\\\/fr\\\/produit\\\/tirages-photo-de-the-equity\\\/#primaryimage\"},\"thumbnailUrl\":\"https:\\\/\\\/shop.pontiacprintshop.com\\\/wp-content\\\/uploads\\\/2026\\\/04\\\/photo-reprints.webp\",\"datePublished\":\"2026-04-14T01:20:53+00:00\",\"dateModified\":\"2026-04-14T02:00:13+00:00\",\"breadcrumb\":{\"@id\":\"https:\\\/\\\/shop.pontiacprintshop.com\\\/fr\\\/produit\\\/tirages-photo-de-the-equity\\\/#breadcrumb\"},\"inLanguage\":\"fr-FR\",\"potentialAction\":[{\"@type\":\"ReadAction\",\"target\":[\"https:\\\/\\\/shop.pontiacprintshop.com\\\/fr\\\/produit\\\/tirages-photo-de-the-equity\\\/\"]}]},{\"@type\":\"ImageObject\",\"inLanguage\":\"fr-FR\",\"@id\":\"https:\\\/\\\/shop.pontiacprintshop.com\\\/fr\\\/produit\\\/tirages-photo-de-the-equity\\\/#primaryimage\",\"url\":\"https:\\\/\\\/shop.pontiacprintshop.com\\\/wp-content\\\/uploads\\\/2026\\\/04\\\/photo-reprints.webp\",\"contentUrl\":\"https:\\\/\\\/shop.pontiacprintshop.com\\\/wp-content\\\/uploads\\\/2026\\\/04\\\/photo-reprints.webp\",\"width\":2560,\"height\":1707},{\"@type\":\"BreadcrumbList\",\"@id\":\"https:\\\/\\\/shop.pontiacprintshop.com\\\/fr\\\/produit\\\/tirages-photo-de-the-equity\\\/#breadcrumb\",\"itemListElement\":[{\"@type\":\"ListItem\",\"position\":1,\"name\":\"Home\",\"item\":\"https:\\\/\\\/shop.pontiacprintshop.com\\\/fr\\\/\"},{\"@type\":\"ListItem\",\"position\":2,\"name\":\"Boutique\",\"item\":\"https:\\\/\\\/shop.pontiacprintshop.com\\\/fr\\\/boutique\\\/\"},{\"@type\":\"ListItem\",\"position\":3,\"name\":\"Tirages photo de The Equity\"}]},{\"@type\":\"WebSite\",\"@id\":\"https:\\\/\\\/shop.pontiacprintshop.com\\\/fr\\\/#website\",\"url\":\"https:\\\/\\\/shop.pontiacprintshop.com\\\/fr\\\/\",\"name\":\"Impremierie Pontiac Printshop\",\"description\":\"Serving the Pontiac and entire Ottawa Valley for more than 70 years\",\"publisher\":{\"@id\":\"https:\\\/\\\/shop.pontiacprintshop.com\\\/fr\\\/#organization\"},\"potentialAction\":[{\"@type\":\"SearchAction\",\"target\":{\"@type\":\"EntryPoint\",\"urlTemplate\":\"https:\\\/\\\/shop.pontiacprintshop.com\\\/fr\\\/?s={search_term_string}\"},\"query-input\":{\"@type\":\"PropertyValueSpecification\",\"valueRequired\":true,\"valueName\":\"search_term_string\"}}],\"inLanguage\":\"fr-FR\"},{\"@type\":\"Organization\",\"@id\":\"https:\\\/\\\/shop.pontiacprintshop.com\\\/fr\\\/#organization\",\"name\":\"Impremierie Pontiac Printshop\",\"url\":\"https:\\\/\\\/shop.pontiacprintshop.com\\\/fr\\\/\",\"logo\":{\"@type\":\"ImageObject\",\"inLanguage\":\"fr-FR\",\"@id\":\"https:\\\/\\\/shop.pontiacprintshop.com\\\/fr\\\/#\\\/schema\\\/logo\\\/image\\\/\",\"url\":\"https:\\\/\\\/shop.pontiacprintshop.com\\\/wp-content\\\/uploads\\\/2025\\\/08\\\/cropped-pontiac-printshop-green-copy-2.jpg\",\"contentUrl\":\"https:\\\/\\\/shop.pontiacprintshop.com\\\/wp-content\\\/uploads\\\/2025\\\/08\\\/cropped-pontiac-printshop-green-copy-2.jpg\",\"width\":512,\"height\":512,\"caption\":\"Impremierie Pontiac Printshop\"},\"image\":{\"@id\":\"https:\\\/\\\/shop.pontiacprintshop.com\\\/fr\\\/#\\\/schema\\\/logo\\\/image\\\/\"},\"sameAs\":[\"https:\\\/\\\/www.facebook.com\\\/profile.php?id=61579208464005\"]}]}<\/script>\n<!-- \/ Yoast SEO plugin. -->","yoast_head_json":{"title":"Tirages photo de The Equity - Imprimierie Pontiac Printshop","robots":{"index":"index","follow":"follow","max-snippet":"max-snippet:-1","max-image-preview":"max-image-preview:large","max-video-preview":"max-video-preview:-1"},"canonical":"https:\/\/shop.pontiacprintshop.com\/fr\/produit\/tirages-photo-de-the-equity\/","og_locale":"fr_FR","og_type":"article","og_title":"Tirages photo de The Equity - Imprimierie Pontiac Printshop","og_description":"Commandez un tirage physique de haute qualit\u00e9 de toute photo figurant dans les archives num\u00e9riques de The Equity. S\u00e9lectionnez simplement votre taille et votre quantit\u00e9 pour pr\u00e9payer ; notre \u00e9quipe vous contactera directement pour confirmer la photo sp\u00e9cifique et coordonner le retrait ou l\u2019exp\u00e9dition.","og_url":"https:\/\/shop.pontiacprintshop.com\/fr\/produit\/tirages-photo-de-the-equity\/","og_site_name":"Imprimierie Pontiac Printshop","article_publisher":"https:\/\/www.facebook.com\/profile.php?id=61579208464005","article_modified_time":"2026-04-14T02:00:13+00:00","og_image":[{"width":2560,"height":1707,"url":"https:\/\/shop.pontiacprintshop.com\/wp-content\/uploads\/2026\/04\/photo-reprints.webp","type":"image\/webp"}],"twitter_card":"summary_large_image","twitter_misc":{"Dur\u00e9e de lecture estim\u00e9e":"1 minute"},"schema":{"@context":"https:\/\/schema.org","@graph":[{"@type":"WebPage","@id":"https:\/\/shop.pontiacprintshop.com\/fr\/produit\/tirages-photo-de-the-equity\/","url":"https:\/\/shop.pontiacprintshop.com\/fr\/produit\/tirages-photo-de-the-equity\/","name":"Tirages photo de The Equity - Imprimierie Pontiac Printshop","isPartOf":{"@id":"https:\/\/shop.pontiacprintshop.com\/fr\/#website"},"primaryImageOfPage":{"@id":"https:\/\/shop.pontiacprintshop.com\/fr\/produit\/tirages-photo-de-the-equity\/#primaryimage"},"image":{"@id":"https:\/\/shop.pontiacprintshop.com\/fr\/produit\/tirages-photo-de-the-equity\/#primaryimage"},"thumbnailUrl":"https:\/\/shop.pontiacprintshop.com\/wp-content\/uploads\/2026\/04\/photo-reprints.webp","datePublished":"2026-04-14T01:20:53+00:00","dateModified":"2026-04-14T02:00:13+00:00","breadcrumb":{"@id":"https:\/\/shop.pontiacprintshop.com\/fr\/produit\/tirages-photo-de-the-equity\/#breadcrumb"},"inLanguage":"fr-FR","potentialAction":[{"@type":"ReadAction","target":["https:\/\/shop.pontiacprintshop.com\/fr\/produit\/tirages-photo-de-the-equity\/"]}]},{"@type":"ImageObject","inLanguage":"fr-FR","@id":"https:\/\/shop.pontiacprintshop.com\/fr\/produit\/tirages-photo-de-the-equity\/#primaryimage","url":"https:\/\/shop.pontiacprintshop.com\/wp-content\/uploads\/2026\/04\/photo-reprints.webp","contentUrl":"https:\/\/shop.pontiacprintshop.com\/wp-content\/uploads\/2026\/04\/photo-reprints.webp","width":2560,"height":1707},{"@type":"BreadcrumbList","@id":"https:\/\/shop.pontiacprintshop.com\/fr\/produit\/tirages-photo-de-the-equity\/#breadcrumb","itemListElement":[{"@type":"ListItem","position":1,"name":"Home","item":"https:\/\/shop.pontiacprintshop.com\/fr\/"},{"@type":"ListItem","position":2,"name":"Boutique","item":"https:\/\/shop.pontiacprintshop.com\/fr\/boutique\/"},{"@type":"ListItem","position":3,"name":"Tirages photo de The Equity"}]},{"@type":"WebSite","@id":"https:\/\/shop.pontiacprintshop.com\/fr\/#website","url":"https:\/\/shop.pontiacprintshop.com\/fr\/","name":"Impremierie Pontiac Printshop","description":"Serving the Pontiac and entire Ottawa Valley for more than 70 years","publisher":{"@id":"https:\/\/shop.pontiacprintshop.com\/fr\/#organization"},"potentialAction":[{"@type":"SearchAction","target":{"@type":"EntryPoint","urlTemplate":"https:\/\/shop.pontiacprintshop.com\/fr\/?s={search_term_string}"},"query-input":{"@type":"PropertyValueSpecification","valueRequired":true,"valueName":"search_term_string"}}],"inLanguage":"fr-FR"},{"@type":"Organization","@id":"https:\/\/shop.pontiacprintshop.com\/fr\/#organization","name":"Impremierie Pontiac Printshop","url":"https:\/\/shop.pontiacprintshop.com\/fr\/","logo":{"@type":"ImageObject","inLanguage":"fr-FR","@id":"https:\/\/shop.pontiacprintshop.com\/fr\/#\/schema\/logo\/image\/","url":"https:\/\/shop.pontiacprintshop.com\/wp-content\/uploads\/2025\/08\/cropped-pontiac-printshop-green-copy-2.jpg","contentUrl":"https:\/\/shop.pontiacprintshop.com\/wp-content\/uploads\/2025\/08\/cropped-pontiac-printshop-green-copy-2.jpg","width":512,"height":512,"caption":"Impremierie Pontiac Printshop"},"image":{"@id":"https:\/\/shop.pontiacprintshop.com\/fr\/#\/schema\/logo\/image\/"},"sameAs":["https:\/\/www.facebook.com\/profile.php?id=61579208464005"]}]}},"_links":{"self":[{"href":"https:\/\/shop.pontiacprintshop.com\/fr\/wp-json\/wp\/v2\/product\/1448","targetHints":{"allow":["GET"]}}],"collection":[{"href":"https:\/\/shop.pontiacprintshop.com\/fr\/wp-json\/wp\/v2\/product"}],"about":[{"href":"https:\/\/shop.pontiacprintshop.com\/fr\/wp-json\/wp\/v2\/types\/product"}],"replies":[{"embeddable":true,"href":"https:\/\/shop.pontiacprintshop.com\/fr\/wp-json\/wp\/v2\/comments?post=1448"}],"wp:featuredmedia":[{"embeddable":true,"href":"https:\/\/shop.pontiacprintshop.com\/fr\/wp-json\/wp\/v2\/media\/1474"}],"wp:attachment":[{"href":"https:\/\/shop.pontiacprintshop.com\/fr\/wp-json\/wp\/v2\/media?parent=1448"}],"wp:term":[{"taxonomy":"product_brand","embeddable":true,"href":"https:\/\/shop.pontiacprintshop.com\/fr\/wp-json\/wp\/v2\/product_brand?post=1448"},{"taxonomy":"product_cat","embeddable":true,"href":"https:\/\/shop.pontiacprintshop.com\/fr\/wp-json\/wp\/v2\/product_cat?post=1448"},{"taxonomy":"product_tag","embeddable":true,"href":"https:\/\/shop.pontiacprintshop.com\/fr\/wp-json\/wp\/v2\/product_tag?post=1448"}],"curies":[{"name":"wp","href":"https:\/\/api.w.org\/{rel}","templated":true}]}}