{"id":718,"date":"2025-05-18T16:14:40","date_gmt":"2025-05-18T16:14:40","guid":{"rendered":"https:\/\/shop.pontiacprintshop.com\/product\/le-sentier-vous-appelle-100-ans-de-ski-de-fond-dans-la-gatineau\/"},"modified":"2025-05-18T16:14:40","modified_gmt":"2025-05-18T16:14:40","slug":"le-sentier-vous-appelle-100-ans-de-ski-de-fond-dans-la-gatineau","status":"publish","type":"product","link":"https:\/\/shop.pontiacprintshop.com\/fr\/produit\/le-sentier-vous-appelle-100-ans-de-ski-de-fond-dans-la-gatineau\/","title":{"rendered":"Le sentier vous appelle &#8211; 100 ans de ski de fond dans la Gatineau"},"content":{"rendered":"<p>Des milliers de personnes profitent du ski sur les sentiers de la Gatineau chaque hiver et des milliers d&rsquo;autres randonnent sur bon nombre de ces m\u00eames sentiers. Nous le faisons depuis 100 ans.<\/p>\n<p>Rencontrez les constructeurs originaux des sentiers dans les ann\u00e9es 1920, Charles Mortureux et Joe Morin, et les sentiers qu&rsquo;ils ont cr\u00e9\u00e9s : Le Western, La Petite Suisse, Highland et Merry Go Round. D\u00e9couvrez les nombreuses histoires qui s&rsquo;y rattachent ; comment le stationnement Penquin a obtenu son nom, comment Camp Fortune est devenu le centre du r\u00e9seau de sentiers bien avant l&rsquo;\u00e9tablissement du parc de la Gatineau en 1938.<\/p>\n<p>Saviez-vous qu&rsquo;il fut un temps o\u00f9 le lac Fortune \u00e9tait beaucoup plus petit et \u00e9tait un endroit populaire pour la baignade ?<\/p>\n<p>Ayant ski\u00e9 dans le parc depuis 1957, alors qu&rsquo;il avait sept ans et skiait jusqu&rsquo;au refuge Keogan, Malcolm Hunter a de nombreuses exp\u00e9riences \u00e0 partager. Rejoignez-le en skiant ou en randonnant le long des c\u00e9l\u00e8bres chemins Ridge et Pine.<\/p>\n<p>Tous ces sentiers vous invitent \u00e0 les appr\u00e9cier, \u00e0 les exp\u00e9rimenter et \u00e0 en apprendre davantage sur eux. Vous passerez un excellent moment \u00e0 lire ce livre et, mieux encore, vous explorerez le parc avec une nouvelle perspective.<\/p>\n","protected":false},"excerpt":{"rendered":"<p>Des milliers de personnes profitent du ski sur les sentiers de la Gatineau chaque hiver et des milliers d&rsquo;autres randonnent sur bon nombre de ces m\u00eames sentiers. Nous le faisons depuis 100 ans.<\/p>\n","protected":false},"featured_media":225,"comment_status":"open","ping_status":"closed","template":"","meta":{"_acf_changed":false},"product_brand":[29],"product_cat":[47],"product_tag":[],"class_list":{"0":"post-718","1":"product","2":"type-product","3":"status-publish","4":"has-post-thumbnail","6":"product_brand-the-equity","7":"product_cat-livres","9":"first","10":"instock","11":"sale","12":"taxable","13":"shipping-taxable","14":"purchasable","15":"product-type-simple"},"acf":[],"yoast_head":"<!-- This site is optimized with the Yoast SEO plugin v27.3 - https:\/\/yoast.com\/product\/yoast-seo-wordpress\/ -->\n<title>Le sentier vous appelle - 100 ans de ski de fond dans la Gatineau - Imprimierie Pontiac Printshop<\/title>\n<meta name=\"robots\" content=\"index, follow, max-snippet:-1, max-image-preview:large, max-video-preview:-1\" \/>\n<link rel=\"canonical\" href=\"https:\/\/shop.pontiacprintshop.com\/fr\/produit\/le-sentier-vous-appelle-100-ans-de-ski-de-fond-dans-la-gatineau\/\" \/>\n<meta property=\"og:locale\" content=\"fr_FR\" \/>\n<meta property=\"og:type\" content=\"article\" \/>\n<meta property=\"og:title\" content=\"Le sentier vous appelle - 100 ans de ski de fond dans la Gatineau - Imprimierie Pontiac Printshop\" \/>\n<meta property=\"og:description\" content=\"Des milliers de personnes profitent du ski sur les sentiers de la Gatineau chaque hiver et des milliers d&#039;autres randonnent sur bon nombre de ces m\u00eames sentiers. Nous le faisons depuis 100 ans.\" \/>\n<meta property=\"og:url\" content=\"https:\/\/shop.pontiacprintshop.com\/fr\/produit\/le-sentier-vous-appelle-100-ans-de-ski-de-fond-dans-la-gatineau\/\" \/>\n<meta property=\"og:site_name\" content=\"Imprimierie Pontiac Printshop\" \/>\n<meta property=\"article:publisher\" content=\"https:\/\/www.facebook.com\/profile.php?id=61579208464005\" \/>\n<meta property=\"og:image\" content=\"https:\/\/shop.pontiacprintshop.com\/wp-content\/uploads\/2025\/05\/the-trail-beckons.jpg\" \/>\n\t<meta property=\"og:image:width\" content=\"667\" \/>\n\t<meta property=\"og:image:height\" content=\"1000\" \/>\n\t<meta property=\"og:image:type\" content=\"image\/jpeg\" \/>\n<meta name=\"twitter:card\" content=\"summary_large_image\" \/>\n<meta name=\"twitter:label1\" content=\"Dur\u00e9e de lecture estim\u00e9e\" \/>\n\t<meta name=\"twitter:data1\" content=\"1 minute\" \/>\n<script type=\"application\/ld+json\" class=\"yoast-schema-graph\">{\"@context\":\"https:\\\/\\\/schema.org\",\"@graph\":[{\"@type\":\"WebPage\",\"@id\":\"https:\\\/\\\/shop.pontiacprintshop.com\\\/fr\\\/produit\\\/le-sentier-vous-appelle-100-ans-de-ski-de-fond-dans-la-gatineau\\\/\",\"url\":\"https:\\\/\\\/shop.pontiacprintshop.com\\\/fr\\\/produit\\\/le-sentier-vous-appelle-100-ans-de-ski-de-fond-dans-la-gatineau\\\/\",\"name\":\"Le sentier vous appelle - 100 ans de ski de fond dans la Gatineau - Imprimierie Pontiac Printshop\",\"isPartOf\":{\"@id\":\"https:\\\/\\\/shop.pontiacprintshop.com\\\/fr\\\/#website\"},\"primaryImageOfPage\":{\"@id\":\"https:\\\/\\\/shop.pontiacprintshop.com\\\/fr\\\/produit\\\/le-sentier-vous-appelle-100-ans-de-ski-de-fond-dans-la-gatineau\\\/#primaryimage\"},\"image\":{\"@id\":\"https:\\\/\\\/shop.pontiacprintshop.com\\\/fr\\\/produit\\\/le-sentier-vous-appelle-100-ans-de-ski-de-fond-dans-la-gatineau\\\/#primaryimage\"},\"thumbnailUrl\":\"https:\\\/\\\/shop.pontiacprintshop.com\\\/wp-content\\\/uploads\\\/2025\\\/05\\\/the-trail-beckons.jpg\",\"datePublished\":\"2025-05-18T16:14:40+00:00\",\"breadcrumb\":{\"@id\":\"https:\\\/\\\/shop.pontiacprintshop.com\\\/fr\\\/produit\\\/le-sentier-vous-appelle-100-ans-de-ski-de-fond-dans-la-gatineau\\\/#breadcrumb\"},\"inLanguage\":\"fr-FR\",\"potentialAction\":[{\"@type\":\"ReadAction\",\"target\":[\"https:\\\/\\\/shop.pontiacprintshop.com\\\/fr\\\/produit\\\/le-sentier-vous-appelle-100-ans-de-ski-de-fond-dans-la-gatineau\\\/\"]}]},{\"@type\":\"ImageObject\",\"inLanguage\":\"fr-FR\",\"@id\":\"https:\\\/\\\/shop.pontiacprintshop.com\\\/fr\\\/produit\\\/le-sentier-vous-appelle-100-ans-de-ski-de-fond-dans-la-gatineau\\\/#primaryimage\",\"url\":\"https:\\\/\\\/shop.pontiacprintshop.com\\\/wp-content\\\/uploads\\\/2025\\\/05\\\/the-trail-beckons.jpg\",\"contentUrl\":\"https:\\\/\\\/shop.pontiacprintshop.com\\\/wp-content\\\/uploads\\\/2025\\\/05\\\/the-trail-beckons.jpg\",\"width\":667,\"height\":1000,\"caption\":\"The Trail Beckons\"},{\"@type\":\"BreadcrumbList\",\"@id\":\"https:\\\/\\\/shop.pontiacprintshop.com\\\/fr\\\/produit\\\/le-sentier-vous-appelle-100-ans-de-ski-de-fond-dans-la-gatineau\\\/#breadcrumb\",\"itemListElement\":[{\"@type\":\"ListItem\",\"position\":1,\"name\":\"Home\",\"item\":\"https:\\\/\\\/shop.pontiacprintshop.com\\\/fr\\\/\"},{\"@type\":\"ListItem\",\"position\":2,\"name\":\"Boutique\",\"item\":\"https:\\\/\\\/shop.pontiacprintshop.com\\\/fr\\\/boutique\\\/\"},{\"@type\":\"ListItem\",\"position\":3,\"name\":\"Le sentier vous appelle &#8211; 100 ans de ski de fond dans la Gatineau\"}]},{\"@type\":\"WebSite\",\"@id\":\"https:\\\/\\\/shop.pontiacprintshop.com\\\/fr\\\/#website\",\"url\":\"https:\\\/\\\/shop.pontiacprintshop.com\\\/fr\\\/\",\"name\":\"Impremierie Pontiac Printshop\",\"description\":\"Serving the Pontiac and entire Ottawa Valley for more than 70 years\",\"publisher\":{\"@id\":\"https:\\\/\\\/shop.pontiacprintshop.com\\\/fr\\\/#organization\"},\"potentialAction\":[{\"@type\":\"SearchAction\",\"target\":{\"@type\":\"EntryPoint\",\"urlTemplate\":\"https:\\\/\\\/shop.pontiacprintshop.com\\\/fr\\\/?s={search_term_string}\"},\"query-input\":{\"@type\":\"PropertyValueSpecification\",\"valueRequired\":true,\"valueName\":\"search_term_string\"}}],\"inLanguage\":\"fr-FR\"},{\"@type\":\"Organization\",\"@id\":\"https:\\\/\\\/shop.pontiacprintshop.com\\\/fr\\\/#organization\",\"name\":\"Impremierie Pontiac Printshop\",\"url\":\"https:\\\/\\\/shop.pontiacprintshop.com\\\/fr\\\/\",\"logo\":{\"@type\":\"ImageObject\",\"inLanguage\":\"fr-FR\",\"@id\":\"https:\\\/\\\/shop.pontiacprintshop.com\\\/fr\\\/#\\\/schema\\\/logo\\\/image\\\/\",\"url\":\"https:\\\/\\\/shop.pontiacprintshop.com\\\/wp-content\\\/uploads\\\/2025\\\/08\\\/cropped-pontiac-printshop-green-copy-2.jpg\",\"contentUrl\":\"https:\\\/\\\/shop.pontiacprintshop.com\\\/wp-content\\\/uploads\\\/2025\\\/08\\\/cropped-pontiac-printshop-green-copy-2.jpg\",\"width\":512,\"height\":512,\"caption\":\"Impremierie Pontiac Printshop\"},\"image\":{\"@id\":\"https:\\\/\\\/shop.pontiacprintshop.com\\\/fr\\\/#\\\/schema\\\/logo\\\/image\\\/\"},\"sameAs\":[\"https:\\\/\\\/www.facebook.com\\\/profile.php?id=61579208464005\"]}]}<\/script>\n<!-- \/ Yoast SEO plugin. -->","yoast_head_json":{"title":"Le sentier vous appelle - 100 ans de ski de fond dans la Gatineau - Imprimierie Pontiac Printshop","robots":{"index":"index","follow":"follow","max-snippet":"max-snippet:-1","max-image-preview":"max-image-preview:large","max-video-preview":"max-video-preview:-1"},"canonical":"https:\/\/shop.pontiacprintshop.com\/fr\/produit\/le-sentier-vous-appelle-100-ans-de-ski-de-fond-dans-la-gatineau\/","og_locale":"fr_FR","og_type":"article","og_title":"Le sentier vous appelle - 100 ans de ski de fond dans la Gatineau - Imprimierie Pontiac Printshop","og_description":"Des milliers de personnes profitent du ski sur les sentiers de la Gatineau chaque hiver et des milliers d'autres randonnent sur bon nombre de ces m\u00eames sentiers. Nous le faisons depuis 100 ans.","og_url":"https:\/\/shop.pontiacprintshop.com\/fr\/produit\/le-sentier-vous-appelle-100-ans-de-ski-de-fond-dans-la-gatineau\/","og_site_name":"Imprimierie Pontiac Printshop","article_publisher":"https:\/\/www.facebook.com\/profile.php?id=61579208464005","og_image":[{"width":667,"height":1000,"url":"https:\/\/shop.pontiacprintshop.com\/wp-content\/uploads\/2025\/05\/the-trail-beckons.jpg","type":"image\/jpeg"}],"twitter_card":"summary_large_image","twitter_misc":{"Dur\u00e9e de lecture estim\u00e9e":"1 minute"},"schema":{"@context":"https:\/\/schema.org","@graph":[{"@type":"WebPage","@id":"https:\/\/shop.pontiacprintshop.com\/fr\/produit\/le-sentier-vous-appelle-100-ans-de-ski-de-fond-dans-la-gatineau\/","url":"https:\/\/shop.pontiacprintshop.com\/fr\/produit\/le-sentier-vous-appelle-100-ans-de-ski-de-fond-dans-la-gatineau\/","name":"Le sentier vous appelle - 100 ans de ski de fond dans la Gatineau - Imprimierie Pontiac Printshop","isPartOf":{"@id":"https:\/\/shop.pontiacprintshop.com\/fr\/#website"},"primaryImageOfPage":{"@id":"https:\/\/shop.pontiacprintshop.com\/fr\/produit\/le-sentier-vous-appelle-100-ans-de-ski-de-fond-dans-la-gatineau\/#primaryimage"},"image":{"@id":"https:\/\/shop.pontiacprintshop.com\/fr\/produit\/le-sentier-vous-appelle-100-ans-de-ski-de-fond-dans-la-gatineau\/#primaryimage"},"thumbnailUrl":"https:\/\/shop.pontiacprintshop.com\/wp-content\/uploads\/2025\/05\/the-trail-beckons.jpg","datePublished":"2025-05-18T16:14:40+00:00","breadcrumb":{"@id":"https:\/\/shop.pontiacprintshop.com\/fr\/produit\/le-sentier-vous-appelle-100-ans-de-ski-de-fond-dans-la-gatineau\/#breadcrumb"},"inLanguage":"fr-FR","potentialAction":[{"@type":"ReadAction","target":["https:\/\/shop.pontiacprintshop.com\/fr\/produit\/le-sentier-vous-appelle-100-ans-de-ski-de-fond-dans-la-gatineau\/"]}]},{"@type":"ImageObject","inLanguage":"fr-FR","@id":"https:\/\/shop.pontiacprintshop.com\/fr\/produit\/le-sentier-vous-appelle-100-ans-de-ski-de-fond-dans-la-gatineau\/#primaryimage","url":"https:\/\/shop.pontiacprintshop.com\/wp-content\/uploads\/2025\/05\/the-trail-beckons.jpg","contentUrl":"https:\/\/shop.pontiacprintshop.com\/wp-content\/uploads\/2025\/05\/the-trail-beckons.jpg","width":667,"height":1000,"caption":"The Trail Beckons"},{"@type":"BreadcrumbList","@id":"https:\/\/shop.pontiacprintshop.com\/fr\/produit\/le-sentier-vous-appelle-100-ans-de-ski-de-fond-dans-la-gatineau\/#breadcrumb","itemListElement":[{"@type":"ListItem","position":1,"name":"Home","item":"https:\/\/shop.pontiacprintshop.com\/fr\/"},{"@type":"ListItem","position":2,"name":"Boutique","item":"https:\/\/shop.pontiacprintshop.com\/fr\/boutique\/"},{"@type":"ListItem","position":3,"name":"Le sentier vous appelle &#8211; 100 ans de ski de fond dans la Gatineau"}]},{"@type":"WebSite","@id":"https:\/\/shop.pontiacprintshop.com\/fr\/#website","url":"https:\/\/shop.pontiacprintshop.com\/fr\/","name":"Impremierie Pontiac Printshop","description":"Serving the Pontiac and entire Ottawa Valley for more than 70 years","publisher":{"@id":"https:\/\/shop.pontiacprintshop.com\/fr\/#organization"},"potentialAction":[{"@type":"SearchAction","target":{"@type":"EntryPoint","urlTemplate":"https:\/\/shop.pontiacprintshop.com\/fr\/?s={search_term_string}"},"query-input":{"@type":"PropertyValueSpecification","valueRequired":true,"valueName":"search_term_string"}}],"inLanguage":"fr-FR"},{"@type":"Organization","@id":"https:\/\/shop.pontiacprintshop.com\/fr\/#organization","name":"Impremierie Pontiac Printshop","url":"https:\/\/shop.pontiacprintshop.com\/fr\/","logo":{"@type":"ImageObject","inLanguage":"fr-FR","@id":"https:\/\/shop.pontiacprintshop.com\/fr\/#\/schema\/logo\/image\/","url":"https:\/\/shop.pontiacprintshop.com\/wp-content\/uploads\/2025\/08\/cropped-pontiac-printshop-green-copy-2.jpg","contentUrl":"https:\/\/shop.pontiacprintshop.com\/wp-content\/uploads\/2025\/08\/cropped-pontiac-printshop-green-copy-2.jpg","width":512,"height":512,"caption":"Impremierie Pontiac Printshop"},"image":{"@id":"https:\/\/shop.pontiacprintshop.com\/fr\/#\/schema\/logo\/image\/"},"sameAs":["https:\/\/www.facebook.com\/profile.php?id=61579208464005"]}]}},"_links":{"self":[{"href":"https:\/\/shop.pontiacprintshop.com\/fr\/wp-json\/wp\/v2\/product\/718","targetHints":{"allow":["GET"]}}],"collection":[{"href":"https:\/\/shop.pontiacprintshop.com\/fr\/wp-json\/wp\/v2\/product"}],"about":[{"href":"https:\/\/shop.pontiacprintshop.com\/fr\/wp-json\/wp\/v2\/types\/product"}],"replies":[{"embeddable":true,"href":"https:\/\/shop.pontiacprintshop.com\/fr\/wp-json\/wp\/v2\/comments?post=718"}],"wp:featuredmedia":[{"embeddable":true,"href":"https:\/\/shop.pontiacprintshop.com\/fr\/wp-json\/wp\/v2\/media\/225"}],"wp:attachment":[{"href":"https:\/\/shop.pontiacprintshop.com\/fr\/wp-json\/wp\/v2\/media?parent=718"}],"wp:term":[{"taxonomy":"product_brand","embeddable":true,"href":"https:\/\/shop.pontiacprintshop.com\/fr\/wp-json\/wp\/v2\/product_brand?post=718"},{"taxonomy":"product_cat","embeddable":true,"href":"https:\/\/shop.pontiacprintshop.com\/fr\/wp-json\/wp\/v2\/product_cat?post=718"},{"taxonomy":"product_tag","embeddable":true,"href":"https:\/\/shop.pontiacprintshop.com\/fr\/wp-json\/wp\/v2\/product_tag?post=718"}],"curies":[{"name":"wp","href":"https:\/\/api.w.org\/{rel}","templated":true}]}}