{"id":722,"date":"2025-05-18T16:29:32","date_gmt":"2025-05-18T20:29:32","guid":{"rendered":"https:\/\/shop.pontiacprintshop.com\/product\/hoodwinked-lespion-qui-nest-pas-mort\/"},"modified":"2026-04-13T18:48:57","modified_gmt":"2026-04-13T22:48:57","slug":"hoodwinked-lespion-qui-nest-pas-mort","status":"publish","type":"product","link":"https:\/\/shop.pontiacprintshop.com\/fr\/produit\/hoodwinked-lespion-qui-nest-pas-mort\/","title":{"rendered":"Bern\u00e9 \u2013 L\u2019espion qui n\u2019est pas mort"},"content":{"rendered":"<p>La voix sur les enregistrements est celle d\u2019un vieil homme que nous croyons tous mort. Son histoire incroyable nous emporte dans une course en hors-bord fascinante et captivante, si totalement cr\u00e9dible que les lecteurs se demandent ce qui est r\u00e9el et ce qui ne l\u2019est pas. En fait, nombre des \u00e9v\u00e9nements relat\u00e9s ici sont vrais. Beaucoup des personnages du livre sont r\u00e9els. Le narrateur du livre d\u00e9crit une \u00e9vasion dramatique du ghetto de Minsk pendant la Seconde Guerre mondiale, une course-poursuite avec des tueurs \u00e0 travers l\u2019Am\u00e9rique du Nord, des meurtres, des trahisons et des \u00e9bats amoureux ensoleill\u00e9s sur les plages des Bahamas. Ceci est un myst\u00e8re d\u2019espionnage comme vous n\u2019en avez jamais lu auparavant. Les faits connus sont identifi\u00e9s par l\u2019auteur \u2013 le reste, c\u2019est \u00e0 vous de d\u00e9cider !<\/p>\n<p>Le Premier ministre canadien Mackenzie King est-il all\u00e9 dans sa tombe avec un terrible secret ? Il manque deux mois \u00e0 ses journaux m\u00e9ticuleusement tenus. Ces deux mois myst\u00e9rieusement manquants ont-ils r\u00e9v\u00e9l\u00e9 l\u2019histoire d\u2019une fraude gigantesque qui a lanc\u00e9 la Guerre froide ?<\/p>\n<p>Un m\u00e9lange fascinant, palpitant et haletant de faits et de fiction qui laisse la plupart des lecteurs se demander si, cette fois, Lowell a d\u00e9couvert l\u2019un des myst\u00e8res les plus intrigants du XXe si\u00e8cle. Bern\u00e9 vous emm\u00e8ne dans des montagnes russes d\u2019\u00e9motions. L\u2019\u00e9criture est claire, nette et concise ; la recherche vous fera secouer la t\u00eate et vous demander : \u00ab Tout cela pourrait-il \u00eatre vrai ? \u00bb<\/p>\n<p>Couverture rigide<\/p>\n","protected":false},"excerpt":{"rendered":"<p>Bern\u00e9 \u2013 L\u2019espion qui n\u2019est pas mort par Lowell Green, couverture rigide<\/p>\n","protected":false},"featured_media":550,"comment_status":"open","ping_status":"closed","template":"","meta":{"_acf_changed":false},"product_brand":[],"product_cat":[47],"product_tag":[],"class_list":{"0":"post-722","1":"product","2":"type-product","3":"status-publish","4":"has-post-thumbnail","6":"product_cat-livres","8":"first","9":"instock","10":"sale","11":"taxable","12":"shipping-taxable","13":"purchasable","14":"product-type-simple"},"acf":[],"yoast_head":"<!-- This site is optimized with the Yoast SEO plugin v27.4 - https:\/\/yoast.com\/product\/yoast-seo-wordpress\/ -->\n<title>Bern\u00e9 \u2013 L\u2019espion qui n\u2019est pas mort - Imprimierie Pontiac Printshop<\/title>\n<meta name=\"robots\" content=\"index, follow, max-snippet:-1, max-image-preview:large, max-video-preview:-1\" \/>\n<link rel=\"canonical\" href=\"https:\/\/shop.pontiacprintshop.com\/fr\/produit\/hoodwinked-lespion-qui-nest-pas-mort\/\" \/>\n<meta property=\"og:locale\" content=\"fr_FR\" \/>\n<meta property=\"og:type\" content=\"article\" \/>\n<meta property=\"og:title\" content=\"Bern\u00e9 \u2013 L\u2019espion qui n\u2019est pas mort - Imprimierie Pontiac Printshop\" \/>\n<meta property=\"og:description\" content=\"Bern\u00e9 \u2013 L\u2019espion qui n\u2019est pas mort par Lowell Green, couverture rigide\" \/>\n<meta property=\"og:url\" content=\"https:\/\/shop.pontiacprintshop.com\/fr\/produit\/hoodwinked-lespion-qui-nest-pas-mort\/\" \/>\n<meta property=\"og:site_name\" content=\"Imprimierie Pontiac Printshop\" \/>\n<meta property=\"article:publisher\" content=\"https:\/\/www.facebook.com\/profile.php?id=61579208464005\" \/>\n<meta property=\"article:modified_time\" content=\"2026-04-13T22:48:57+00:00\" \/>\n<meta property=\"og:image\" content=\"https:\/\/shop.pontiacprintshop.com\/wp-content\/uploads\/2025\/05\/hoodwinked.jpg\" \/>\n\t<meta property=\"og:image:width\" content=\"686\" \/>\n\t<meta property=\"og:image:height\" content=\"1000\" \/>\n\t<meta property=\"og:image:type\" content=\"image\/jpeg\" \/>\n<meta name=\"twitter:card\" content=\"summary_large_image\" \/>\n<meta name=\"twitter:label1\" content=\"Dur\u00e9e de lecture estim\u00e9e\" \/>\n\t<meta name=\"twitter:data1\" content=\"1 minute\" \/>\n<script type=\"application\/ld+json\" class=\"yoast-schema-graph\">{\"@context\":\"https:\\\/\\\/schema.org\",\"@graph\":[{\"@type\":\"WebPage\",\"@id\":\"https:\\\/\\\/shop.pontiacprintshop.com\\\/fr\\\/produit\\\/hoodwinked-lespion-qui-nest-pas-mort\\\/\",\"url\":\"https:\\\/\\\/shop.pontiacprintshop.com\\\/fr\\\/produit\\\/hoodwinked-lespion-qui-nest-pas-mort\\\/\",\"name\":\"Bern\u00e9 \u2013 L\u2019espion qui n\u2019est pas mort - Imprimierie Pontiac Printshop\",\"isPartOf\":{\"@id\":\"https:\\\/\\\/shop.pontiacprintshop.com\\\/fr\\\/#website\"},\"primaryImageOfPage\":{\"@id\":\"https:\\\/\\\/shop.pontiacprintshop.com\\\/fr\\\/produit\\\/hoodwinked-lespion-qui-nest-pas-mort\\\/#primaryimage\"},\"image\":{\"@id\":\"https:\\\/\\\/shop.pontiacprintshop.com\\\/fr\\\/produit\\\/hoodwinked-lespion-qui-nest-pas-mort\\\/#primaryimage\"},\"thumbnailUrl\":\"https:\\\/\\\/shop.pontiacprintshop.com\\\/wp-content\\\/uploads\\\/2025\\\/05\\\/hoodwinked.jpg\",\"datePublished\":\"2025-05-18T20:29:32+00:00\",\"dateModified\":\"2026-04-13T22:48:57+00:00\",\"breadcrumb\":{\"@id\":\"https:\\\/\\\/shop.pontiacprintshop.com\\\/fr\\\/produit\\\/hoodwinked-lespion-qui-nest-pas-mort\\\/#breadcrumb\"},\"inLanguage\":\"fr-FR\",\"potentialAction\":[{\"@type\":\"ReadAction\",\"target\":[\"https:\\\/\\\/shop.pontiacprintshop.com\\\/fr\\\/produit\\\/hoodwinked-lespion-qui-nest-pas-mort\\\/\"]}]},{\"@type\":\"ImageObject\",\"inLanguage\":\"fr-FR\",\"@id\":\"https:\\\/\\\/shop.pontiacprintshop.com\\\/fr\\\/produit\\\/hoodwinked-lespion-qui-nest-pas-mort\\\/#primaryimage\",\"url\":\"https:\\\/\\\/shop.pontiacprintshop.com\\\/wp-content\\\/uploads\\\/2025\\\/05\\\/hoodwinked.jpg\",\"contentUrl\":\"https:\\\/\\\/shop.pontiacprintshop.com\\\/wp-content\\\/uploads\\\/2025\\\/05\\\/hoodwinked.jpg\",\"width\":686,\"height\":1000},{\"@type\":\"BreadcrumbList\",\"@id\":\"https:\\\/\\\/shop.pontiacprintshop.com\\\/fr\\\/produit\\\/hoodwinked-lespion-qui-nest-pas-mort\\\/#breadcrumb\",\"itemListElement\":[{\"@type\":\"ListItem\",\"position\":1,\"name\":\"Home\",\"item\":\"https:\\\/\\\/shop.pontiacprintshop.com\\\/fr\\\/\"},{\"@type\":\"ListItem\",\"position\":2,\"name\":\"Boutique\",\"item\":\"https:\\\/\\\/shop.pontiacprintshop.com\\\/fr\\\/boutique\\\/\"},{\"@type\":\"ListItem\",\"position\":3,\"name\":\"Bern\u00e9 \u2013 L\u2019espion qui n\u2019est pas mort\"}]},{\"@type\":\"WebSite\",\"@id\":\"https:\\\/\\\/shop.pontiacprintshop.com\\\/fr\\\/#website\",\"url\":\"https:\\\/\\\/shop.pontiacprintshop.com\\\/fr\\\/\",\"name\":\"Impremierie Pontiac Printshop\",\"description\":\"Serving the Pontiac and entire Ottawa Valley for more than 70 years\",\"publisher\":{\"@id\":\"https:\\\/\\\/shop.pontiacprintshop.com\\\/fr\\\/#organization\"},\"potentialAction\":[{\"@type\":\"SearchAction\",\"target\":{\"@type\":\"EntryPoint\",\"urlTemplate\":\"https:\\\/\\\/shop.pontiacprintshop.com\\\/fr\\\/?s={search_term_string}\"},\"query-input\":{\"@type\":\"PropertyValueSpecification\",\"valueRequired\":true,\"valueName\":\"search_term_string\"}}],\"inLanguage\":\"fr-FR\"},{\"@type\":\"Organization\",\"@id\":\"https:\\\/\\\/shop.pontiacprintshop.com\\\/fr\\\/#organization\",\"name\":\"Impremierie Pontiac Printshop\",\"url\":\"https:\\\/\\\/shop.pontiacprintshop.com\\\/fr\\\/\",\"logo\":{\"@type\":\"ImageObject\",\"inLanguage\":\"fr-FR\",\"@id\":\"https:\\\/\\\/shop.pontiacprintshop.com\\\/fr\\\/#\\\/schema\\\/logo\\\/image\\\/\",\"url\":\"https:\\\/\\\/shop.pontiacprintshop.com\\\/wp-content\\\/uploads\\\/2025\\\/08\\\/cropped-pontiac-printshop-green-copy-2.jpg\",\"contentUrl\":\"https:\\\/\\\/shop.pontiacprintshop.com\\\/wp-content\\\/uploads\\\/2025\\\/08\\\/cropped-pontiac-printshop-green-copy-2.jpg\",\"width\":512,\"height\":512,\"caption\":\"Impremierie Pontiac Printshop\"},\"image\":{\"@id\":\"https:\\\/\\\/shop.pontiacprintshop.com\\\/fr\\\/#\\\/schema\\\/logo\\\/image\\\/\"},\"sameAs\":[\"https:\\\/\\\/www.facebook.com\\\/profile.php?id=61579208464005\"]}]}<\/script>\n<!-- \/ Yoast SEO plugin. -->","yoast_head_json":{"title":"Bern\u00e9 \u2013 L\u2019espion qui n\u2019est pas mort - Imprimierie Pontiac Printshop","robots":{"index":"index","follow":"follow","max-snippet":"max-snippet:-1","max-image-preview":"max-image-preview:large","max-video-preview":"max-video-preview:-1"},"canonical":"https:\/\/shop.pontiacprintshop.com\/fr\/produit\/hoodwinked-lespion-qui-nest-pas-mort\/","og_locale":"fr_FR","og_type":"article","og_title":"Bern\u00e9 \u2013 L\u2019espion qui n\u2019est pas mort - Imprimierie Pontiac Printshop","og_description":"Bern\u00e9 \u2013 L\u2019espion qui n\u2019est pas mort par Lowell Green, couverture rigide","og_url":"https:\/\/shop.pontiacprintshop.com\/fr\/produit\/hoodwinked-lespion-qui-nest-pas-mort\/","og_site_name":"Imprimierie Pontiac Printshop","article_publisher":"https:\/\/www.facebook.com\/profile.php?id=61579208464005","article_modified_time":"2026-04-13T22:48:57+00:00","og_image":[{"width":686,"height":1000,"url":"https:\/\/shop.pontiacprintshop.com\/wp-content\/uploads\/2025\/05\/hoodwinked.jpg","type":"image\/jpeg"}],"twitter_card":"summary_large_image","twitter_misc":{"Dur\u00e9e de lecture estim\u00e9e":"1 minute"},"schema":{"@context":"https:\/\/schema.org","@graph":[{"@type":"WebPage","@id":"https:\/\/shop.pontiacprintshop.com\/fr\/produit\/hoodwinked-lespion-qui-nest-pas-mort\/","url":"https:\/\/shop.pontiacprintshop.com\/fr\/produit\/hoodwinked-lespion-qui-nest-pas-mort\/","name":"Bern\u00e9 \u2013 L\u2019espion qui n\u2019est pas mort - Imprimierie Pontiac Printshop","isPartOf":{"@id":"https:\/\/shop.pontiacprintshop.com\/fr\/#website"},"primaryImageOfPage":{"@id":"https:\/\/shop.pontiacprintshop.com\/fr\/produit\/hoodwinked-lespion-qui-nest-pas-mort\/#primaryimage"},"image":{"@id":"https:\/\/shop.pontiacprintshop.com\/fr\/produit\/hoodwinked-lespion-qui-nest-pas-mort\/#primaryimage"},"thumbnailUrl":"https:\/\/shop.pontiacprintshop.com\/wp-content\/uploads\/2025\/05\/hoodwinked.jpg","datePublished":"2025-05-18T20:29:32+00:00","dateModified":"2026-04-13T22:48:57+00:00","breadcrumb":{"@id":"https:\/\/shop.pontiacprintshop.com\/fr\/produit\/hoodwinked-lespion-qui-nest-pas-mort\/#breadcrumb"},"inLanguage":"fr-FR","potentialAction":[{"@type":"ReadAction","target":["https:\/\/shop.pontiacprintshop.com\/fr\/produit\/hoodwinked-lespion-qui-nest-pas-mort\/"]}]},{"@type":"ImageObject","inLanguage":"fr-FR","@id":"https:\/\/shop.pontiacprintshop.com\/fr\/produit\/hoodwinked-lespion-qui-nest-pas-mort\/#primaryimage","url":"https:\/\/shop.pontiacprintshop.com\/wp-content\/uploads\/2025\/05\/hoodwinked.jpg","contentUrl":"https:\/\/shop.pontiacprintshop.com\/wp-content\/uploads\/2025\/05\/hoodwinked.jpg","width":686,"height":1000},{"@type":"BreadcrumbList","@id":"https:\/\/shop.pontiacprintshop.com\/fr\/produit\/hoodwinked-lespion-qui-nest-pas-mort\/#breadcrumb","itemListElement":[{"@type":"ListItem","position":1,"name":"Home","item":"https:\/\/shop.pontiacprintshop.com\/fr\/"},{"@type":"ListItem","position":2,"name":"Boutique","item":"https:\/\/shop.pontiacprintshop.com\/fr\/boutique\/"},{"@type":"ListItem","position":3,"name":"Bern\u00e9 \u2013 L\u2019espion qui n\u2019est pas mort"}]},{"@type":"WebSite","@id":"https:\/\/shop.pontiacprintshop.com\/fr\/#website","url":"https:\/\/shop.pontiacprintshop.com\/fr\/","name":"Impremierie Pontiac Printshop","description":"Serving the Pontiac and entire Ottawa Valley for more than 70 years","publisher":{"@id":"https:\/\/shop.pontiacprintshop.com\/fr\/#organization"},"potentialAction":[{"@type":"SearchAction","target":{"@type":"EntryPoint","urlTemplate":"https:\/\/shop.pontiacprintshop.com\/fr\/?s={search_term_string}"},"query-input":{"@type":"PropertyValueSpecification","valueRequired":true,"valueName":"search_term_string"}}],"inLanguage":"fr-FR"},{"@type":"Organization","@id":"https:\/\/shop.pontiacprintshop.com\/fr\/#organization","name":"Impremierie Pontiac Printshop","url":"https:\/\/shop.pontiacprintshop.com\/fr\/","logo":{"@type":"ImageObject","inLanguage":"fr-FR","@id":"https:\/\/shop.pontiacprintshop.com\/fr\/#\/schema\/logo\/image\/","url":"https:\/\/shop.pontiacprintshop.com\/wp-content\/uploads\/2025\/08\/cropped-pontiac-printshop-green-copy-2.jpg","contentUrl":"https:\/\/shop.pontiacprintshop.com\/wp-content\/uploads\/2025\/08\/cropped-pontiac-printshop-green-copy-2.jpg","width":512,"height":512,"caption":"Impremierie Pontiac Printshop"},"image":{"@id":"https:\/\/shop.pontiacprintshop.com\/fr\/#\/schema\/logo\/image\/"},"sameAs":["https:\/\/www.facebook.com\/profile.php?id=61579208464005"]}]}},"_links":{"self":[{"href":"https:\/\/shop.pontiacprintshop.com\/fr\/wp-json\/wp\/v2\/product\/722","targetHints":{"allow":["GET"]}}],"collection":[{"href":"https:\/\/shop.pontiacprintshop.com\/fr\/wp-json\/wp\/v2\/product"}],"about":[{"href":"https:\/\/shop.pontiacprintshop.com\/fr\/wp-json\/wp\/v2\/types\/product"}],"replies":[{"embeddable":true,"href":"https:\/\/shop.pontiacprintshop.com\/fr\/wp-json\/wp\/v2\/comments?post=722"}],"wp:featuredmedia":[{"embeddable":true,"href":"https:\/\/shop.pontiacprintshop.com\/fr\/wp-json\/wp\/v2\/media\/550"}],"wp:attachment":[{"href":"https:\/\/shop.pontiacprintshop.com\/fr\/wp-json\/wp\/v2\/media?parent=722"}],"wp:term":[{"taxonomy":"product_brand","embeddable":true,"href":"https:\/\/shop.pontiacprintshop.com\/fr\/wp-json\/wp\/v2\/product_brand?post=722"},{"taxonomy":"product_cat","embeddable":true,"href":"https:\/\/shop.pontiacprintshop.com\/fr\/wp-json\/wp\/v2\/product_cat?post=722"},{"taxonomy":"product_tag","embeddable":true,"href":"https:\/\/shop.pontiacprintshop.com\/fr\/wp-json\/wp\/v2\/product_tag?post=722"}],"curies":[{"name":"wp","href":"https:\/\/api.w.org\/{rel}","templated":true}]}}