{"id":725,"date":"2025-05-18T16:43:10","date_gmt":"2025-05-18T16:43:10","guid":{"rendered":"https:\/\/shop.pontiacprintshop.com\/product\/le-berceau-tombera\/"},"modified":"2025-05-18T16:43:10","modified_gmt":"2025-05-18T16:43:10","slug":"le-berceau-tombera","status":"publish","type":"product","link":"https:\/\/shop.pontiacprintshop.com\/fr\/produit\/le-berceau-tombera\/","title":{"rendered":"Le berceau tombera"},"content":{"rendered":"<p><span class=\"a-text-italic\">Un flic rebelle&#8230;<\/span><\/p>\n<p>Lorsque le FBI refuse de reconna\u00eetre la disparition de l&rsquo;agent Matt Stone au cours d&rsquo;une enqu\u00eate secr\u00e8te \u00e0 l&rsquo;\u00e9tranger, la d\u00e9tective Charlene Taylor n&rsquo;a d&rsquo;autre choix que de se lancer dans la traque. L&rsquo;Ukraine peut \u00eatre impitoyable envers les \u00e9trangers, mais la d\u00e9tective n&rsquo;a aucune id\u00e9e de l&rsquo;ampleur de la corruption. <\/p>\n<p><span class=\"a-text-italic\">Un d\u00e9tective priv\u00e9 ren\u00e9gat&#8230;<\/span><\/p>\n<p>Il n&rsquo;y a qu&rsquo;une seule personne vers qui Charlene peut se tourner. L&rsquo;ami de confiance et ancien briseur de jambes, Calvin Watters, est un protecteur et le seul homme capable d&rsquo;affronter le danger qui les attend. Charlene doit faire confiance \u00e0 Calvin et esp\u00e9rer qu&rsquo;ensemble, ils pourront trouver un moyen de d\u00e9couvrir la v\u00e9rit\u00e9 sur les Am\u00e9ricains disparus.  <\/p>\n<p>Charlene et Calvin peuvent-ils faire \u00e9quipe une fois de plus pour vaincre un syndicat mal\u00e9fique de flics corrompus et une conspiration gouvernementale dissimul\u00e9e par tout un pays ?<\/p>\n<ul class=\"a-unordered-list a-nostyle a-vertical a-spacing-none detail-bullet-list\">\n<li><span class=\"a-list-item\"><span class=\"a-text-bold\">ASIN \u200f : \u200e <\/span>B0CJX9NMZS<\/span><\/li>\n<li><span class=\"a-list-item\"><span class=\"a-text-bold\">\u00c9diteur \u200f : \u200e <\/span>ANM books<\/span><\/li>\n<li><span class=\"a-list-item\"><span class=\"a-text-bold\">Date de publication \u200f : \u200e <\/span>27 sept. 2023<\/span><\/li>\n<li><span class=\"a-list-item\"><span class=\"a-text-bold\">Langue \u200f : \u200e <\/span>Anglais<\/span><\/li>\n<li><span class=\"a-list-item\"><span class=\"a-text-bold\">Nombre de pages \u200f : \u200e <\/span>262 pages<\/span><\/li>\n<li><span class=\"a-list-item\"><span class=\"a-text-bold\">ISBN-10 \u200f : \u200e <\/span>1777179173<\/span><\/li>\n<li><span class=\"a-list-item\"><span class=\"a-text-bold\">ISBN-13 \u200f : \u200e <\/span>978-1777179175<\/span><\/li>\n<li><span class=\"a-list-item\"><span class=\"a-text-bold\">Poids de l&rsquo;article \u200f : \u200e <\/span>458 g<\/span><\/li>\n<\/ul>\n","protected":false},"excerpt":{"rendered":"<p>Le berceau tombera par Luke Murphy. Broch\u00e9. <\/p>\n","protected":false},"featured_media":240,"comment_status":"open","ping_status":"closed","template":"","meta":{"_acf_changed":false},"product_brand":[],"product_cat":[47],"product_tag":[],"class_list":{"0":"post-725","1":"product","2":"type-product","3":"status-publish","4":"has-post-thumbnail","6":"product_cat-livres","8":"first","9":"instock","10":"sale","11":"taxable","12":"shipping-taxable","13":"purchasable","14":"product-type-simple"},"acf":[],"yoast_head":"<!-- This site is optimized with the Yoast SEO plugin v27.3 - https:\/\/yoast.com\/product\/yoast-seo-wordpress\/ -->\n<title>Le berceau tombera - Imprimierie Pontiac Printshop<\/title>\n<meta name=\"robots\" content=\"index, follow, max-snippet:-1, max-image-preview:large, max-video-preview:-1\" \/>\n<link rel=\"canonical\" href=\"https:\/\/shop.pontiacprintshop.com\/fr\/produit\/le-berceau-tombera\/\" \/>\n<meta property=\"og:locale\" content=\"fr_FR\" \/>\n<meta property=\"og:type\" content=\"article\" \/>\n<meta property=\"og:title\" content=\"Le berceau tombera - Imprimierie Pontiac Printshop\" \/>\n<meta property=\"og:description\" content=\"Le berceau tombera par Luke Murphy. Broch\u00e9.\" \/>\n<meta property=\"og:url\" content=\"https:\/\/shop.pontiacprintshop.com\/fr\/produit\/le-berceau-tombera\/\" \/>\n<meta property=\"og:site_name\" content=\"Imprimierie Pontiac Printshop\" \/>\n<meta property=\"article:publisher\" content=\"https:\/\/www.facebook.com\/profile.php?id=61579208464005\" \/>\n<meta property=\"og:image\" content=\"https:\/\/shop.pontiacprintshop.com\/wp-content\/uploads\/2025\/05\/cradle-will-fall-front.jpg\" \/>\n\t<meta property=\"og:image:width\" content=\"1000\" \/>\n\t<meta property=\"og:image:height\" content=\"1499\" \/>\n\t<meta property=\"og:image:type\" content=\"image\/jpeg\" \/>\n<meta name=\"twitter:card\" content=\"summary_large_image\" \/>\n<meta name=\"twitter:label1\" content=\"Dur\u00e9e de lecture estim\u00e9e\" \/>\n\t<meta name=\"twitter:data1\" content=\"1 minute\" \/>\n<script type=\"application\/ld+json\" class=\"yoast-schema-graph\">{\"@context\":\"https:\\\/\\\/schema.org\",\"@graph\":[{\"@type\":\"WebPage\",\"@id\":\"https:\\\/\\\/shop.pontiacprintshop.com\\\/fr\\\/produit\\\/le-berceau-tombera\\\/\",\"url\":\"https:\\\/\\\/shop.pontiacprintshop.com\\\/fr\\\/produit\\\/le-berceau-tombera\\\/\",\"name\":\"Le berceau tombera - Imprimierie Pontiac Printshop\",\"isPartOf\":{\"@id\":\"https:\\\/\\\/shop.pontiacprintshop.com\\\/fr\\\/#website\"},\"primaryImageOfPage\":{\"@id\":\"https:\\\/\\\/shop.pontiacprintshop.com\\\/fr\\\/produit\\\/le-berceau-tombera\\\/#primaryimage\"},\"image\":{\"@id\":\"https:\\\/\\\/shop.pontiacprintshop.com\\\/fr\\\/produit\\\/le-berceau-tombera\\\/#primaryimage\"},\"thumbnailUrl\":\"https:\\\/\\\/shop.pontiacprintshop.com\\\/wp-content\\\/uploads\\\/2025\\\/05\\\/cradle-will-fall-front.jpg\",\"datePublished\":\"2025-05-18T16:43:10+00:00\",\"breadcrumb\":{\"@id\":\"https:\\\/\\\/shop.pontiacprintshop.com\\\/fr\\\/produit\\\/le-berceau-tombera\\\/#breadcrumb\"},\"inLanguage\":\"fr-FR\",\"potentialAction\":[{\"@type\":\"ReadAction\",\"target\":[\"https:\\\/\\\/shop.pontiacprintshop.com\\\/fr\\\/produit\\\/le-berceau-tombera\\\/\"]}]},{\"@type\":\"ImageObject\",\"inLanguage\":\"fr-FR\",\"@id\":\"https:\\\/\\\/shop.pontiacprintshop.com\\\/fr\\\/produit\\\/le-berceau-tombera\\\/#primaryimage\",\"url\":\"https:\\\/\\\/shop.pontiacprintshop.com\\\/wp-content\\\/uploads\\\/2025\\\/05\\\/cradle-will-fall-front.jpg\",\"contentUrl\":\"https:\\\/\\\/shop.pontiacprintshop.com\\\/wp-content\\\/uploads\\\/2025\\\/05\\\/cradle-will-fall-front.jpg\",\"width\":1000,\"height\":1499,\"caption\":\"Cradle Will Fall - Luke Murphy\"},{\"@type\":\"BreadcrumbList\",\"@id\":\"https:\\\/\\\/shop.pontiacprintshop.com\\\/fr\\\/produit\\\/le-berceau-tombera\\\/#breadcrumb\",\"itemListElement\":[{\"@type\":\"ListItem\",\"position\":1,\"name\":\"Home\",\"item\":\"https:\\\/\\\/shop.pontiacprintshop.com\\\/fr\\\/\"},{\"@type\":\"ListItem\",\"position\":2,\"name\":\"Boutique\",\"item\":\"https:\\\/\\\/shop.pontiacprintshop.com\\\/fr\\\/boutique\\\/\"},{\"@type\":\"ListItem\",\"position\":3,\"name\":\"Le berceau tombera\"}]},{\"@type\":\"WebSite\",\"@id\":\"https:\\\/\\\/shop.pontiacprintshop.com\\\/fr\\\/#website\",\"url\":\"https:\\\/\\\/shop.pontiacprintshop.com\\\/fr\\\/\",\"name\":\"Impremierie Pontiac Printshop\",\"description\":\"Serving the Pontiac and entire Ottawa Valley for more than 70 years\",\"publisher\":{\"@id\":\"https:\\\/\\\/shop.pontiacprintshop.com\\\/fr\\\/#organization\"},\"potentialAction\":[{\"@type\":\"SearchAction\",\"target\":{\"@type\":\"EntryPoint\",\"urlTemplate\":\"https:\\\/\\\/shop.pontiacprintshop.com\\\/fr\\\/?s={search_term_string}\"},\"query-input\":{\"@type\":\"PropertyValueSpecification\",\"valueRequired\":true,\"valueName\":\"search_term_string\"}}],\"inLanguage\":\"fr-FR\"},{\"@type\":\"Organization\",\"@id\":\"https:\\\/\\\/shop.pontiacprintshop.com\\\/fr\\\/#organization\",\"name\":\"Impremierie Pontiac Printshop\",\"url\":\"https:\\\/\\\/shop.pontiacprintshop.com\\\/fr\\\/\",\"logo\":{\"@type\":\"ImageObject\",\"inLanguage\":\"fr-FR\",\"@id\":\"https:\\\/\\\/shop.pontiacprintshop.com\\\/fr\\\/#\\\/schema\\\/logo\\\/image\\\/\",\"url\":\"https:\\\/\\\/shop.pontiacprintshop.com\\\/wp-content\\\/uploads\\\/2025\\\/08\\\/cropped-pontiac-printshop-green-copy-2.jpg\",\"contentUrl\":\"https:\\\/\\\/shop.pontiacprintshop.com\\\/wp-content\\\/uploads\\\/2025\\\/08\\\/cropped-pontiac-printshop-green-copy-2.jpg\",\"width\":512,\"height\":512,\"caption\":\"Impremierie Pontiac Printshop\"},\"image\":{\"@id\":\"https:\\\/\\\/shop.pontiacprintshop.com\\\/fr\\\/#\\\/schema\\\/logo\\\/image\\\/\"},\"sameAs\":[\"https:\\\/\\\/www.facebook.com\\\/profile.php?id=61579208464005\"]}]}<\/script>\n<!-- \/ Yoast SEO plugin. -->","yoast_head_json":{"title":"Le berceau tombera - Imprimierie Pontiac Printshop","robots":{"index":"index","follow":"follow","max-snippet":"max-snippet:-1","max-image-preview":"max-image-preview:large","max-video-preview":"max-video-preview:-1"},"canonical":"https:\/\/shop.pontiacprintshop.com\/fr\/produit\/le-berceau-tombera\/","og_locale":"fr_FR","og_type":"article","og_title":"Le berceau tombera - Imprimierie Pontiac Printshop","og_description":"Le berceau tombera par Luke Murphy. Broch\u00e9.","og_url":"https:\/\/shop.pontiacprintshop.com\/fr\/produit\/le-berceau-tombera\/","og_site_name":"Imprimierie Pontiac Printshop","article_publisher":"https:\/\/www.facebook.com\/profile.php?id=61579208464005","og_image":[{"width":1000,"height":1499,"url":"https:\/\/shop.pontiacprintshop.com\/wp-content\/uploads\/2025\/05\/cradle-will-fall-front.jpg","type":"image\/jpeg"}],"twitter_card":"summary_large_image","twitter_misc":{"Dur\u00e9e de lecture estim\u00e9e":"1 minute"},"schema":{"@context":"https:\/\/schema.org","@graph":[{"@type":"WebPage","@id":"https:\/\/shop.pontiacprintshop.com\/fr\/produit\/le-berceau-tombera\/","url":"https:\/\/shop.pontiacprintshop.com\/fr\/produit\/le-berceau-tombera\/","name":"Le berceau tombera - Imprimierie Pontiac Printshop","isPartOf":{"@id":"https:\/\/shop.pontiacprintshop.com\/fr\/#website"},"primaryImageOfPage":{"@id":"https:\/\/shop.pontiacprintshop.com\/fr\/produit\/le-berceau-tombera\/#primaryimage"},"image":{"@id":"https:\/\/shop.pontiacprintshop.com\/fr\/produit\/le-berceau-tombera\/#primaryimage"},"thumbnailUrl":"https:\/\/shop.pontiacprintshop.com\/wp-content\/uploads\/2025\/05\/cradle-will-fall-front.jpg","datePublished":"2025-05-18T16:43:10+00:00","breadcrumb":{"@id":"https:\/\/shop.pontiacprintshop.com\/fr\/produit\/le-berceau-tombera\/#breadcrumb"},"inLanguage":"fr-FR","potentialAction":[{"@type":"ReadAction","target":["https:\/\/shop.pontiacprintshop.com\/fr\/produit\/le-berceau-tombera\/"]}]},{"@type":"ImageObject","inLanguage":"fr-FR","@id":"https:\/\/shop.pontiacprintshop.com\/fr\/produit\/le-berceau-tombera\/#primaryimage","url":"https:\/\/shop.pontiacprintshop.com\/wp-content\/uploads\/2025\/05\/cradle-will-fall-front.jpg","contentUrl":"https:\/\/shop.pontiacprintshop.com\/wp-content\/uploads\/2025\/05\/cradle-will-fall-front.jpg","width":1000,"height":1499,"caption":"Cradle Will Fall - Luke Murphy"},{"@type":"BreadcrumbList","@id":"https:\/\/shop.pontiacprintshop.com\/fr\/produit\/le-berceau-tombera\/#breadcrumb","itemListElement":[{"@type":"ListItem","position":1,"name":"Home","item":"https:\/\/shop.pontiacprintshop.com\/fr\/"},{"@type":"ListItem","position":2,"name":"Boutique","item":"https:\/\/shop.pontiacprintshop.com\/fr\/boutique\/"},{"@type":"ListItem","position":3,"name":"Le berceau tombera"}]},{"@type":"WebSite","@id":"https:\/\/shop.pontiacprintshop.com\/fr\/#website","url":"https:\/\/shop.pontiacprintshop.com\/fr\/","name":"Impremierie Pontiac Printshop","description":"Serving the Pontiac and entire Ottawa Valley for more than 70 years","publisher":{"@id":"https:\/\/shop.pontiacprintshop.com\/fr\/#organization"},"potentialAction":[{"@type":"SearchAction","target":{"@type":"EntryPoint","urlTemplate":"https:\/\/shop.pontiacprintshop.com\/fr\/?s={search_term_string}"},"query-input":{"@type":"PropertyValueSpecification","valueRequired":true,"valueName":"search_term_string"}}],"inLanguage":"fr-FR"},{"@type":"Organization","@id":"https:\/\/shop.pontiacprintshop.com\/fr\/#organization","name":"Impremierie Pontiac Printshop","url":"https:\/\/shop.pontiacprintshop.com\/fr\/","logo":{"@type":"ImageObject","inLanguage":"fr-FR","@id":"https:\/\/shop.pontiacprintshop.com\/fr\/#\/schema\/logo\/image\/","url":"https:\/\/shop.pontiacprintshop.com\/wp-content\/uploads\/2025\/08\/cropped-pontiac-printshop-green-copy-2.jpg","contentUrl":"https:\/\/shop.pontiacprintshop.com\/wp-content\/uploads\/2025\/08\/cropped-pontiac-printshop-green-copy-2.jpg","width":512,"height":512,"caption":"Impremierie Pontiac Printshop"},"image":{"@id":"https:\/\/shop.pontiacprintshop.com\/fr\/#\/schema\/logo\/image\/"},"sameAs":["https:\/\/www.facebook.com\/profile.php?id=61579208464005"]}]}},"_links":{"self":[{"href":"https:\/\/shop.pontiacprintshop.com\/fr\/wp-json\/wp\/v2\/product\/725","targetHints":{"allow":["GET"]}}],"collection":[{"href":"https:\/\/shop.pontiacprintshop.com\/fr\/wp-json\/wp\/v2\/product"}],"about":[{"href":"https:\/\/shop.pontiacprintshop.com\/fr\/wp-json\/wp\/v2\/types\/product"}],"replies":[{"embeddable":true,"href":"https:\/\/shop.pontiacprintshop.com\/fr\/wp-json\/wp\/v2\/comments?post=725"}],"wp:featuredmedia":[{"embeddable":true,"href":"https:\/\/shop.pontiacprintshop.com\/fr\/wp-json\/wp\/v2\/media\/240"}],"wp:attachment":[{"href":"https:\/\/shop.pontiacprintshop.com\/fr\/wp-json\/wp\/v2\/media?parent=725"}],"wp:term":[{"taxonomy":"product_brand","embeddable":true,"href":"https:\/\/shop.pontiacprintshop.com\/fr\/wp-json\/wp\/v2\/product_brand?post=725"},{"taxonomy":"product_cat","embeddable":true,"href":"https:\/\/shop.pontiacprintshop.com\/fr\/wp-json\/wp\/v2\/product_cat?post=725"},{"taxonomy":"product_tag","embeddable":true,"href":"https:\/\/shop.pontiacprintshop.com\/fr\/wp-json\/wp\/v2\/product_tag?post=725"}],"curies":[{"name":"wp","href":"https:\/\/api.w.org\/{rel}","templated":true}]}}