{"id":727,"date":"2025-05-18T16:10:18","date_gmt":"2025-05-18T20:10:18","guid":{"rendered":"https:\/\/shop.pontiacprintshop.com\/product\/sous-le-soleil-de-guerre\/"},"modified":"2026-04-13T18:49:28","modified_gmt":"2026-04-13T22:49:28","slug":"sous-le-soleil-de-guerre","status":"publish","type":"product","link":"https:\/\/shop.pontiacprintshop.com\/fr\/produit\/sous-le-soleil-de-guerre\/","title":{"rendered":"Sous le soleil de la guerre"},"content":{"rendered":"<p>La guerre change tout, y compris les personnes rest\u00e9es au pays. Voici l&rsquo;histoire d&rsquo;une famille canadienne confront\u00e9e \u00e0 des difficult\u00e9s \u00e9conomiques dans sa petite ferme au Qu\u00e9bec. \u00c0 l&rsquo;\u00e9t\u00e9 1939, elle part pour Toronto, anticipant des opportunit\u00e9s d&#8217;emploi li\u00e9es \u00e0 la guerre pour le p\u00e8re, le fils et les cinq filles a\u00een\u00e9es. Pour joindre les deux bouts, ils tiennent un restaurant \u00e0 Scarborough jusqu&rsquo;\u00e0 l&rsquo;ouverture de l&rsquo;usine de munitions GECO en 1941, o\u00f9 le p\u00e8re et les filles trouvent du travail. Le fils unique est parti \u00e0 la guerre, laissant sa famille et une jeune \u00e9pouse mari\u00e9e depuis moins d&rsquo;un an. Il reste absent longtemps. Cette famille travailleuse montre de quoi elle est faite en affrontant les peurs et les d\u00e9fis de la guerre. Leur foi profonde les aide \u00e0 traverser les moments difficiles, tandis que des \u00e9v\u00e9nements au pays et \u00e0 l&rsquo;\u00e9tranger changent irr\u00e9vocablement leur vie.       <\/p>\n<ul class=\"a-unordered-list a-nostyle a-vertical a-spacing-none detail-bullet-list\">\n<li><span class=\"a-list-item\"><span class=\"a-text-bold\">ASIN \u200f : \u200e <\/span>B09TN1J7LV<\/span><\/li>\n<li><span class=\"a-list-item\"><span class=\"a-text-bold\">\u00c9diteur \u200f : \u200e <\/span>Independently published<\/span><\/li>\n<li><span class=\"a-list-item\"><span class=\"a-text-bold\">Date de publication \u200f : \u200e <\/span>2 mars 2022<\/span><\/li>\n<li><span class=\"a-list-item\"><span class=\"a-text-bold\">Langue \u200f : \u200e <\/span>Anglais<\/span><\/li>\n<li><span class=\"a-list-item\"><span class=\"a-text-bold\">Nombre de pages \u200f : \u200e <\/span>593 pages<\/span><\/li>\n<li><span class=\"a-list-item\"><span class=\"a-text-bold\">ISBN-13 \u200f : \u200e <\/span>979-8425184962<\/span><\/li>\n<li><span class=\"a-list-item\"><span class=\"a-text-bold\">Poids de l&rsquo;article \u200f : \u200e <\/span>857 g<\/span><\/li>\n<li><span class=\"a-list-item\"><span class=\"a-text-bold\">Dimensions \u200f : \u200e <\/span>13,97 x 3,78 x 21,59 cm<\/span><\/li>\n<\/ul>\n","protected":false},"excerpt":{"rendered":"<p>La guerre change tout, y compris les personnes rest\u00e9es au pays. Voici l&rsquo;histoire d&rsquo;une famille canadienne confront\u00e9e \u00e0 des difficult\u00e9s \u00e9conomiques dans sa petite ferme au Qu\u00e9bec. \u00c0 l&rsquo;\u00e9t\u00e9 1939, elle part pour Toronto, anticipant des opportunit\u00e9s d&#8217;emploi li\u00e9es \u00e0 la guerre pour le p\u00e8re, le fils et les cinq filles a\u00een\u00e9es. Pour joindre les deux bouts, ils tiennent un restaurant \u00e0 Scarborough jusqu&rsquo;\u00e0 l&rsquo;ouverture de l&rsquo;usine de munitions GECO en 1941, o\u00f9 le p\u00e8re et les filles trouvent du travail. Le fils unique est parti \u00e0 la guerre, laissant sa famille et une jeune \u00e9pouse mari\u00e9e depuis moins d&rsquo;un an. Il reste absent longtemps. Cette famille travailleuse montre de quoi elle est faite en affrontant les peurs et les d\u00e9fis de la guerre. Leur foi profonde les aide \u00e0 traverser les moments difficiles, tandis que des \u00e9v\u00e9nements au pays et \u00e0 l&rsquo;\u00e9tranger changent irr\u00e9vocablement leur vie.<\/p>\n","protected":false},"featured_media":546,"comment_status":"open","ping_status":"closed","template":"","meta":{"_acf_changed":false},"product_brand":[],"product_cat":[47],"product_tag":[],"class_list":{"0":"post-727","1":"product","2":"type-product","3":"status-publish","4":"has-post-thumbnail","6":"product_cat-livres","8":"first","9":"instock","10":"sale","11":"taxable","12":"shipping-taxable","13":"purchasable","14":"product-type-simple"},"acf":[],"yoast_head":"<!-- This site is optimized with the Yoast SEO plugin v27.4 - https:\/\/yoast.com\/product\/yoast-seo-wordpress\/ -->\n<title>Sous le soleil de la guerre - Imprimierie Pontiac Printshop<\/title>\n<meta name=\"robots\" content=\"index, follow, max-snippet:-1, max-image-preview:large, max-video-preview:-1\" \/>\n<link rel=\"canonical\" href=\"https:\/\/shop.pontiacprintshop.com\/fr\/produit\/sous-le-soleil-de-guerre\/\" \/>\n<meta property=\"og:locale\" content=\"fr_FR\" \/>\n<meta property=\"og:type\" content=\"article\" \/>\n<meta property=\"og:title\" content=\"Sous le soleil de la guerre - Imprimierie Pontiac Printshop\" \/>\n<meta property=\"og:description\" content=\"La guerre change tout, y compris les personnes rest\u00e9es au pays. Voici l&#039;histoire d&#039;une famille canadienne confront\u00e9e \u00e0 des difficult\u00e9s \u00e9conomiques dans sa petite ferme au Qu\u00e9bec. \u00c0 l&#039;\u00e9t\u00e9 1939, elle part pour Toronto, anticipant des opportunit\u00e9s d&#039;emploi li\u00e9es \u00e0 la guerre pour le p\u00e8re, le fils et les cinq filles a\u00een\u00e9es. Pour joindre les deux bouts, ils tiennent un restaurant \u00e0 Scarborough jusqu&#039;\u00e0 l&#039;ouverture de l&#039;usine de munitions GECO en 1941, o\u00f9 le p\u00e8re et les filles trouvent du travail. Le fils unique est parti \u00e0 la guerre, laissant sa famille et une jeune \u00e9pouse mari\u00e9e depuis moins d&#039;un an. Il reste absent longtemps. Cette famille travailleuse montre de quoi elle est faite en affrontant les peurs et les d\u00e9fis de la guerre. Leur foi profonde les aide \u00e0 traverser les moments difficiles, tandis que des \u00e9v\u00e9nements au pays et \u00e0 l&#039;\u00e9tranger changent irr\u00e9vocablement leur vie.\" \/>\n<meta property=\"og:url\" content=\"https:\/\/shop.pontiacprintshop.com\/fr\/produit\/sous-le-soleil-de-guerre\/\" \/>\n<meta property=\"og:site_name\" content=\"Imprimierie Pontiac Printshop\" \/>\n<meta property=\"article:publisher\" content=\"https:\/\/www.facebook.com\/profile.php?id=61579208464005\" \/>\n<meta property=\"article:modified_time\" content=\"2026-04-13T22:49:28+00:00\" \/>\n<meta property=\"og:image\" content=\"https:\/\/shop.pontiacprintshop.com\/wp-content\/uploads\/2025\/05\/under-the-wartime-sun.jpg\" \/>\n\t<meta property=\"og:image:width\" content=\"647\" \/>\n\t<meta property=\"og:image:height\" content=\"1000\" \/>\n\t<meta property=\"og:image:type\" content=\"image\/jpeg\" \/>\n<meta name=\"twitter:card\" content=\"summary_large_image\" \/>\n<meta name=\"twitter:label1\" content=\"Dur\u00e9e de lecture estim\u00e9e\" \/>\n\t<meta name=\"twitter:data1\" content=\"1 minute\" \/>\n<script type=\"application\/ld+json\" class=\"yoast-schema-graph\">{\"@context\":\"https:\\\/\\\/schema.org\",\"@graph\":[{\"@type\":\"WebPage\",\"@id\":\"https:\\\/\\\/shop.pontiacprintshop.com\\\/fr\\\/produit\\\/sous-le-soleil-de-guerre\\\/\",\"url\":\"https:\\\/\\\/shop.pontiacprintshop.com\\\/fr\\\/produit\\\/sous-le-soleil-de-guerre\\\/\",\"name\":\"Sous le soleil de la guerre - Imprimierie Pontiac Printshop\",\"isPartOf\":{\"@id\":\"https:\\\/\\\/shop.pontiacprintshop.com\\\/fr\\\/#website\"},\"primaryImageOfPage\":{\"@id\":\"https:\\\/\\\/shop.pontiacprintshop.com\\\/fr\\\/produit\\\/sous-le-soleil-de-guerre\\\/#primaryimage\"},\"image\":{\"@id\":\"https:\\\/\\\/shop.pontiacprintshop.com\\\/fr\\\/produit\\\/sous-le-soleil-de-guerre\\\/#primaryimage\"},\"thumbnailUrl\":\"https:\\\/\\\/shop.pontiacprintshop.com\\\/wp-content\\\/uploads\\\/2025\\\/05\\\/under-the-wartime-sun.jpg\",\"datePublished\":\"2025-05-18T20:10:18+00:00\",\"dateModified\":\"2026-04-13T22:49:28+00:00\",\"breadcrumb\":{\"@id\":\"https:\\\/\\\/shop.pontiacprintshop.com\\\/fr\\\/produit\\\/sous-le-soleil-de-guerre\\\/#breadcrumb\"},\"inLanguage\":\"fr-FR\",\"potentialAction\":[{\"@type\":\"ReadAction\",\"target\":[\"https:\\\/\\\/shop.pontiacprintshop.com\\\/fr\\\/produit\\\/sous-le-soleil-de-guerre\\\/\"]}]},{\"@type\":\"ImageObject\",\"inLanguage\":\"fr-FR\",\"@id\":\"https:\\\/\\\/shop.pontiacprintshop.com\\\/fr\\\/produit\\\/sous-le-soleil-de-guerre\\\/#primaryimage\",\"url\":\"https:\\\/\\\/shop.pontiacprintshop.com\\\/wp-content\\\/uploads\\\/2025\\\/05\\\/under-the-wartime-sun.jpg\",\"contentUrl\":\"https:\\\/\\\/shop.pontiacprintshop.com\\\/wp-content\\\/uploads\\\/2025\\\/05\\\/under-the-wartime-sun.jpg\",\"width\":647,\"height\":1000},{\"@type\":\"BreadcrumbList\",\"@id\":\"https:\\\/\\\/shop.pontiacprintshop.com\\\/fr\\\/produit\\\/sous-le-soleil-de-guerre\\\/#breadcrumb\",\"itemListElement\":[{\"@type\":\"ListItem\",\"position\":1,\"name\":\"Home\",\"item\":\"https:\\\/\\\/shop.pontiacprintshop.com\\\/fr\\\/\"},{\"@type\":\"ListItem\",\"position\":2,\"name\":\"Boutique\",\"item\":\"https:\\\/\\\/shop.pontiacprintshop.com\\\/fr\\\/boutique\\\/\"},{\"@type\":\"ListItem\",\"position\":3,\"name\":\"Sous le soleil de la guerre\"}]},{\"@type\":\"WebSite\",\"@id\":\"https:\\\/\\\/shop.pontiacprintshop.com\\\/fr\\\/#website\",\"url\":\"https:\\\/\\\/shop.pontiacprintshop.com\\\/fr\\\/\",\"name\":\"Impremierie Pontiac Printshop\",\"description\":\"Serving the Pontiac and entire Ottawa Valley for more than 70 years\",\"publisher\":{\"@id\":\"https:\\\/\\\/shop.pontiacprintshop.com\\\/fr\\\/#organization\"},\"potentialAction\":[{\"@type\":\"SearchAction\",\"target\":{\"@type\":\"EntryPoint\",\"urlTemplate\":\"https:\\\/\\\/shop.pontiacprintshop.com\\\/fr\\\/?s={search_term_string}\"},\"query-input\":{\"@type\":\"PropertyValueSpecification\",\"valueRequired\":true,\"valueName\":\"search_term_string\"}}],\"inLanguage\":\"fr-FR\"},{\"@type\":\"Organization\",\"@id\":\"https:\\\/\\\/shop.pontiacprintshop.com\\\/fr\\\/#organization\",\"name\":\"Impremierie Pontiac Printshop\",\"url\":\"https:\\\/\\\/shop.pontiacprintshop.com\\\/fr\\\/\",\"logo\":{\"@type\":\"ImageObject\",\"inLanguage\":\"fr-FR\",\"@id\":\"https:\\\/\\\/shop.pontiacprintshop.com\\\/fr\\\/#\\\/schema\\\/logo\\\/image\\\/\",\"url\":\"https:\\\/\\\/shop.pontiacprintshop.com\\\/wp-content\\\/uploads\\\/2025\\\/08\\\/cropped-pontiac-printshop-green-copy-2.jpg\",\"contentUrl\":\"https:\\\/\\\/shop.pontiacprintshop.com\\\/wp-content\\\/uploads\\\/2025\\\/08\\\/cropped-pontiac-printshop-green-copy-2.jpg\",\"width\":512,\"height\":512,\"caption\":\"Impremierie Pontiac Printshop\"},\"image\":{\"@id\":\"https:\\\/\\\/shop.pontiacprintshop.com\\\/fr\\\/#\\\/schema\\\/logo\\\/image\\\/\"},\"sameAs\":[\"https:\\\/\\\/www.facebook.com\\\/profile.php?id=61579208464005\"]}]}<\/script>\n<!-- \/ Yoast SEO plugin. -->","yoast_head_json":{"title":"Sous le soleil de la guerre - Imprimierie Pontiac Printshop","robots":{"index":"index","follow":"follow","max-snippet":"max-snippet:-1","max-image-preview":"max-image-preview:large","max-video-preview":"max-video-preview:-1"},"canonical":"https:\/\/shop.pontiacprintshop.com\/fr\/produit\/sous-le-soleil-de-guerre\/","og_locale":"fr_FR","og_type":"article","og_title":"Sous le soleil de la guerre - Imprimierie Pontiac Printshop","og_description":"La guerre change tout, y compris les personnes rest\u00e9es au pays. Voici l'histoire d'une famille canadienne confront\u00e9e \u00e0 des difficult\u00e9s \u00e9conomiques dans sa petite ferme au Qu\u00e9bec. \u00c0 l'\u00e9t\u00e9 1939, elle part pour Toronto, anticipant des opportunit\u00e9s d'emploi li\u00e9es \u00e0 la guerre pour le p\u00e8re, le fils et les cinq filles a\u00een\u00e9es. Pour joindre les deux bouts, ils tiennent un restaurant \u00e0 Scarborough jusqu'\u00e0 l'ouverture de l'usine de munitions GECO en 1941, o\u00f9 le p\u00e8re et les filles trouvent du travail. Le fils unique est parti \u00e0 la guerre, laissant sa famille et une jeune \u00e9pouse mari\u00e9e depuis moins d'un an. Il reste absent longtemps. Cette famille travailleuse montre de quoi elle est faite en affrontant les peurs et les d\u00e9fis de la guerre. Leur foi profonde les aide \u00e0 traverser les moments difficiles, tandis que des \u00e9v\u00e9nements au pays et \u00e0 l'\u00e9tranger changent irr\u00e9vocablement leur vie.","og_url":"https:\/\/shop.pontiacprintshop.com\/fr\/produit\/sous-le-soleil-de-guerre\/","og_site_name":"Imprimierie Pontiac Printshop","article_publisher":"https:\/\/www.facebook.com\/profile.php?id=61579208464005","article_modified_time":"2026-04-13T22:49:28+00:00","og_image":[{"width":647,"height":1000,"url":"https:\/\/shop.pontiacprintshop.com\/wp-content\/uploads\/2025\/05\/under-the-wartime-sun.jpg","type":"image\/jpeg"}],"twitter_card":"summary_large_image","twitter_misc":{"Dur\u00e9e de lecture estim\u00e9e":"1 minute"},"schema":{"@context":"https:\/\/schema.org","@graph":[{"@type":"WebPage","@id":"https:\/\/shop.pontiacprintshop.com\/fr\/produit\/sous-le-soleil-de-guerre\/","url":"https:\/\/shop.pontiacprintshop.com\/fr\/produit\/sous-le-soleil-de-guerre\/","name":"Sous le soleil de la guerre - Imprimierie Pontiac Printshop","isPartOf":{"@id":"https:\/\/shop.pontiacprintshop.com\/fr\/#website"},"primaryImageOfPage":{"@id":"https:\/\/shop.pontiacprintshop.com\/fr\/produit\/sous-le-soleil-de-guerre\/#primaryimage"},"image":{"@id":"https:\/\/shop.pontiacprintshop.com\/fr\/produit\/sous-le-soleil-de-guerre\/#primaryimage"},"thumbnailUrl":"https:\/\/shop.pontiacprintshop.com\/wp-content\/uploads\/2025\/05\/under-the-wartime-sun.jpg","datePublished":"2025-05-18T20:10:18+00:00","dateModified":"2026-04-13T22:49:28+00:00","breadcrumb":{"@id":"https:\/\/shop.pontiacprintshop.com\/fr\/produit\/sous-le-soleil-de-guerre\/#breadcrumb"},"inLanguage":"fr-FR","potentialAction":[{"@type":"ReadAction","target":["https:\/\/shop.pontiacprintshop.com\/fr\/produit\/sous-le-soleil-de-guerre\/"]}]},{"@type":"ImageObject","inLanguage":"fr-FR","@id":"https:\/\/shop.pontiacprintshop.com\/fr\/produit\/sous-le-soleil-de-guerre\/#primaryimage","url":"https:\/\/shop.pontiacprintshop.com\/wp-content\/uploads\/2025\/05\/under-the-wartime-sun.jpg","contentUrl":"https:\/\/shop.pontiacprintshop.com\/wp-content\/uploads\/2025\/05\/under-the-wartime-sun.jpg","width":647,"height":1000},{"@type":"BreadcrumbList","@id":"https:\/\/shop.pontiacprintshop.com\/fr\/produit\/sous-le-soleil-de-guerre\/#breadcrumb","itemListElement":[{"@type":"ListItem","position":1,"name":"Home","item":"https:\/\/shop.pontiacprintshop.com\/fr\/"},{"@type":"ListItem","position":2,"name":"Boutique","item":"https:\/\/shop.pontiacprintshop.com\/fr\/boutique\/"},{"@type":"ListItem","position":3,"name":"Sous le soleil de la guerre"}]},{"@type":"WebSite","@id":"https:\/\/shop.pontiacprintshop.com\/fr\/#website","url":"https:\/\/shop.pontiacprintshop.com\/fr\/","name":"Impremierie Pontiac Printshop","description":"Serving the Pontiac and entire Ottawa Valley for more than 70 years","publisher":{"@id":"https:\/\/shop.pontiacprintshop.com\/fr\/#organization"},"potentialAction":[{"@type":"SearchAction","target":{"@type":"EntryPoint","urlTemplate":"https:\/\/shop.pontiacprintshop.com\/fr\/?s={search_term_string}"},"query-input":{"@type":"PropertyValueSpecification","valueRequired":true,"valueName":"search_term_string"}}],"inLanguage":"fr-FR"},{"@type":"Organization","@id":"https:\/\/shop.pontiacprintshop.com\/fr\/#organization","name":"Impremierie Pontiac Printshop","url":"https:\/\/shop.pontiacprintshop.com\/fr\/","logo":{"@type":"ImageObject","inLanguage":"fr-FR","@id":"https:\/\/shop.pontiacprintshop.com\/fr\/#\/schema\/logo\/image\/","url":"https:\/\/shop.pontiacprintshop.com\/wp-content\/uploads\/2025\/08\/cropped-pontiac-printshop-green-copy-2.jpg","contentUrl":"https:\/\/shop.pontiacprintshop.com\/wp-content\/uploads\/2025\/08\/cropped-pontiac-printshop-green-copy-2.jpg","width":512,"height":512,"caption":"Impremierie Pontiac Printshop"},"image":{"@id":"https:\/\/shop.pontiacprintshop.com\/fr\/#\/schema\/logo\/image\/"},"sameAs":["https:\/\/www.facebook.com\/profile.php?id=61579208464005"]}]}},"_links":{"self":[{"href":"https:\/\/shop.pontiacprintshop.com\/fr\/wp-json\/wp\/v2\/product\/727","targetHints":{"allow":["GET"]}}],"collection":[{"href":"https:\/\/shop.pontiacprintshop.com\/fr\/wp-json\/wp\/v2\/product"}],"about":[{"href":"https:\/\/shop.pontiacprintshop.com\/fr\/wp-json\/wp\/v2\/types\/product"}],"replies":[{"embeddable":true,"href":"https:\/\/shop.pontiacprintshop.com\/fr\/wp-json\/wp\/v2\/comments?post=727"}],"wp:featuredmedia":[{"embeddable":true,"href":"https:\/\/shop.pontiacprintshop.com\/fr\/wp-json\/wp\/v2\/media\/546"}],"wp:attachment":[{"href":"https:\/\/shop.pontiacprintshop.com\/fr\/wp-json\/wp\/v2\/media?parent=727"}],"wp:term":[{"taxonomy":"product_brand","embeddable":true,"href":"https:\/\/shop.pontiacprintshop.com\/fr\/wp-json\/wp\/v2\/product_brand?post=727"},{"taxonomy":"product_cat","embeddable":true,"href":"https:\/\/shop.pontiacprintshop.com\/fr\/wp-json\/wp\/v2\/product_cat?post=727"},{"taxonomy":"product_tag","embeddable":true,"href":"https:\/\/shop.pontiacprintshop.com\/fr\/wp-json\/wp\/v2\/product_tag?post=727"}],"curies":[{"name":"wp","href":"https:\/\/api.w.org\/{rel}","templated":true}]}}