{"id":730,"date":"2025-08-08T23:36:34","date_gmt":"2025-08-08T23:36:34","guid":{"rendered":"https:\/\/shop.pontiacprintshop.com\/product\/poemes-du-pontiac\/"},"modified":"2025-09-02T18:55:33","modified_gmt":"2025-09-02T22:55:33","slug":"poemes-du-pontiac","status":"publish","type":"product","link":"https:\/\/shop.pontiacprintshop.com\/fr\/produit\/poemes-du-pontiac\/","title":{"rendered":"Po\u00e8mes du Pontiac"},"content":{"rendered":"<p>La po\u00e9sie de Lucy Wyman Edey et de Fred Coyne pr\u00e9sente une image du comt\u00e9 de Pontiac tel qu&rsquo;il a \u00e9t\u00e9, avec de nombreuses v\u00e9rit\u00e9s opportunes pour aujourd&rsquo;hui et demain. Cette collection, r\u00e9imprim\u00e9e \u00e0 partir de <em data-start=\"180\" data-end=\"192\">The Equity<\/em>, est d\u00e9di\u00e9e \u00e0 l&rsquo;espoir que, bien que ces po\u00e8tes soient d\u00e9c\u00e9d\u00e9s, leurs vers ne seront pas oubli\u00e9s. <\/p>\n<p data-start=\"0\" data-end=\"196\">LUCY WYMAN EDEY :<br data-start=\"16\" data-end=\"19\">Pionniers, 1<br data-start=\"30\" data-end=\"33\">Le s\u00e9parateur, 5<br data-start=\"49\" data-end=\"52\">Les trois visiteurs, 6<br data-start=\"74\" data-end=\"77\">\u00ab Il ne mord pas ! \u00bb, 10<br data-start=\"97\" data-end=\"100\">Il y a soixante ans, 12<br data-start=\"119\" data-end=\"122\">Le fusil Snider, 17<br data-start=\"142\" data-end=\"145\">Le soupir des pins, 20<br data-start=\"169\" data-end=\"172\">Le dernier homme de Pontiac, 21<\/p>\n<p data-start=\"198\" data-end=\"443\" data-is-last-node=\"\" data-is-only-node=\"\">FRED COYNE :<br data-start=\"209\" data-end=\"212\">Ballade des flotteurs de bois, 28<br data-start=\"237\" data-end=\"240\">Route d&rsquo;Ottawa et d&rsquo;Opeongo, 30<br data-start=\"267\" data-end=\"270\">La Roche Min\u00e9e, 31<br data-start=\"288\" data-end=\"291\">Pageant de couleurs, 32<br data-start=\"309\" data-end=\"312\">Algonquins de l&rsquo;\u00cele, 33<br data-start=\"338\" data-end=\"341\">Aube sur le lac des Chats, 34<br data-start=\"372\" data-end=\"375\">Notre \u00e9rable, 35<br data-start=\"388\" data-end=\"391\">Le portage du fort, 36<br data-start=\"418\" data-end=\"421\">Fantaisie du riverman, 37<\/p>\n<p>ISBN 0-919942-02-4<br \/>\nCopyright \u00a9 1976 par Pontiac printshop ltd.,<\/p>\n","protected":false},"excerpt":{"rendered":"<p>La po\u00e9sie de Lucy Wyman Edey et de Fred Coyne pr\u00e9sente une image du comt\u00e9 de Pontiac tel qu&rsquo;il a \u00e9t\u00e9, avec de nombreuses v\u00e9rit\u00e9s opportunes pour aujourd&rsquo;hui et demain. Cette collection, r\u00e9imprim\u00e9e \u00e0 partir de <em data-start=\"180\" data-end=\"192\">The Equity<\/em>, est d\u00e9di\u00e9e \u00e0 l&rsquo;espoir que, bien que ces po\u00e8tes soient d\u00e9c\u00e9d\u00e9s, leurs vers ne seront pas oubli\u00e9s. <\/p>\n","protected":false},"featured_media":562,"comment_status":"open","ping_status":"closed","template":"","meta":{"_acf_changed":false},"product_brand":[],"product_cat":[47],"product_tag":[],"class_list":{"0":"post-730","1":"product","2":"type-product","3":"status-publish","4":"has-post-thumbnail","6":"product_cat-livres","8":"first","9":"instock","10":"taxable","11":"shipping-taxable","12":"purchasable","13":"product-type-simple"},"acf":[],"yoast_head":"<!-- This site is optimized with the Yoast SEO plugin v27.4 - https:\/\/yoast.com\/product\/yoast-seo-wordpress\/ -->\n<title>Po\u00e8mes du Pontiac - Imprimierie Pontiac Printshop<\/title>\n<meta name=\"robots\" content=\"index, follow, max-snippet:-1, max-image-preview:large, max-video-preview:-1\" \/>\n<link rel=\"canonical\" href=\"https:\/\/shop.pontiacprintshop.com\/fr\/produit\/poemes-du-pontiac\/\" \/>\n<meta property=\"og:locale\" content=\"fr_FR\" \/>\n<meta property=\"og:type\" content=\"article\" \/>\n<meta property=\"og:title\" content=\"Po\u00e8mes du Pontiac - Imprimierie Pontiac Printshop\" \/>\n<meta property=\"og:description\" content=\"La po\u00e9sie de Lucy Wyman Edey et de Fred Coyne pr\u00e9sente une image du comt\u00e9 de Pontiac tel qu&#039;il a \u00e9t\u00e9, avec de nombreuses v\u00e9rit\u00e9s opportunes pour aujourd&#039;hui et demain. Cette collection, r\u00e9imprim\u00e9e \u00e0 partir de The Equity, est d\u00e9di\u00e9e \u00e0 l&#039;espoir que, bien que ces po\u00e8tes soient d\u00e9c\u00e9d\u00e9s, leurs vers ne seront pas oubli\u00e9s.\" \/>\n<meta property=\"og:url\" content=\"https:\/\/shop.pontiacprintshop.com\/fr\/produit\/poemes-du-pontiac\/\" \/>\n<meta property=\"og:site_name\" content=\"Imprimierie Pontiac Printshop\" \/>\n<meta property=\"article:publisher\" content=\"https:\/\/www.facebook.com\/profile.php?id=61579208464005\" \/>\n<meta property=\"article:modified_time\" content=\"2025-09-02T22:55:33+00:00\" \/>\n<meta property=\"og:image\" content=\"https:\/\/shop.pontiacprintshop.com\/wp-content\/uploads\/2025\/08\/poems-of-the-pontiac-scaled.jpg\" \/>\n\t<meta property=\"og:image:width\" content=\"1573\" \/>\n\t<meta property=\"og:image:height\" content=\"2560\" \/>\n\t<meta property=\"og:image:type\" content=\"image\/jpeg\" \/>\n<meta name=\"twitter:card\" content=\"summary_large_image\" \/>\n<meta name=\"twitter:label1\" content=\"Dur\u00e9e de lecture estim\u00e9e\" \/>\n\t<meta name=\"twitter:data1\" content=\"1 minute\" \/>\n<script type=\"application\/ld+json\" class=\"yoast-schema-graph\">{\"@context\":\"https:\\\/\\\/schema.org\",\"@graph\":[{\"@type\":\"WebPage\",\"@id\":\"https:\\\/\\\/shop.pontiacprintshop.com\\\/fr\\\/produit\\\/poemes-du-pontiac\\\/\",\"url\":\"https:\\\/\\\/shop.pontiacprintshop.com\\\/fr\\\/produit\\\/poemes-du-pontiac\\\/\",\"name\":\"Po\u00e8mes du Pontiac - Imprimierie Pontiac Printshop\",\"isPartOf\":{\"@id\":\"https:\\\/\\\/shop.pontiacprintshop.com\\\/fr\\\/#website\"},\"primaryImageOfPage\":{\"@id\":\"https:\\\/\\\/shop.pontiacprintshop.com\\\/fr\\\/produit\\\/poemes-du-pontiac\\\/#primaryimage\"},\"image\":{\"@id\":\"https:\\\/\\\/shop.pontiacprintshop.com\\\/fr\\\/produit\\\/poemes-du-pontiac\\\/#primaryimage\"},\"thumbnailUrl\":\"https:\\\/\\\/shop.pontiacprintshop.com\\\/wp-content\\\/uploads\\\/2025\\\/08\\\/poems-of-the-pontiac-scaled.jpg\",\"datePublished\":\"2025-08-08T23:36:34+00:00\",\"dateModified\":\"2025-09-02T22:55:33+00:00\",\"breadcrumb\":{\"@id\":\"https:\\\/\\\/shop.pontiacprintshop.com\\\/fr\\\/produit\\\/poemes-du-pontiac\\\/#breadcrumb\"},\"inLanguage\":\"fr-FR\",\"potentialAction\":[{\"@type\":\"ReadAction\",\"target\":[\"https:\\\/\\\/shop.pontiacprintshop.com\\\/fr\\\/produit\\\/poemes-du-pontiac\\\/\"]}]},{\"@type\":\"ImageObject\",\"inLanguage\":\"fr-FR\",\"@id\":\"https:\\\/\\\/shop.pontiacprintshop.com\\\/fr\\\/produit\\\/poemes-du-pontiac\\\/#primaryimage\",\"url\":\"https:\\\/\\\/shop.pontiacprintshop.com\\\/wp-content\\\/uploads\\\/2025\\\/08\\\/poems-of-the-pontiac-scaled.jpg\",\"contentUrl\":\"https:\\\/\\\/shop.pontiacprintshop.com\\\/wp-content\\\/uploads\\\/2025\\\/08\\\/poems-of-the-pontiac-scaled.jpg\",\"width\":1573,\"height\":2560,\"caption\":\"Po\u00e8mes du Pontiac\"},{\"@type\":\"BreadcrumbList\",\"@id\":\"https:\\\/\\\/shop.pontiacprintshop.com\\\/fr\\\/produit\\\/poemes-du-pontiac\\\/#breadcrumb\",\"itemListElement\":[{\"@type\":\"ListItem\",\"position\":1,\"name\":\"Home\",\"item\":\"https:\\\/\\\/shop.pontiacprintshop.com\\\/fr\\\/\"},{\"@type\":\"ListItem\",\"position\":2,\"name\":\"Boutique\",\"item\":\"https:\\\/\\\/shop.pontiacprintshop.com\\\/fr\\\/boutique\\\/\"},{\"@type\":\"ListItem\",\"position\":3,\"name\":\"Po\u00e8mes du Pontiac\"}]},{\"@type\":\"WebSite\",\"@id\":\"https:\\\/\\\/shop.pontiacprintshop.com\\\/fr\\\/#website\",\"url\":\"https:\\\/\\\/shop.pontiacprintshop.com\\\/fr\\\/\",\"name\":\"Impremierie Pontiac Printshop\",\"description\":\"Serving the Pontiac and entire Ottawa Valley for more than 70 years\",\"publisher\":{\"@id\":\"https:\\\/\\\/shop.pontiacprintshop.com\\\/fr\\\/#organization\"},\"potentialAction\":[{\"@type\":\"SearchAction\",\"target\":{\"@type\":\"EntryPoint\",\"urlTemplate\":\"https:\\\/\\\/shop.pontiacprintshop.com\\\/fr\\\/?s={search_term_string}\"},\"query-input\":{\"@type\":\"PropertyValueSpecification\",\"valueRequired\":true,\"valueName\":\"search_term_string\"}}],\"inLanguage\":\"fr-FR\"},{\"@type\":\"Organization\",\"@id\":\"https:\\\/\\\/shop.pontiacprintshop.com\\\/fr\\\/#organization\",\"name\":\"Impremierie Pontiac Printshop\",\"url\":\"https:\\\/\\\/shop.pontiacprintshop.com\\\/fr\\\/\",\"logo\":{\"@type\":\"ImageObject\",\"inLanguage\":\"fr-FR\",\"@id\":\"https:\\\/\\\/shop.pontiacprintshop.com\\\/fr\\\/#\\\/schema\\\/logo\\\/image\\\/\",\"url\":\"https:\\\/\\\/shop.pontiacprintshop.com\\\/wp-content\\\/uploads\\\/2025\\\/08\\\/cropped-pontiac-printshop-green-copy-2.jpg\",\"contentUrl\":\"https:\\\/\\\/shop.pontiacprintshop.com\\\/wp-content\\\/uploads\\\/2025\\\/08\\\/cropped-pontiac-printshop-green-copy-2.jpg\",\"width\":512,\"height\":512,\"caption\":\"Impremierie Pontiac Printshop\"},\"image\":{\"@id\":\"https:\\\/\\\/shop.pontiacprintshop.com\\\/fr\\\/#\\\/schema\\\/logo\\\/image\\\/\"},\"sameAs\":[\"https:\\\/\\\/www.facebook.com\\\/profile.php?id=61579208464005\"]}]}<\/script>\n<!-- \/ Yoast SEO plugin. -->","yoast_head_json":{"title":"Po\u00e8mes du Pontiac - Imprimierie Pontiac Printshop","robots":{"index":"index","follow":"follow","max-snippet":"max-snippet:-1","max-image-preview":"max-image-preview:large","max-video-preview":"max-video-preview:-1"},"canonical":"https:\/\/shop.pontiacprintshop.com\/fr\/produit\/poemes-du-pontiac\/","og_locale":"fr_FR","og_type":"article","og_title":"Po\u00e8mes du Pontiac - Imprimierie Pontiac Printshop","og_description":"La po\u00e9sie de Lucy Wyman Edey et de Fred Coyne pr\u00e9sente une image du comt\u00e9 de Pontiac tel qu'il a \u00e9t\u00e9, avec de nombreuses v\u00e9rit\u00e9s opportunes pour aujourd'hui et demain. Cette collection, r\u00e9imprim\u00e9e \u00e0 partir de The Equity, est d\u00e9di\u00e9e \u00e0 l'espoir que, bien que ces po\u00e8tes soient d\u00e9c\u00e9d\u00e9s, leurs vers ne seront pas oubli\u00e9s.","og_url":"https:\/\/shop.pontiacprintshop.com\/fr\/produit\/poemes-du-pontiac\/","og_site_name":"Imprimierie Pontiac Printshop","article_publisher":"https:\/\/www.facebook.com\/profile.php?id=61579208464005","article_modified_time":"2025-09-02T22:55:33+00:00","og_image":[{"width":1573,"height":2560,"url":"https:\/\/shop.pontiacprintshop.com\/wp-content\/uploads\/2025\/08\/poems-of-the-pontiac-scaled.jpg","type":"image\/jpeg"}],"twitter_card":"summary_large_image","twitter_misc":{"Dur\u00e9e de lecture estim\u00e9e":"1 minute"},"schema":{"@context":"https:\/\/schema.org","@graph":[{"@type":"WebPage","@id":"https:\/\/shop.pontiacprintshop.com\/fr\/produit\/poemes-du-pontiac\/","url":"https:\/\/shop.pontiacprintshop.com\/fr\/produit\/poemes-du-pontiac\/","name":"Po\u00e8mes du Pontiac - Imprimierie Pontiac Printshop","isPartOf":{"@id":"https:\/\/shop.pontiacprintshop.com\/fr\/#website"},"primaryImageOfPage":{"@id":"https:\/\/shop.pontiacprintshop.com\/fr\/produit\/poemes-du-pontiac\/#primaryimage"},"image":{"@id":"https:\/\/shop.pontiacprintshop.com\/fr\/produit\/poemes-du-pontiac\/#primaryimage"},"thumbnailUrl":"https:\/\/shop.pontiacprintshop.com\/wp-content\/uploads\/2025\/08\/poems-of-the-pontiac-scaled.jpg","datePublished":"2025-08-08T23:36:34+00:00","dateModified":"2025-09-02T22:55:33+00:00","breadcrumb":{"@id":"https:\/\/shop.pontiacprintshop.com\/fr\/produit\/poemes-du-pontiac\/#breadcrumb"},"inLanguage":"fr-FR","potentialAction":[{"@type":"ReadAction","target":["https:\/\/shop.pontiacprintshop.com\/fr\/produit\/poemes-du-pontiac\/"]}]},{"@type":"ImageObject","inLanguage":"fr-FR","@id":"https:\/\/shop.pontiacprintshop.com\/fr\/produit\/poemes-du-pontiac\/#primaryimage","url":"https:\/\/shop.pontiacprintshop.com\/wp-content\/uploads\/2025\/08\/poems-of-the-pontiac-scaled.jpg","contentUrl":"https:\/\/shop.pontiacprintshop.com\/wp-content\/uploads\/2025\/08\/poems-of-the-pontiac-scaled.jpg","width":1573,"height":2560,"caption":"Po\u00e8mes du Pontiac"},{"@type":"BreadcrumbList","@id":"https:\/\/shop.pontiacprintshop.com\/fr\/produit\/poemes-du-pontiac\/#breadcrumb","itemListElement":[{"@type":"ListItem","position":1,"name":"Home","item":"https:\/\/shop.pontiacprintshop.com\/fr\/"},{"@type":"ListItem","position":2,"name":"Boutique","item":"https:\/\/shop.pontiacprintshop.com\/fr\/boutique\/"},{"@type":"ListItem","position":3,"name":"Po\u00e8mes du Pontiac"}]},{"@type":"WebSite","@id":"https:\/\/shop.pontiacprintshop.com\/fr\/#website","url":"https:\/\/shop.pontiacprintshop.com\/fr\/","name":"Impremierie Pontiac Printshop","description":"Serving the Pontiac and entire Ottawa Valley for more than 70 years","publisher":{"@id":"https:\/\/shop.pontiacprintshop.com\/fr\/#organization"},"potentialAction":[{"@type":"SearchAction","target":{"@type":"EntryPoint","urlTemplate":"https:\/\/shop.pontiacprintshop.com\/fr\/?s={search_term_string}"},"query-input":{"@type":"PropertyValueSpecification","valueRequired":true,"valueName":"search_term_string"}}],"inLanguage":"fr-FR"},{"@type":"Organization","@id":"https:\/\/shop.pontiacprintshop.com\/fr\/#organization","name":"Impremierie Pontiac Printshop","url":"https:\/\/shop.pontiacprintshop.com\/fr\/","logo":{"@type":"ImageObject","inLanguage":"fr-FR","@id":"https:\/\/shop.pontiacprintshop.com\/fr\/#\/schema\/logo\/image\/","url":"https:\/\/shop.pontiacprintshop.com\/wp-content\/uploads\/2025\/08\/cropped-pontiac-printshop-green-copy-2.jpg","contentUrl":"https:\/\/shop.pontiacprintshop.com\/wp-content\/uploads\/2025\/08\/cropped-pontiac-printshop-green-copy-2.jpg","width":512,"height":512,"caption":"Impremierie Pontiac Printshop"},"image":{"@id":"https:\/\/shop.pontiacprintshop.com\/fr\/#\/schema\/logo\/image\/"},"sameAs":["https:\/\/www.facebook.com\/profile.php?id=61579208464005"]}]}},"_links":{"self":[{"href":"https:\/\/shop.pontiacprintshop.com\/fr\/wp-json\/wp\/v2\/product\/730","targetHints":{"allow":["GET"]}}],"collection":[{"href":"https:\/\/shop.pontiacprintshop.com\/fr\/wp-json\/wp\/v2\/product"}],"about":[{"href":"https:\/\/shop.pontiacprintshop.com\/fr\/wp-json\/wp\/v2\/types\/product"}],"replies":[{"embeddable":true,"href":"https:\/\/shop.pontiacprintshop.com\/fr\/wp-json\/wp\/v2\/comments?post=730"}],"wp:featuredmedia":[{"embeddable":true,"href":"https:\/\/shop.pontiacprintshop.com\/fr\/wp-json\/wp\/v2\/media\/562"}],"wp:attachment":[{"href":"https:\/\/shop.pontiacprintshop.com\/fr\/wp-json\/wp\/v2\/media?parent=730"}],"wp:term":[{"taxonomy":"product_brand","embeddable":true,"href":"https:\/\/shop.pontiacprintshop.com\/fr\/wp-json\/wp\/v2\/product_brand?post=730"},{"taxonomy":"product_cat","embeddable":true,"href":"https:\/\/shop.pontiacprintshop.com\/fr\/wp-json\/wp\/v2\/product_cat?post=730"},{"taxonomy":"product_tag","embeddable":true,"href":"https:\/\/shop.pontiacprintshop.com\/fr\/wp-json\/wp\/v2\/product_tag?post=730"}],"curies":[{"name":"wp","href":"https:\/\/api.w.org\/{rel}","templated":true}]}}