{"id":732,"date":"2025-08-08T23:20:23","date_gmt":"2025-08-08T23:20:23","guid":{"rendered":"https:\/\/shop.pontiacprintshop.com\/product\/les-chansons-que-chante-lennox\/"},"modified":"2025-08-08T23:20:23","modified_gmt":"2025-08-08T23:20:23","slug":"les-chansons-que-chante-lennox","status":"publish","type":"product","link":"https:\/\/shop.pontiacprintshop.com\/fr\/produit\/les-chansons-que-chante-lennox\/","title":{"rendered":"Les chansons que chante Lennox"},"content":{"rendered":"<p data-start=\"33\" data-end=\"678\">Lorsque Lennox et Marguerite Gavan se sont install\u00e9s \u00e0 Quyon en 1947, \u00ab on aurait pu tirer au canon dans la rue principale le jour de la Saint-Patrick sans blesser \u00e2me qui vive \u00bb, selon Lennox. \u00c0 Chichester, ils \u00e9taient habitu\u00e9s aux pi\u00e8ces de th\u00e9\u00e2tre irlandaises annuelles dirig\u00e9es par le p\u00e8re Harrington \u00e0 Chapeau pour c\u00e9l\u00e9brer le 17 mars. Quand ils sont arriv\u00e9s \u00e0 Quyon, la f\u00eate la plus proche qu&rsquo;ils ont pu trouver le 17 \u00e9tait le concert des Clancy Brothers au vieux th\u00e9\u00e2tre Capital sur la rue Bank \u00e0 Ottawa. Bien que cela ait \u00e9t\u00e9 tr\u00e8s amusant et que Lennox ait eu le plaisir d&rsquo;\u00eatre pr\u00e9sent\u00e9 \u00e0 un bon ami de Liam Clancy, il s&rsquo;est dit une ann\u00e9e, \u00ab Pourquoi n&rsquo;organisons-nous pas une grande f\u00eate ici m\u00eame \u00e0 Quyon ? \u00bb<\/p>\n<p data-start=\"680\" data-end=\"1106\">\u00c0 cette \u00e9poque, Lennox faisait partie du conseil d&rsquo;administration de l&rsquo;\u00e9cole St. Mary&rsquo;s. Lorsqu&rsquo;il a demand\u00e9 aux autres membres du conseil ce qu&rsquo;ils penseraient d&rsquo;organiser un spectacle de vari\u00e9t\u00e9s dans l&rsquo;auditorium de l&rsquo;\u00e9cole le dimanche le plus proche du 17 mars, ils ont dit que c&rsquo;\u00e9tait une excellente id\u00e9e. Ainsi, en 1952, cela s&rsquo;est r\u00e9alis\u00e9. Mac Beattie et les Ottawa Valley Melodiers, Donnie Gilchrist et d&rsquo;autres danseurs de gigue, ainsi qu&rsquo;une foule de chanteurs et de violoneux locaux se sont joints \u00e0 la c\u00e9l\u00e9bration.<\/p>\n<p data-start=\"1108\" data-end=\"1678\">Peu apr\u00e8s, inspir\u00e9 par la chanson \u00ab The Chapeau Boys \u00bb, qui mentionne sept excellents violoneux, Lennox avait rassembl\u00e9 sept excellents violoneux de Quyon : Dominic Curley, Francis Daley, Cal Cummings Sr., Reggie Workman, Jerry Lafleur, Ervin McCann et Jackie Salmon. Ils se sont tous produits ensemble, non seulement \u00e0 Quyon, mais dans toute la vall\u00e9e de l&rsquo;Outaouais. Lennox chantait pendant que les violoneux \u00ab mettaient de la colophane sur leurs archets \u00bb. Quand ils jouaient, Lennox les chronom\u00e9trait avec un chronom\u00e8tre et utilisait son shillelagh comme une grande baguette pour leur signaler quand passer \u00e0 la s\u00e9lection suivante dans un medley, et quand s&rsquo;arr\u00eater.<\/p>\n<p data-start=\"1680\" data-end=\"2074\">Un jour, lors d&rsquo;un spectacle \u00e0 Renfrew, apr\u00e8s que le ma\u00eetre de c\u00e9r\u00e9monie eut annonc\u00e9 Lennox Gavan et ses sept excellents violoneux, ils commenc\u00e8rent \u00e0 se rassembler sur sc\u00e8ne. Lennox, regardant anxieusement autour de lui, compta et recompta les violoneux mais n&rsquo;en trouva jamais tout \u00e0 fait sept. Finalement, Cal Cummings lan\u00e7a doucement, \u00ab Lennox, tu peux compter autant que tu veux, mais tu ne peux pas faire sept avec six, \u00bb et ils commenc\u00e8rent \u00e0 jouer.<\/p>\n<p data-start=\"2076\" data-end=\"2437\">Bien que le nombre de violoneux ait chang\u00e9 au fil des ans, ils prennent toujours plaisir \u00e0 se produire avec Lennox \u00e0 chaque occasion. Parfois, ils sont rejoints par de jeunes violoneux, qui commencent \u00e0 apprendre les traditions du violon traditionnel. Et plus r\u00e9cemment, on trouve souvent Lennox accompagn\u00e9 de sa plus jeune fille, Gail, qui suit ses traces en tant que chanteuse talentueuse.<\/p>\n<p data-start=\"2439\" data-end=\"3056\" data-is-last-node=\"\" data-is-only-node=\"\">En 1961, en raison de l&rsquo;inqui\u00e9tude de certains citoyens locaux concernant un spectacle ayant lieu \u00e0 l&rsquo;\u00e9cole St. Mary&rsquo;s un dimanche, Lennox d\u00e9cida de d\u00e9placer tout le tintamarre dans son Shamrock Lounge nouvellement construit. Depuis lors, la renomm\u00e9e de ses spectacles de la Saint-Patrick s&rsquo;est r\u00e9pandue dans tout le Canada et en Irlande. Le p\u00e8lerinage annuel \u00e0 Quyon depuis des points \u00e9loign\u00e9s pour la c\u00e9l\u00e9bration du 17 mars s&rsquo;accro\u00eet chaque ann\u00e9e. En m\u00eame temps, les chanteurs, danseurs et musiciens du Pontiac qui ont fait leurs d\u00e9buts sous les encouragements bienveillants de Lennox Gavan au Shamrock Lounge portent le message musical du patrimoine du Pontiac aux quatre coins du monde.<\/p>\n","protected":false},"excerpt":{"rendered":"<p>Une collection de chansons et d&rsquo;histoires de Lennox Gavan, publi\u00e9e pour la premi\u00e8re fois en 1983.<\/p>\n","protected":false},"featured_media":304,"comment_status":"open","ping_status":"closed","template":"","meta":{"_acf_changed":false},"product_brand":[],"product_cat":[47],"product_tag":[],"class_list":{"0":"post-732","1":"product","2":"type-product","3":"status-publish","4":"has-post-thumbnail","6":"product_cat-livres","8":"first","9":"instock","10":"sale","11":"taxable","12":"shipping-taxable","13":"purchasable","14":"product-type-simple"},"acf":[],"yoast_head":"<!-- This site is optimized with the Yoast SEO plugin v27.4 - https:\/\/yoast.com\/product\/yoast-seo-wordpress\/ -->\n<title>Les chansons que chante Lennox - Imprimierie Pontiac Printshop<\/title>\n<meta name=\"robots\" content=\"index, follow, max-snippet:-1, max-image-preview:large, max-video-preview:-1\" \/>\n<link rel=\"canonical\" href=\"https:\/\/shop.pontiacprintshop.com\/fr\/produit\/les-chansons-que-chante-lennox\/\" \/>\n<meta property=\"og:locale\" content=\"fr_FR\" \/>\n<meta property=\"og:type\" content=\"article\" \/>\n<meta property=\"og:title\" content=\"Les chansons que chante Lennox - Imprimierie Pontiac Printshop\" \/>\n<meta property=\"og:description\" content=\"Une collection de chansons et d&#039;histoires de Lennox Gavan, publi\u00e9e pour la premi\u00e8re fois en 1983.\" \/>\n<meta property=\"og:url\" content=\"https:\/\/shop.pontiacprintshop.com\/fr\/produit\/les-chansons-que-chante-lennox\/\" \/>\n<meta property=\"og:site_name\" content=\"Imprimierie Pontiac Printshop\" \/>\n<meta property=\"article:publisher\" content=\"https:\/\/www.facebook.com\/profile.php?id=61579208464005\" \/>\n<meta property=\"og:image\" content=\"https:\/\/shop.pontiacprintshop.com\/wp-content\/uploads\/2025\/08\/songs-that-lennox-sings-795x1024.jpg\" \/>\n\t<meta property=\"og:image:width\" content=\"795\" \/>\n\t<meta property=\"og:image:height\" content=\"1024\" \/>\n\t<meta property=\"og:image:type\" content=\"image\/jpeg\" \/>\n<meta name=\"twitter:card\" content=\"summary_large_image\" \/>\n<meta name=\"twitter:label1\" content=\"Dur\u00e9e de lecture estim\u00e9e\" \/>\n\t<meta name=\"twitter:data1\" content=\"3 minutes\" \/>\n<script type=\"application\/ld+json\" class=\"yoast-schema-graph\">{\"@context\":\"https:\\\/\\\/schema.org\",\"@graph\":[{\"@type\":\"WebPage\",\"@id\":\"https:\\\/\\\/shop.pontiacprintshop.com\\\/fr\\\/produit\\\/les-chansons-que-chante-lennox\\\/\",\"url\":\"https:\\\/\\\/shop.pontiacprintshop.com\\\/fr\\\/produit\\\/les-chansons-que-chante-lennox\\\/\",\"name\":\"Les chansons que chante Lennox - Imprimierie Pontiac Printshop\",\"isPartOf\":{\"@id\":\"https:\\\/\\\/shop.pontiacprintshop.com\\\/fr\\\/#website\"},\"primaryImageOfPage\":{\"@id\":\"https:\\\/\\\/shop.pontiacprintshop.com\\\/fr\\\/produit\\\/les-chansons-que-chante-lennox\\\/#primaryimage\"},\"image\":{\"@id\":\"https:\\\/\\\/shop.pontiacprintshop.com\\\/fr\\\/produit\\\/les-chansons-que-chante-lennox\\\/#primaryimage\"},\"thumbnailUrl\":\"https:\\\/\\\/shop.pontiacprintshop.com\\\/wp-content\\\/uploads\\\/2025\\\/08\\\/songs-that-lennox-sings.jpg\",\"datePublished\":\"2025-08-08T23:20:23+00:00\",\"breadcrumb\":{\"@id\":\"https:\\\/\\\/shop.pontiacprintshop.com\\\/fr\\\/produit\\\/les-chansons-que-chante-lennox\\\/#breadcrumb\"},\"inLanguage\":\"fr-FR\",\"potentialAction\":[{\"@type\":\"ReadAction\",\"target\":[\"https:\\\/\\\/shop.pontiacprintshop.com\\\/fr\\\/produit\\\/les-chansons-que-chante-lennox\\\/\"]}]},{\"@type\":\"ImageObject\",\"inLanguage\":\"fr-FR\",\"@id\":\"https:\\\/\\\/shop.pontiacprintshop.com\\\/fr\\\/produit\\\/les-chansons-que-chante-lennox\\\/#primaryimage\",\"url\":\"https:\\\/\\\/shop.pontiacprintshop.com\\\/wp-content\\\/uploads\\\/2025\\\/08\\\/songs-that-lennox-sings.jpg\",\"contentUrl\":\"https:\\\/\\\/shop.pontiacprintshop.com\\\/wp-content\\\/uploads\\\/2025\\\/08\\\/songs-that-lennox-sings.jpg\",\"width\":1475,\"height\":1900,\"caption\":\"Songs that Lennox Sings\"},{\"@type\":\"BreadcrumbList\",\"@id\":\"https:\\\/\\\/shop.pontiacprintshop.com\\\/fr\\\/produit\\\/les-chansons-que-chante-lennox\\\/#breadcrumb\",\"itemListElement\":[{\"@type\":\"ListItem\",\"position\":1,\"name\":\"Home\",\"item\":\"https:\\\/\\\/shop.pontiacprintshop.com\\\/fr\\\/\"},{\"@type\":\"ListItem\",\"position\":2,\"name\":\"Boutique\",\"item\":\"https:\\\/\\\/shop.pontiacprintshop.com\\\/fr\\\/boutique\\\/\"},{\"@type\":\"ListItem\",\"position\":3,\"name\":\"Les chansons que chante Lennox\"}]},{\"@type\":\"WebSite\",\"@id\":\"https:\\\/\\\/shop.pontiacprintshop.com\\\/fr\\\/#website\",\"url\":\"https:\\\/\\\/shop.pontiacprintshop.com\\\/fr\\\/\",\"name\":\"Impremierie Pontiac Printshop\",\"description\":\"Serving the Pontiac and entire Ottawa Valley for more than 70 years\",\"publisher\":{\"@id\":\"https:\\\/\\\/shop.pontiacprintshop.com\\\/fr\\\/#organization\"},\"potentialAction\":[{\"@type\":\"SearchAction\",\"target\":{\"@type\":\"EntryPoint\",\"urlTemplate\":\"https:\\\/\\\/shop.pontiacprintshop.com\\\/fr\\\/?s={search_term_string}\"},\"query-input\":{\"@type\":\"PropertyValueSpecification\",\"valueRequired\":true,\"valueName\":\"search_term_string\"}}],\"inLanguage\":\"fr-FR\"},{\"@type\":\"Organization\",\"@id\":\"https:\\\/\\\/shop.pontiacprintshop.com\\\/fr\\\/#organization\",\"name\":\"Impremierie Pontiac Printshop\",\"url\":\"https:\\\/\\\/shop.pontiacprintshop.com\\\/fr\\\/\",\"logo\":{\"@type\":\"ImageObject\",\"inLanguage\":\"fr-FR\",\"@id\":\"https:\\\/\\\/shop.pontiacprintshop.com\\\/fr\\\/#\\\/schema\\\/logo\\\/image\\\/\",\"url\":\"https:\\\/\\\/shop.pontiacprintshop.com\\\/wp-content\\\/uploads\\\/2025\\\/08\\\/cropped-pontiac-printshop-green-copy-2.jpg\",\"contentUrl\":\"https:\\\/\\\/shop.pontiacprintshop.com\\\/wp-content\\\/uploads\\\/2025\\\/08\\\/cropped-pontiac-printshop-green-copy-2.jpg\",\"width\":512,\"height\":512,\"caption\":\"Impremierie Pontiac Printshop\"},\"image\":{\"@id\":\"https:\\\/\\\/shop.pontiacprintshop.com\\\/fr\\\/#\\\/schema\\\/logo\\\/image\\\/\"},\"sameAs\":[\"https:\\\/\\\/www.facebook.com\\\/profile.php?id=61579208464005\"]}]}<\/script>\n<!-- \/ Yoast SEO plugin. -->","yoast_head_json":{"title":"Les chansons que chante Lennox - Imprimierie Pontiac Printshop","robots":{"index":"index","follow":"follow","max-snippet":"max-snippet:-1","max-image-preview":"max-image-preview:large","max-video-preview":"max-video-preview:-1"},"canonical":"https:\/\/shop.pontiacprintshop.com\/fr\/produit\/les-chansons-que-chante-lennox\/","og_locale":"fr_FR","og_type":"article","og_title":"Les chansons que chante Lennox - Imprimierie Pontiac Printshop","og_description":"Une collection de chansons et d'histoires de Lennox Gavan, publi\u00e9e pour la premi\u00e8re fois en 1983.","og_url":"https:\/\/shop.pontiacprintshop.com\/fr\/produit\/les-chansons-que-chante-lennox\/","og_site_name":"Imprimierie Pontiac Printshop","article_publisher":"https:\/\/www.facebook.com\/profile.php?id=61579208464005","og_image":[{"width":795,"height":1024,"url":"https:\/\/shop.pontiacprintshop.com\/wp-content\/uploads\/2025\/08\/songs-that-lennox-sings-795x1024.jpg","type":"image\/jpeg"}],"twitter_card":"summary_large_image","twitter_misc":{"Dur\u00e9e de lecture estim\u00e9e":"3 minutes"},"schema":{"@context":"https:\/\/schema.org","@graph":[{"@type":"WebPage","@id":"https:\/\/shop.pontiacprintshop.com\/fr\/produit\/les-chansons-que-chante-lennox\/","url":"https:\/\/shop.pontiacprintshop.com\/fr\/produit\/les-chansons-que-chante-lennox\/","name":"Les chansons que chante Lennox - Imprimierie Pontiac Printshop","isPartOf":{"@id":"https:\/\/shop.pontiacprintshop.com\/fr\/#website"},"primaryImageOfPage":{"@id":"https:\/\/shop.pontiacprintshop.com\/fr\/produit\/les-chansons-que-chante-lennox\/#primaryimage"},"image":{"@id":"https:\/\/shop.pontiacprintshop.com\/fr\/produit\/les-chansons-que-chante-lennox\/#primaryimage"},"thumbnailUrl":"https:\/\/shop.pontiacprintshop.com\/wp-content\/uploads\/2025\/08\/songs-that-lennox-sings.jpg","datePublished":"2025-08-08T23:20:23+00:00","breadcrumb":{"@id":"https:\/\/shop.pontiacprintshop.com\/fr\/produit\/les-chansons-que-chante-lennox\/#breadcrumb"},"inLanguage":"fr-FR","potentialAction":[{"@type":"ReadAction","target":["https:\/\/shop.pontiacprintshop.com\/fr\/produit\/les-chansons-que-chante-lennox\/"]}]},{"@type":"ImageObject","inLanguage":"fr-FR","@id":"https:\/\/shop.pontiacprintshop.com\/fr\/produit\/les-chansons-que-chante-lennox\/#primaryimage","url":"https:\/\/shop.pontiacprintshop.com\/wp-content\/uploads\/2025\/08\/songs-that-lennox-sings.jpg","contentUrl":"https:\/\/shop.pontiacprintshop.com\/wp-content\/uploads\/2025\/08\/songs-that-lennox-sings.jpg","width":1475,"height":1900,"caption":"Songs that Lennox Sings"},{"@type":"BreadcrumbList","@id":"https:\/\/shop.pontiacprintshop.com\/fr\/produit\/les-chansons-que-chante-lennox\/#breadcrumb","itemListElement":[{"@type":"ListItem","position":1,"name":"Home","item":"https:\/\/shop.pontiacprintshop.com\/fr\/"},{"@type":"ListItem","position":2,"name":"Boutique","item":"https:\/\/shop.pontiacprintshop.com\/fr\/boutique\/"},{"@type":"ListItem","position":3,"name":"Les chansons que chante Lennox"}]},{"@type":"WebSite","@id":"https:\/\/shop.pontiacprintshop.com\/fr\/#website","url":"https:\/\/shop.pontiacprintshop.com\/fr\/","name":"Impremierie Pontiac Printshop","description":"Serving the Pontiac and entire Ottawa Valley for more than 70 years","publisher":{"@id":"https:\/\/shop.pontiacprintshop.com\/fr\/#organization"},"potentialAction":[{"@type":"SearchAction","target":{"@type":"EntryPoint","urlTemplate":"https:\/\/shop.pontiacprintshop.com\/fr\/?s={search_term_string}"},"query-input":{"@type":"PropertyValueSpecification","valueRequired":true,"valueName":"search_term_string"}}],"inLanguage":"fr-FR"},{"@type":"Organization","@id":"https:\/\/shop.pontiacprintshop.com\/fr\/#organization","name":"Impremierie Pontiac Printshop","url":"https:\/\/shop.pontiacprintshop.com\/fr\/","logo":{"@type":"ImageObject","inLanguage":"fr-FR","@id":"https:\/\/shop.pontiacprintshop.com\/fr\/#\/schema\/logo\/image\/","url":"https:\/\/shop.pontiacprintshop.com\/wp-content\/uploads\/2025\/08\/cropped-pontiac-printshop-green-copy-2.jpg","contentUrl":"https:\/\/shop.pontiacprintshop.com\/wp-content\/uploads\/2025\/08\/cropped-pontiac-printshop-green-copy-2.jpg","width":512,"height":512,"caption":"Impremierie Pontiac Printshop"},"image":{"@id":"https:\/\/shop.pontiacprintshop.com\/fr\/#\/schema\/logo\/image\/"},"sameAs":["https:\/\/www.facebook.com\/profile.php?id=61579208464005"]}]}},"_links":{"self":[{"href":"https:\/\/shop.pontiacprintshop.com\/fr\/wp-json\/wp\/v2\/product\/732","targetHints":{"allow":["GET"]}}],"collection":[{"href":"https:\/\/shop.pontiacprintshop.com\/fr\/wp-json\/wp\/v2\/product"}],"about":[{"href":"https:\/\/shop.pontiacprintshop.com\/fr\/wp-json\/wp\/v2\/types\/product"}],"replies":[{"embeddable":true,"href":"https:\/\/shop.pontiacprintshop.com\/fr\/wp-json\/wp\/v2\/comments?post=732"}],"wp:featuredmedia":[{"embeddable":true,"href":"https:\/\/shop.pontiacprintshop.com\/fr\/wp-json\/wp\/v2\/media\/304"}],"wp:attachment":[{"href":"https:\/\/shop.pontiacprintshop.com\/fr\/wp-json\/wp\/v2\/media?parent=732"}],"wp:term":[{"taxonomy":"product_brand","embeddable":true,"href":"https:\/\/shop.pontiacprintshop.com\/fr\/wp-json\/wp\/v2\/product_brand?post=732"},{"taxonomy":"product_cat","embeddable":true,"href":"https:\/\/shop.pontiacprintshop.com\/fr\/wp-json\/wp\/v2\/product_cat?post=732"},{"taxonomy":"product_tag","embeddable":true,"href":"https:\/\/shop.pontiacprintshop.com\/fr\/wp-json\/wp\/v2\/product_tag?post=732"}],"curies":[{"name":"wp","href":"https:\/\/api.w.org\/{rel}","templated":true}]}}