{"id":734,"date":"2025-05-18T15:24:34","date_gmt":"2025-05-18T15:24:34","guid":{"rendered":"https:\/\/shop.pontiacprintshop.com\/product\/casquette-canada-pas-a-vendre\/"},"modified":"2026-04-13T19:45:55","modified_gmt":"2026-04-13T23:45:55","slug":"casquette-canada-pas-a-vendre","status":"publish","type":"product","link":"https:\/\/shop.pontiacprintshop.com\/fr\/produit\/casquette-canada-pas-a-vendre\/","title":{"rendered":"Casquette \u00ab Canada pas \u00e0 vendre \u00bb"},"content":{"rendered":"<p data-start=\"0\" data-end=\"288\"><span class=\"_fadeIn_m1hgl_8\">Le <\/span><strong data-start=\"4\" data-end=\"27\"><span class=\"_fadeIn_m1hgl_8\">Canada <\/span><span class=\"_fadeIn_m1hgl_8\">pas <\/span><span class=\"_fadeIn_m1hgl_8\">\u00e0 <\/span><span class=\"_fadeIn_m1hgl_8\">vendre<\/span><\/strong> <span class=\"_fadeIn_m1hgl_8\">casquette  <\/span><span class=\"_fadeIn_m1hgl_8\">est  <\/span><span class=\"_fadeIn_m1hgl_8\">un  <\/span><span class=\"_fadeIn_m1hgl_8\">une fa\u00e7on audacieuse  <\/span><span class=\"_fadeIn_m1hgl_8\">de  <\/span><span class=\"_fadeIn_m1hgl_8\">pour  <\/span><span class=\"_fadeIn_m1hgl_8\">montrer  <\/span><span class=\"_fadeIn_m1hgl_8\">votre  <\/span><span class=\"_fadeIn_m1hgl_8\">\u00e0  <\/span><span class=\"_fadeIn_m1hgl_8\">position.  <\/span><span class=\"_fadeIn_m1hgl_8\">Cette  <\/span><span class=\"_fadeIn_m1hgl_8\">casquette  <\/span><span class=\"_fadeIn_m1hgl_8\">noire  <\/span><span class=\"_fadeIn_m1hgl_8\">classique  <\/span><span class=\"_fadeIn_m1hgl_8\">arbore  <\/span><span class=\"_fadeIn_m1hgl_8\">une  <\/span><span class=\"_fadeIn_m1hgl_8\">broderie  <\/span><span class=\"_fadeIn_m1hgl_8\">blanche  <\/span><span class=\"_fadeIn_m1hgl_8\">de  <\/span><span class=\"_fadeIn_m1hgl_8\">le  <\/span><span class=\"_fadeIn_m1hgl_8\">du message  <\/span><span class=\"_fadeIn_m1hgl_8\">en plein  <\/span><span class=\"_fadeIn_m1hgl_8\">et  <\/span><span class=\"_fadeIn_m1hgl_8\">centre \u2014  <\/span><span class=\"_fadeIn_m1hgl_8\">sans  <\/span><span class=\"_fadeIn_m1hgl_8\">fioritures,  <\/span><span class=\"_fadeIn_m1hgl_8\">d\u00e9butiez  <\/span><span class=\"_fadeIn_m1hgl_8\">des faits.  <\/span><span class=\"_fadeIn_m1hgl_8\">Con\u00e7ue  <\/span><span class=\"_fadeIn_m1hgl_8\">pour  <\/span><span class=\"_fadeIn_m1hgl_8\">pour le confort  <\/span><span class=\"_fadeIn_m1hgl_8\">et  <\/span><span class=\"_fadeIn_m1hgl_8\">au quotidien,  <\/span><span class=\"_fadeIn_m1hgl_8\"> <\/span><span class=\"_fadeIn_m1hgl_8\">c&rsquo;est  <\/span><span class=\"_fadeIn_m1hgl_8\">un  <\/span><span class=\"_fadeIn_m1hgl_8\">moyen  <\/span><span class=\"_fadeIn_m1hgl_8\">facile  <\/span><span class=\"_fadeIn_m1hgl_8\">pour  <\/span><span class=\"_fadeIn_m1hgl_8\">susciter  <\/span><span class=\"_fadeIn_m1hgl_8\">un  <\/span><span class=\"_fadeIn_m1hgl_8\">la conversation  <\/span><span class=\"_fadeIn_m1hgl_8\">ou  <\/span><span class=\"_fadeIn_m1hgl_8\">en fait  <\/span><span class=\"_fadeIn_m1hgl_8\">votre  <\/span><span class=\"_fadeIn_m1hgl_8\">fiable  <\/span><span class=\"_fadeIn_m1hgl_8\">voix.<\/span><\/p>\n<p data-start=\"0\" data-end=\"288\">\n","protected":false},"excerpt":{"rendered":"<p><span class=\"_fadeIn_m1hgl_8\">La <\/span><strong data-start=\"4\" data-end=\"27\"><span class=\"_fadeIn_m1hgl_8\">casquette <\/span><span class=\"_fadeIn_m1hgl_8\">Canada <\/span><span class=\"_fadeIn_m1hgl_8\">pas <\/span><span class=\"_fadeIn_m1hgl_8\">\u00e0 vendre<\/span><\/strong> <span class=\"_fadeIn_m1hgl_8\"> <\/span><span class=\"_fadeIn_m1hgl_8\">est  <\/span><span class=\"_fadeIn_m1hgl_8\">un  <\/span><span class=\"_fadeIn_m1hgl_8\">une fa\u00e7on audacieuse  <\/span><span class=\"_fadeIn_m1hgl_8\">de  <\/span><span class=\"_fadeIn_m1hgl_8\">pour  <\/span><span class=\"_fadeIn_m1hgl_8\">montrer  <\/span><span class=\"_fadeIn_m1hgl_8\">votre  <\/span><span class=\"_fadeIn_m1hgl_8\">\u00e0  <\/span><span class=\"_fadeIn_m1hgl_8\">position.  <\/span><span class=\"_fadeIn_m1hgl_8\">Cette  <\/span><span class=\"_fadeIn_m1hgl_8\">casquette  <\/span><span class=\"_fadeIn_m1hgl_8\">noire  <\/span><span class=\"_fadeIn_m1hgl_8\">classique  <\/span><span class=\"_fadeIn_m1hgl_8\">arbore  <\/span><span class=\"_fadeIn_m1hgl_8\">une  <\/span><span class=\"_fadeIn_m1hgl_8\">broderie  <\/span><span class=\"_fadeIn_m1hgl_8\">blanche  <\/span><span class=\"_fadeIn_m1hgl_8\">de  <\/span><span class=\"_fadeIn_m1hgl_8\">le  <\/span><span class=\"_fadeIn_m1hgl_8\">du message  <\/span><span class=\"_fadeIn_m1hgl_8\">en plein  <\/span><span class=\"_fadeIn_m1hgl_8\">et  <\/span><span class=\"_fadeIn_m1hgl_8\">centre \u2014  <\/span><span class=\"_fadeIn_m1hgl_8\">sans  <\/span><span class=\"_fadeIn_m1hgl_8\">fioritures,  <\/span><span class=\"_fadeIn_m1hgl_8\">d\u00e9butiez  <\/span><span class=\"_fadeIn_m1hgl_8\">des faits.  <\/span><span class=\"_fadeIn_m1hgl_8\">Con\u00e7ue  <\/span><span class=\"_fadeIn_m1hgl_8\">pour  <\/span><span class=\"_fadeIn_m1hgl_8\">pour le confort  <\/span><span class=\"_fadeIn_m1hgl_8\">et  <\/span><span class=\"_fadeIn_m1hgl_8\">au quotidien,  <\/span><span class=\"_fadeIn_m1hgl_8\"> <\/span><span class=\"_fadeIn_m1hgl_8\">c&rsquo;est  <\/span><span class=\"_fadeIn_m1hgl_8\">un  <\/span><span class=\"_fadeIn_m1hgl_8\">moyen  <\/span><span class=\"_fadeIn_m1hgl_8\">facile  <\/span><span class=\"_fadeIn_m1hgl_8\">pour  <\/span><span class=\"_fadeIn_m1hgl_8\">susciter  <\/span><span class=\"_fadeIn_m1hgl_8\">un  <\/span><span class=\"_fadeIn_m1hgl_8\">la conversation  <\/span><span class=\"_fadeIn_m1hgl_8\">ou  <\/span><span class=\"_fadeIn_m1hgl_8\">en fait  <\/span><span class=\"_fadeIn_m1hgl_8\">votre  <\/span><span class=\"_fadeIn_m1hgl_8\">fiable  <\/span><span class=\"_fadeIn_m1hgl_8\">voix.<\/span><\/p>\n<p><span class=\"_fadeIn_m1hgl_8\">Avec  <\/span><span class=\"_fadeIn_m1hgl_8\">une  <\/span><span class=\"_fadeIn_m1hgl_8\">sangle  <\/span><span class=\"_fadeIn_m1hgl_8\">arri\u00e8re  <\/span><span class=\"_fadeIn_m1hgl_8\">ajustable,  <\/span><span class=\"_fadeIn_m1hgl_8\">ce  <\/span><span class=\"_fadeIn_m1hgl_8\">mod\u00e8le <\/span><span class=\"_fadeIn_m1hgl_8\">taille <\/span><span class=\"_fadeIn_m1hgl_8\"><\/span><span class=\"_fadeIn_m1hgl_8\">unique  <\/span><span class=\"_fadeIn_m1hgl_8\">assure  <\/span><span class=\"_fadeIn_m1hgl_8\">un  <\/span><span class=\"_fadeIn_m1hgl_8\">un  <\/span><span class=\"_fadeIn_m1hgl_8\">ajustement confortable  <\/span><span class=\"_fadeIn_m1hgl_8\"> <\/span><span class=\"_fadeIn_m1hgl_8\">pour  <\/span><span class=\"_fadeIn_m1hgl_8\">pour la plupart.<\/span><\/p>\n","protected":false},"featured_media":216,"comment_status":"open","ping_status":"closed","template":"","meta":{"_acf_changed":false},"product_brand":[32],"product_cat":[48],"product_tag":[],"class_list":{"0":"post-734","1":"product","2":"type-product","3":"status-publish","4":"has-post-thumbnail","6":"product_brand-canada","7":"product_cat-casquette","9":"first","10":"instock","11":"taxable","12":"shipping-taxable","13":"purchasable","14":"product-type-simple"},"acf":[],"yoast_head":"<!-- This site is optimized with the Yoast SEO plugin v27.4 - https:\/\/yoast.com\/product\/yoast-seo-wordpress\/ -->\n<title>Casquette \u00ab Canada pas \u00e0 vendre \u00bb - Imprimierie Pontiac Printshop<\/title>\n<meta name=\"robots\" content=\"index, follow, max-snippet:-1, max-image-preview:large, max-video-preview:-1\" \/>\n<link rel=\"canonical\" href=\"https:\/\/shop.pontiacprintshop.com\/fr\/produit\/casquette-canada-pas-a-vendre\/\" \/>\n<meta property=\"og:locale\" content=\"fr_FR\" \/>\n<meta property=\"og:type\" content=\"article\" \/>\n<meta property=\"og:title\" content=\"Casquette \u00ab Canada pas \u00e0 vendre \u00bb - Imprimierie Pontiac Printshop\" \/>\n<meta property=\"og:description\" content=\"La casquette Canada pas \u00e0 vendre est un une fa\u00e7on audacieuse de pour montrer votre \u00e0 position. Cette casquette noire classique arbore une broderie blanche de le du message en plein et centre \u2014 sans fioritures, d\u00e9butiez des faits. Con\u00e7ue pour pour le confort et au quotidien,  c&#039;est un moyen facile pour susciter un la conversation ou en fait votre fiable voix. Avec une sangle arri\u00e8re ajustable, ce mod\u00e8le taille unique assure un un ajustement confortable  pour pour la plupart.\" \/>\n<meta property=\"og:url\" content=\"https:\/\/shop.pontiacprintshop.com\/fr\/produit\/casquette-canada-pas-a-vendre\/\" \/>\n<meta property=\"og:site_name\" content=\"Imprimierie Pontiac Printshop\" \/>\n<meta property=\"article:publisher\" content=\"https:\/\/www.facebook.com\/profile.php?id=61579208464005\" \/>\n<meta property=\"article:modified_time\" content=\"2026-04-13T23:45:55+00:00\" \/>\n<meta property=\"og:image\" content=\"https:\/\/shop.pontiacprintshop.com\/wp-content\/uploads\/2025\/05\/canada-not-for-sale-hat-scaled.jpg\" \/>\n\t<meta property=\"og:image:width\" content=\"1928\" \/>\n\t<meta property=\"og:image:height\" content=\"2560\" \/>\n\t<meta property=\"og:image:type\" content=\"image\/jpeg\" \/>\n<meta name=\"twitter:card\" content=\"summary_large_image\" \/>\n<script type=\"application\/ld+json\" class=\"yoast-schema-graph\">{\"@context\":\"https:\\\/\\\/schema.org\",\"@graph\":[{\"@type\":\"WebPage\",\"@id\":\"https:\\\/\\\/shop.pontiacprintshop.com\\\/fr\\\/produit\\\/casquette-canada-pas-a-vendre\\\/\",\"url\":\"https:\\\/\\\/shop.pontiacprintshop.com\\\/fr\\\/produit\\\/casquette-canada-pas-a-vendre\\\/\",\"name\":\"Casquette \u00ab Canada pas \u00e0 vendre \u00bb - Imprimierie Pontiac Printshop\",\"isPartOf\":{\"@id\":\"https:\\\/\\\/shop.pontiacprintshop.com\\\/fr\\\/#website\"},\"primaryImageOfPage\":{\"@id\":\"https:\\\/\\\/shop.pontiacprintshop.com\\\/fr\\\/produit\\\/casquette-canada-pas-a-vendre\\\/#primaryimage\"},\"image\":{\"@id\":\"https:\\\/\\\/shop.pontiacprintshop.com\\\/fr\\\/produit\\\/casquette-canada-pas-a-vendre\\\/#primaryimage\"},\"thumbnailUrl\":\"https:\\\/\\\/shop.pontiacprintshop.com\\\/wp-content\\\/uploads\\\/2025\\\/05\\\/canada-not-for-sale-hat-scaled.jpg\",\"datePublished\":\"2025-05-18T15:24:34+00:00\",\"dateModified\":\"2026-04-13T23:45:55+00:00\",\"breadcrumb\":{\"@id\":\"https:\\\/\\\/shop.pontiacprintshop.com\\\/fr\\\/produit\\\/casquette-canada-pas-a-vendre\\\/#breadcrumb\"},\"inLanguage\":\"fr-FR\",\"potentialAction\":[{\"@type\":\"ReadAction\",\"target\":[\"https:\\\/\\\/shop.pontiacprintshop.com\\\/fr\\\/produit\\\/casquette-canada-pas-a-vendre\\\/\"]}]},{\"@type\":\"ImageObject\",\"inLanguage\":\"fr-FR\",\"@id\":\"https:\\\/\\\/shop.pontiacprintshop.com\\\/fr\\\/produit\\\/casquette-canada-pas-a-vendre\\\/#primaryimage\",\"url\":\"https:\\\/\\\/shop.pontiacprintshop.com\\\/wp-content\\\/uploads\\\/2025\\\/05\\\/canada-not-for-sale-hat-scaled.jpg\",\"contentUrl\":\"https:\\\/\\\/shop.pontiacprintshop.com\\\/wp-content\\\/uploads\\\/2025\\\/05\\\/canada-not-for-sale-hat-scaled.jpg\",\"width\":1928,\"height\":2560,\"caption\":\"Canada Not For Sale Hat\"},{\"@type\":\"BreadcrumbList\",\"@id\":\"https:\\\/\\\/shop.pontiacprintshop.com\\\/fr\\\/produit\\\/casquette-canada-pas-a-vendre\\\/#breadcrumb\",\"itemListElement\":[{\"@type\":\"ListItem\",\"position\":1,\"name\":\"Home\",\"item\":\"https:\\\/\\\/shop.pontiacprintshop.com\\\/fr\\\/\"},{\"@type\":\"ListItem\",\"position\":2,\"name\":\"Boutique\",\"item\":\"https:\\\/\\\/shop.pontiacprintshop.com\\\/fr\\\/boutique\\\/\"},{\"@type\":\"ListItem\",\"position\":3,\"name\":\"Casquette \u00ab Canada pas \u00e0 vendre \u00bb\"}]},{\"@type\":\"WebSite\",\"@id\":\"https:\\\/\\\/shop.pontiacprintshop.com\\\/fr\\\/#website\",\"url\":\"https:\\\/\\\/shop.pontiacprintshop.com\\\/fr\\\/\",\"name\":\"Impremierie Pontiac Printshop\",\"description\":\"Serving the Pontiac and entire Ottawa Valley for more than 70 years\",\"publisher\":{\"@id\":\"https:\\\/\\\/shop.pontiacprintshop.com\\\/fr\\\/#organization\"},\"potentialAction\":[{\"@type\":\"SearchAction\",\"target\":{\"@type\":\"EntryPoint\",\"urlTemplate\":\"https:\\\/\\\/shop.pontiacprintshop.com\\\/fr\\\/?s={search_term_string}\"},\"query-input\":{\"@type\":\"PropertyValueSpecification\",\"valueRequired\":true,\"valueName\":\"search_term_string\"}}],\"inLanguage\":\"fr-FR\"},{\"@type\":\"Organization\",\"@id\":\"https:\\\/\\\/shop.pontiacprintshop.com\\\/fr\\\/#organization\",\"name\":\"Impremierie Pontiac Printshop\",\"url\":\"https:\\\/\\\/shop.pontiacprintshop.com\\\/fr\\\/\",\"logo\":{\"@type\":\"ImageObject\",\"inLanguage\":\"fr-FR\",\"@id\":\"https:\\\/\\\/shop.pontiacprintshop.com\\\/fr\\\/#\\\/schema\\\/logo\\\/image\\\/\",\"url\":\"https:\\\/\\\/shop.pontiacprintshop.com\\\/wp-content\\\/uploads\\\/2025\\\/08\\\/cropped-pontiac-printshop-green-copy-2.jpg\",\"contentUrl\":\"https:\\\/\\\/shop.pontiacprintshop.com\\\/wp-content\\\/uploads\\\/2025\\\/08\\\/cropped-pontiac-printshop-green-copy-2.jpg\",\"width\":512,\"height\":512,\"caption\":\"Impremierie Pontiac Printshop\"},\"image\":{\"@id\":\"https:\\\/\\\/shop.pontiacprintshop.com\\\/fr\\\/#\\\/schema\\\/logo\\\/image\\\/\"},\"sameAs\":[\"https:\\\/\\\/www.facebook.com\\\/profile.php?id=61579208464005\"]}]}<\/script>\n<!-- \/ Yoast SEO plugin. -->","yoast_head_json":{"title":"Casquette \u00ab Canada pas \u00e0 vendre \u00bb - Imprimierie Pontiac Printshop","robots":{"index":"index","follow":"follow","max-snippet":"max-snippet:-1","max-image-preview":"max-image-preview:large","max-video-preview":"max-video-preview:-1"},"canonical":"https:\/\/shop.pontiacprintshop.com\/fr\/produit\/casquette-canada-pas-a-vendre\/","og_locale":"fr_FR","og_type":"article","og_title":"Casquette \u00ab Canada pas \u00e0 vendre \u00bb - Imprimierie Pontiac Printshop","og_description":"La casquette Canada pas \u00e0 vendre est un une fa\u00e7on audacieuse de pour montrer votre \u00e0 position. Cette casquette noire classique arbore une broderie blanche de le du message en plein et centre \u2014 sans fioritures, d\u00e9butiez des faits. Con\u00e7ue pour pour le confort et au quotidien,  c'est un moyen facile pour susciter un la conversation ou en fait votre fiable voix. Avec une sangle arri\u00e8re ajustable, ce mod\u00e8le taille unique assure un un ajustement confortable  pour pour la plupart.","og_url":"https:\/\/shop.pontiacprintshop.com\/fr\/produit\/casquette-canada-pas-a-vendre\/","og_site_name":"Imprimierie Pontiac Printshop","article_publisher":"https:\/\/www.facebook.com\/profile.php?id=61579208464005","article_modified_time":"2026-04-13T23:45:55+00:00","og_image":[{"width":1928,"height":2560,"url":"https:\/\/shop.pontiacprintshop.com\/wp-content\/uploads\/2025\/05\/canada-not-for-sale-hat-scaled.jpg","type":"image\/jpeg"}],"twitter_card":"summary_large_image","schema":{"@context":"https:\/\/schema.org","@graph":[{"@type":"WebPage","@id":"https:\/\/shop.pontiacprintshop.com\/fr\/produit\/casquette-canada-pas-a-vendre\/","url":"https:\/\/shop.pontiacprintshop.com\/fr\/produit\/casquette-canada-pas-a-vendre\/","name":"Casquette \u00ab Canada pas \u00e0 vendre \u00bb - Imprimierie Pontiac Printshop","isPartOf":{"@id":"https:\/\/shop.pontiacprintshop.com\/fr\/#website"},"primaryImageOfPage":{"@id":"https:\/\/shop.pontiacprintshop.com\/fr\/produit\/casquette-canada-pas-a-vendre\/#primaryimage"},"image":{"@id":"https:\/\/shop.pontiacprintshop.com\/fr\/produit\/casquette-canada-pas-a-vendre\/#primaryimage"},"thumbnailUrl":"https:\/\/shop.pontiacprintshop.com\/wp-content\/uploads\/2025\/05\/canada-not-for-sale-hat-scaled.jpg","datePublished":"2025-05-18T15:24:34+00:00","dateModified":"2026-04-13T23:45:55+00:00","breadcrumb":{"@id":"https:\/\/shop.pontiacprintshop.com\/fr\/produit\/casquette-canada-pas-a-vendre\/#breadcrumb"},"inLanguage":"fr-FR","potentialAction":[{"@type":"ReadAction","target":["https:\/\/shop.pontiacprintshop.com\/fr\/produit\/casquette-canada-pas-a-vendre\/"]}]},{"@type":"ImageObject","inLanguage":"fr-FR","@id":"https:\/\/shop.pontiacprintshop.com\/fr\/produit\/casquette-canada-pas-a-vendre\/#primaryimage","url":"https:\/\/shop.pontiacprintshop.com\/wp-content\/uploads\/2025\/05\/canada-not-for-sale-hat-scaled.jpg","contentUrl":"https:\/\/shop.pontiacprintshop.com\/wp-content\/uploads\/2025\/05\/canada-not-for-sale-hat-scaled.jpg","width":1928,"height":2560,"caption":"Canada Not For Sale Hat"},{"@type":"BreadcrumbList","@id":"https:\/\/shop.pontiacprintshop.com\/fr\/produit\/casquette-canada-pas-a-vendre\/#breadcrumb","itemListElement":[{"@type":"ListItem","position":1,"name":"Home","item":"https:\/\/shop.pontiacprintshop.com\/fr\/"},{"@type":"ListItem","position":2,"name":"Boutique","item":"https:\/\/shop.pontiacprintshop.com\/fr\/boutique\/"},{"@type":"ListItem","position":3,"name":"Casquette \u00ab Canada pas \u00e0 vendre \u00bb"}]},{"@type":"WebSite","@id":"https:\/\/shop.pontiacprintshop.com\/fr\/#website","url":"https:\/\/shop.pontiacprintshop.com\/fr\/","name":"Impremierie Pontiac Printshop","description":"Serving the Pontiac and entire Ottawa Valley for more than 70 years","publisher":{"@id":"https:\/\/shop.pontiacprintshop.com\/fr\/#organization"},"potentialAction":[{"@type":"SearchAction","target":{"@type":"EntryPoint","urlTemplate":"https:\/\/shop.pontiacprintshop.com\/fr\/?s={search_term_string}"},"query-input":{"@type":"PropertyValueSpecification","valueRequired":true,"valueName":"search_term_string"}}],"inLanguage":"fr-FR"},{"@type":"Organization","@id":"https:\/\/shop.pontiacprintshop.com\/fr\/#organization","name":"Impremierie Pontiac Printshop","url":"https:\/\/shop.pontiacprintshop.com\/fr\/","logo":{"@type":"ImageObject","inLanguage":"fr-FR","@id":"https:\/\/shop.pontiacprintshop.com\/fr\/#\/schema\/logo\/image\/","url":"https:\/\/shop.pontiacprintshop.com\/wp-content\/uploads\/2025\/08\/cropped-pontiac-printshop-green-copy-2.jpg","contentUrl":"https:\/\/shop.pontiacprintshop.com\/wp-content\/uploads\/2025\/08\/cropped-pontiac-printshop-green-copy-2.jpg","width":512,"height":512,"caption":"Impremierie Pontiac Printshop"},"image":{"@id":"https:\/\/shop.pontiacprintshop.com\/fr\/#\/schema\/logo\/image\/"},"sameAs":["https:\/\/www.facebook.com\/profile.php?id=61579208464005"]}]}},"_links":{"self":[{"href":"https:\/\/shop.pontiacprintshop.com\/fr\/wp-json\/wp\/v2\/product\/734","targetHints":{"allow":["GET"]}}],"collection":[{"href":"https:\/\/shop.pontiacprintshop.com\/fr\/wp-json\/wp\/v2\/product"}],"about":[{"href":"https:\/\/shop.pontiacprintshop.com\/fr\/wp-json\/wp\/v2\/types\/product"}],"replies":[{"embeddable":true,"href":"https:\/\/shop.pontiacprintshop.com\/fr\/wp-json\/wp\/v2\/comments?post=734"}],"wp:featuredmedia":[{"embeddable":true,"href":"https:\/\/shop.pontiacprintshop.com\/fr\/wp-json\/wp\/v2\/media\/216"}],"wp:attachment":[{"href":"https:\/\/shop.pontiacprintshop.com\/fr\/wp-json\/wp\/v2\/media?parent=734"}],"wp:term":[{"taxonomy":"product_brand","embeddable":true,"href":"https:\/\/shop.pontiacprintshop.com\/fr\/wp-json\/wp\/v2\/product_brand?post=734"},{"taxonomy":"product_cat","embeddable":true,"href":"https:\/\/shop.pontiacprintshop.com\/fr\/wp-json\/wp\/v2\/product_cat?post=734"},{"taxonomy":"product_tag","embeddable":true,"href":"https:\/\/shop.pontiacprintshop.com\/fr\/wp-json\/wp\/v2\/product_tag?post=734"}],"curies":[{"name":"wp","href":"https:\/\/api.w.org\/{rel}","templated":true}]}}