{"id":737,"date":"2025-05-18T14:42:30","date_gmt":"2025-05-18T14:42:30","guid":{"rendered":"https:\/\/shop.pontiacprintshop.com\/product\/le-cordon-equity\/"},"modified":"2025-05-18T14:42:30","modified_gmt":"2025-05-18T14:42:30","slug":"le-cordon-equity","status":"publish","type":"product","link":"https:\/\/shop.pontiacprintshop.com\/fr\/produit\/le-cordon-equity\/","title":{"rendered":"Le cordon Equity"},"content":{"rendered":"<p data-start=\"0\" data-end=\"390\"><span class=\"_fadeIn_m1hgl_8\">Le  <\/span><span class=\"_fadeIn_m1hgl_8\">Equity  <\/span><span class=\"_fadeIn_m1hgl_8\">Cordon  <\/span><span class=\"_fadeIn_m1hgl_8\">est  <\/span><span class=\"_fadeIn_m1hgl_8\">un  <\/span><span class=\"_fadeIn_m1hgl_8\">simple,  <\/span><span class=\"_fadeIn_m1hgl_8\">pratique  <\/span><span class=\"_fadeIn_m1hgl_8\">facile  <\/span><span class=\"_fadeIn_m1hgl_8\">pour  <\/span><span class=\"_fadeIn_m1hgl_8\">montrer  <\/span><span class=\"_fadeIn_m1hgl_8\">votre  <\/span><span class=\"_fadeIn_m1hgl_8\">connexion  <\/span><span class=\"_fadeIn_m1hgl_8\">pour  <\/span><span class=\"_fadeIn_m1hgl_8\">une  <\/span><span class=\"_fadeIn_m1hgl_8\">de  <\/span><span class=\"_fadeIn_m1hgl_8\">le  <\/span><span class=\"_fadeIn_m1hgl_8\">Pontiac  <\/span><span class=\"_fadeIn_m1hgl_8\">plus <\/span><span class=\"_fadeIn_m1hgl_8\">anciennes  <\/span><span class=\"_fadeIn_m1hgl_8\">institutions.  <\/span><span class=\"_fadeIn_m1hgl_8\">Fabriqu\u00e9  <\/span><span class=\"_fadeIn_m1hgl_8\">en  <\/span><span class=\"_fadeIn_m1hgl_8\">tissu  <\/span><span class=\"_fadeIn_m1hgl_8\">tress\u00e9  <\/span><span class=\"_fadeIn_m1hgl_8\">durable,  <\/span><span class=\"_fadeIn_m1hgl_8\">un  <\/span><span class=\"_fadeIn_m1hgl_8\">arbore  <\/span><span class=\"_fadeIn_m1hgl_8\">Le  <\/span><span class=\"_fadeIn_m1hgl_8\">d&rsquo;Equity  <\/span><span class=\"_fadeIn_m1hgl_8\">casquette  <\/span><span class=\"_fadeIn_m1hgl_8\">logo  <\/span><span class=\"_fadeIn_m1hgl_8\">dans  <\/span><span class=\"_fadeIn_m1hgl_8\">une  <\/span><span class=\"_fadeIn_m1hgl_8\">broderie  <\/span><span class=\"_fadeIn_m1hgl_8\">sur  <\/span><span class=\"_fadeIn_m1hgl_8\">un  <\/span><span class=\"_fadeIn_m1hgl_8\">noire  <\/span><span class=\"_fadeIn_m1hgl_8\">fond.  <\/span><span class=\"_fadeIn_m1hgl_8\">Que  <\/span><span class=\"_fadeIn_m1hgl_8\">vous  <\/span><span class=\"_fadeIn_m1hgl_8\">utiliser  <\/span><span class=\"_fadeIn_m1hgl_8\">un  <\/span><span class=\"_fadeIn_m1hgl_8\">pour  <\/span><span class=\"_fadeIn_m1hgl_8\">votre  <\/span><span class=\"_fadeIn_m1hgl_8\">cl\u00e9s,  <\/span><span class=\"_fadeIn_m1hgl_8\">badge  <\/span><span class=\"_fadeIn_m1hgl_8\">d&rsquo;identit\u00e9,  <\/span><span class=\"_fadeIn_m1hgl_8\">ou  <\/span><span class=\"_fadeIn_m1hgl_8\">laissez-passer  <\/span><span class=\"_fadeIn_m1hgl_8\">des coulisses,  <\/span><span class=\"_fadeIn_m1hgl_8\">c&rsquo;est  <\/span><span class=\"_fadeIn_m1hgl_8\">un  <\/span><span class=\"_fadeIn_m1hgl_8\">l\u00e9ger,  <\/span><span class=\"_fadeIn_m1hgl_8\">sans <\/span><span class=\"_fadeIn_m1hgl_8\">fioritures  <\/span><span class=\"_fadeIn_m1hgl_8\">accessoire  <\/span><span class=\"_fadeIn_m1hgl_8\">qui  <\/span><span class=\"_fadeIn_m1hgl_8\">fait  <\/span><span class=\"_fadeIn_m1hgl_8\">le  <\/span><span class=\"_fadeIn_m1hgl_8\">travail \u2014  <\/span><span class=\"_fadeIn_m1hgl_8\">et  <\/span><span class=\"_fadeIn_m1hgl_8\">fait  <\/span><span class=\"_fadeIn_m1hgl_8\">un  <\/span><span class=\"_fadeIn_m1hgl_8\">discr\u00e8te  <\/span><span class=\"_fadeIn_m1hgl_8\">d\u00e9claration.<\/span><\/p>\n<p data-start=\"392\" data-end=\"601\" data-is-last-node=\"\" data-is-only-node=\"\"><span class=\"_fadeIn_m1hgl_8\">Id\u00e9al  <\/span><span class=\"_fadeIn_m1hgl_8\">pour  <\/span><span class=\"_fadeIn_m1hgl_8\">lecteurs,  <\/span><span class=\"_fadeIn_m1hgl_8\">personnel,  <\/span><span class=\"_fadeIn_m1hgl_8\">ou  <\/span><span class=\"_fadeIn_m1hgl_8\">fid\u00e8les <\/span><span class=\"_fadeIn_m1hgl_8\">de longue date  <\/span><span class=\"_fadeIn_m1hgl_8\">supporters,  <\/span><span class=\"_fadeIn_m1hgl_8\">ce  <\/span><span class=\"_fadeIn_m1hgl_8\">cordon  <\/span><span class=\"_fadeIn_m1hgl_8\">est  <\/span><span class=\"_fadeIn_m1hgl_8\">un  <\/span><span class=\"_fadeIn_m1hgl_8\">petit  <\/span><span class=\"_fadeIn_m1hgl_8\">morceau  <\/span><span class=\"_fadeIn_m1hgl_8\">de  <\/span><span class=\"_fadeIn_m1hgl_8\">l&rsquo;actualit\u00e9  <\/span><span class=\"_fadeIn_m1hgl_8\">histoire  <\/span><span class=\"_fadeIn_m1hgl_8\">\u00e0  <\/span><span class=\"_fadeIn_m1hgl_8\">peuvent  <\/span><span class=\"_fadeIn_m1hgl_8\">porter  <\/span><span class=\"_fadeIn_m1hgl_8\">chaque  <\/span><span class=\"_fadeIn_m1hgl_8\">jour.  <\/span><span class=\"_fadeIn_m1hgl_8\">C&rsquo;est  <\/span><span class=\"_fadeIn_m1hgl_8\">aussi  <\/span><span class=\"_fadeIn_m1hgl_8\">un  <\/span><span class=\"_fadeIn_m1hgl_8\">excellent  <\/span><span class=\"_fadeIn_m1hgl_8\">cadeau  <\/span><span class=\"_fadeIn_m1hgl_8\">pour  <\/span><span class=\"_fadeIn_m1hgl_8\">quiconque  <\/span><span class=\"_fadeIn_m1hgl_8\">qui  <\/span><span class=\"_fadeIn_m1hgl_8\">aime  <\/span><span class=\"_fadeIn_m1hgl_8\">les \u00e9v\u00e9nements  <\/span><span class=\"_fadeIn_m1hgl_8\">journalisme  <\/span><span class=\"_fadeIn_m1hgl_8\">et  <\/span><span class=\"_fadeIn_m1hgl_8\">veut  <\/span><span class=\"_fadeIn_m1hgl_8\">pour  <\/span><span class=\"_fadeIn_m1hgl_8\">montrer  <\/span><span class=\"_fadeIn_m1hgl_8\">le.<\/span><\/p>\n","protected":false},"excerpt":{"rendered":"<p><span class=\"_fadeIn_m1hgl_8\">Affichez  <\/span><span class=\"_fadeIn_m1hgl_8\">votre  <\/span><span class=\"_fadeIn_m1hgl_8\">et un soutien  <\/span><span class=\"_fadeIn_m1hgl_8\">pour  <\/span><span class=\"_fadeIn_m1hgl_8\">Le  <\/span><span class=\"_fadeIn_m1hgl_8\">Equity  <\/span><span class=\"_fadeIn_m1hgl_8\">avec  <\/span><span class=\"_fadeIn_m1hgl_8\">ce  <\/span><span class=\"_fadeIn_m1hgl_8\">durable,  <\/span><span class=\"_fadeIn_m1hgl_8\">noire  <\/span><span class=\"_fadeIn_m1hgl_8\">tress\u00e9  <\/span><span class=\"_fadeIn_m1hgl_8\">cordon  <\/span><span class=\"_fadeIn_m1hgl_8\">arborant  <\/span><span class=\"_fadeIn_m1hgl_8\">notre  <\/span><span class=\"_fadeIn_m1hgl_8\">casquette  <\/span><span class=\"_fadeIn_m1hgl_8\">logo  <\/span><span class=\"_fadeIn_m1hgl_8\">dans  <\/span><span class=\"_fadeIn_m1hgl_8\">blanc.  <\/span><span class=\"_fadeIn_m1hgl_8\">Parfait  <\/span><span class=\"_fadeIn_m1hgl_8\">pour  <\/span><span class=\"_fadeIn_m1hgl_8\">cl\u00e9s,  <\/span><span class=\"_fadeIn_m1hgl_8\">badges  <\/span><span class=\"_fadeIn_m1hgl_8\">d&rsquo;identit\u00e9,  <\/span><span class=\"_fadeIn_m1hgl_8\">ou  <\/span><span class=\"_fadeIn_m1hgl_8\">d\u00e9butiez  <\/span><span class=\"_fadeIn_m1hgl_8\">repr\u00e9senter  <\/span><span class=\"_fadeIn_m1hgl_8\">votre  <\/span><span class=\"_fadeIn_m1hgl_8\">l&rsquo;actualit\u00e9  <\/span><span class=\"_fadeIn_m1hgl_8\">journal.<\/span><\/p>\n","protected":false},"featured_media":206,"comment_status":"open","ping_status":"closed","template":"","meta":{"_acf_changed":false},"product_brand":[29],"product_cat":[45],"product_tag":[],"class_list":{"0":"post-737","1":"product","2":"type-product","3":"status-publish","4":"has-post-thumbnail","6":"product_brand-the-equity","7":"product_cat-non-categorise","9":"first","10":"instock","11":"taxable","12":"shipping-taxable","13":"purchasable","14":"product-type-simple"},"acf":[],"yoast_head":"<!-- This site is optimized with the Yoast SEO plugin v27.4 - https:\/\/yoast.com\/product\/yoast-seo-wordpress\/ -->\n<title>Le cordon Equity - Imprimierie Pontiac Printshop<\/title>\n<meta name=\"robots\" content=\"index, follow, max-snippet:-1, max-image-preview:large, max-video-preview:-1\" \/>\n<link rel=\"canonical\" href=\"https:\/\/shop.pontiacprintshop.com\/fr\/produit\/le-cordon-equity\/\" \/>\n<meta property=\"og:locale\" content=\"fr_FR\" \/>\n<meta property=\"og:type\" content=\"article\" \/>\n<meta property=\"og:title\" content=\"Le cordon Equity - Imprimierie Pontiac Printshop\" \/>\n<meta property=\"og:description\" content=\"Affichez votre et un soutien pour Le Equity avec ce durable, noire tress\u00e9 cordon arborant notre casquette logo dans blanc. Parfait pour cl\u00e9s, badges d&#039;identit\u00e9, ou d\u00e9butiez repr\u00e9senter votre l&#039;actualit\u00e9 journal.\" \/>\n<meta property=\"og:url\" content=\"https:\/\/shop.pontiacprintshop.com\/fr\/produit\/le-cordon-equity\/\" \/>\n<meta property=\"og:site_name\" content=\"Imprimierie Pontiac Printshop\" \/>\n<meta property=\"article:publisher\" content=\"https:\/\/www.facebook.com\/profile.php?id=61579208464005\" \/>\n<meta property=\"og:image\" content=\"https:\/\/shop.pontiacprintshop.com\/wp-content\/uploads\/2025\/05\/PXL_20250518_144513135.MP_-scaled.jpg\" \/>\n\t<meta property=\"og:image:width\" content=\"2560\" \/>\n\t<meta property=\"og:image:height\" content=\"1928\" \/>\n\t<meta property=\"og:image:type\" content=\"image\/jpeg\" \/>\n<meta name=\"twitter:card\" content=\"summary_large_image\" \/>\n<meta name=\"twitter:label1\" content=\"Dur\u00e9e de lecture estim\u00e9e\" \/>\n\t<meta name=\"twitter:data1\" content=\"1 minute\" \/>\n<script type=\"application\/ld+json\" class=\"yoast-schema-graph\">{\"@context\":\"https:\\\/\\\/schema.org\",\"@graph\":[{\"@type\":\"WebPage\",\"@id\":\"https:\\\/\\\/shop.pontiacprintshop.com\\\/fr\\\/produit\\\/le-cordon-equity\\\/\",\"url\":\"https:\\\/\\\/shop.pontiacprintshop.com\\\/fr\\\/produit\\\/le-cordon-equity\\\/\",\"name\":\"Le cordon Equity - Imprimierie Pontiac Printshop\",\"isPartOf\":{\"@id\":\"https:\\\/\\\/shop.pontiacprintshop.com\\\/fr\\\/#website\"},\"primaryImageOfPage\":{\"@id\":\"https:\\\/\\\/shop.pontiacprintshop.com\\\/fr\\\/produit\\\/le-cordon-equity\\\/#primaryimage\"},\"image\":{\"@id\":\"https:\\\/\\\/shop.pontiacprintshop.com\\\/fr\\\/produit\\\/le-cordon-equity\\\/#primaryimage\"},\"thumbnailUrl\":\"https:\\\/\\\/shop.pontiacprintshop.com\\\/wp-content\\\/uploads\\\/2025\\\/05\\\/PXL_20250518_144513135.MP_-scaled.jpg\",\"datePublished\":\"2025-05-18T14:42:30+00:00\",\"breadcrumb\":{\"@id\":\"https:\\\/\\\/shop.pontiacprintshop.com\\\/fr\\\/produit\\\/le-cordon-equity\\\/#breadcrumb\"},\"inLanguage\":\"fr-FR\",\"potentialAction\":[{\"@type\":\"ReadAction\",\"target\":[\"https:\\\/\\\/shop.pontiacprintshop.com\\\/fr\\\/produit\\\/le-cordon-equity\\\/\"]}]},{\"@type\":\"ImageObject\",\"inLanguage\":\"fr-FR\",\"@id\":\"https:\\\/\\\/shop.pontiacprintshop.com\\\/fr\\\/produit\\\/le-cordon-equity\\\/#primaryimage\",\"url\":\"https:\\\/\\\/shop.pontiacprintshop.com\\\/wp-content\\\/uploads\\\/2025\\\/05\\\/PXL_20250518_144513135.MP_-scaled.jpg\",\"contentUrl\":\"https:\\\/\\\/shop.pontiacprintshop.com\\\/wp-content\\\/uploads\\\/2025\\\/05\\\/PXL_20250518_144513135.MP_-scaled.jpg\",\"width\":2560,\"height\":1928,\"caption\":\"The Equity Lanyard\"},{\"@type\":\"BreadcrumbList\",\"@id\":\"https:\\\/\\\/shop.pontiacprintshop.com\\\/fr\\\/produit\\\/le-cordon-equity\\\/#breadcrumb\",\"itemListElement\":[{\"@type\":\"ListItem\",\"position\":1,\"name\":\"Home\",\"item\":\"https:\\\/\\\/shop.pontiacprintshop.com\\\/fr\\\/\"},{\"@type\":\"ListItem\",\"position\":2,\"name\":\"Boutique\",\"item\":\"https:\\\/\\\/shop.pontiacprintshop.com\\\/fr\\\/boutique\\\/\"},{\"@type\":\"ListItem\",\"position\":3,\"name\":\"Le cordon Equity\"}]},{\"@type\":\"WebSite\",\"@id\":\"https:\\\/\\\/shop.pontiacprintshop.com\\\/fr\\\/#website\",\"url\":\"https:\\\/\\\/shop.pontiacprintshop.com\\\/fr\\\/\",\"name\":\"Impremierie Pontiac Printshop\",\"description\":\"Serving the Pontiac and entire Ottawa Valley for more than 70 years\",\"publisher\":{\"@id\":\"https:\\\/\\\/shop.pontiacprintshop.com\\\/fr\\\/#organization\"},\"potentialAction\":[{\"@type\":\"SearchAction\",\"target\":{\"@type\":\"EntryPoint\",\"urlTemplate\":\"https:\\\/\\\/shop.pontiacprintshop.com\\\/fr\\\/?s={search_term_string}\"},\"query-input\":{\"@type\":\"PropertyValueSpecification\",\"valueRequired\":true,\"valueName\":\"search_term_string\"}}],\"inLanguage\":\"fr-FR\"},{\"@type\":\"Organization\",\"@id\":\"https:\\\/\\\/shop.pontiacprintshop.com\\\/fr\\\/#organization\",\"name\":\"Impremierie Pontiac Printshop\",\"url\":\"https:\\\/\\\/shop.pontiacprintshop.com\\\/fr\\\/\",\"logo\":{\"@type\":\"ImageObject\",\"inLanguage\":\"fr-FR\",\"@id\":\"https:\\\/\\\/shop.pontiacprintshop.com\\\/fr\\\/#\\\/schema\\\/logo\\\/image\\\/\",\"url\":\"https:\\\/\\\/shop.pontiacprintshop.com\\\/wp-content\\\/uploads\\\/2025\\\/08\\\/cropped-pontiac-printshop-green-copy-2.jpg\",\"contentUrl\":\"https:\\\/\\\/shop.pontiacprintshop.com\\\/wp-content\\\/uploads\\\/2025\\\/08\\\/cropped-pontiac-printshop-green-copy-2.jpg\",\"width\":512,\"height\":512,\"caption\":\"Impremierie Pontiac Printshop\"},\"image\":{\"@id\":\"https:\\\/\\\/shop.pontiacprintshop.com\\\/fr\\\/#\\\/schema\\\/logo\\\/image\\\/\"},\"sameAs\":[\"https:\\\/\\\/www.facebook.com\\\/profile.php?id=61579208464005\"]}]}<\/script>\n<!-- \/ Yoast SEO plugin. -->","yoast_head_json":{"title":"Le cordon Equity - Imprimierie Pontiac Printshop","robots":{"index":"index","follow":"follow","max-snippet":"max-snippet:-1","max-image-preview":"max-image-preview:large","max-video-preview":"max-video-preview:-1"},"canonical":"https:\/\/shop.pontiacprintshop.com\/fr\/produit\/le-cordon-equity\/","og_locale":"fr_FR","og_type":"article","og_title":"Le cordon Equity - Imprimierie Pontiac Printshop","og_description":"Affichez votre et un soutien pour Le Equity avec ce durable, noire tress\u00e9 cordon arborant notre casquette logo dans blanc. Parfait pour cl\u00e9s, badges d'identit\u00e9, ou d\u00e9butiez repr\u00e9senter votre l'actualit\u00e9 journal.","og_url":"https:\/\/shop.pontiacprintshop.com\/fr\/produit\/le-cordon-equity\/","og_site_name":"Imprimierie Pontiac Printshop","article_publisher":"https:\/\/www.facebook.com\/profile.php?id=61579208464005","og_image":[{"width":2560,"height":1928,"url":"https:\/\/shop.pontiacprintshop.com\/wp-content\/uploads\/2025\/05\/PXL_20250518_144513135.MP_-scaled.jpg","type":"image\/jpeg"}],"twitter_card":"summary_large_image","twitter_misc":{"Dur\u00e9e de lecture estim\u00e9e":"1 minute"},"schema":{"@context":"https:\/\/schema.org","@graph":[{"@type":"WebPage","@id":"https:\/\/shop.pontiacprintshop.com\/fr\/produit\/le-cordon-equity\/","url":"https:\/\/shop.pontiacprintshop.com\/fr\/produit\/le-cordon-equity\/","name":"Le cordon Equity - Imprimierie Pontiac Printshop","isPartOf":{"@id":"https:\/\/shop.pontiacprintshop.com\/fr\/#website"},"primaryImageOfPage":{"@id":"https:\/\/shop.pontiacprintshop.com\/fr\/produit\/le-cordon-equity\/#primaryimage"},"image":{"@id":"https:\/\/shop.pontiacprintshop.com\/fr\/produit\/le-cordon-equity\/#primaryimage"},"thumbnailUrl":"https:\/\/shop.pontiacprintshop.com\/wp-content\/uploads\/2025\/05\/PXL_20250518_144513135.MP_-scaled.jpg","datePublished":"2025-05-18T14:42:30+00:00","breadcrumb":{"@id":"https:\/\/shop.pontiacprintshop.com\/fr\/produit\/le-cordon-equity\/#breadcrumb"},"inLanguage":"fr-FR","potentialAction":[{"@type":"ReadAction","target":["https:\/\/shop.pontiacprintshop.com\/fr\/produit\/le-cordon-equity\/"]}]},{"@type":"ImageObject","inLanguage":"fr-FR","@id":"https:\/\/shop.pontiacprintshop.com\/fr\/produit\/le-cordon-equity\/#primaryimage","url":"https:\/\/shop.pontiacprintshop.com\/wp-content\/uploads\/2025\/05\/PXL_20250518_144513135.MP_-scaled.jpg","contentUrl":"https:\/\/shop.pontiacprintshop.com\/wp-content\/uploads\/2025\/05\/PXL_20250518_144513135.MP_-scaled.jpg","width":2560,"height":1928,"caption":"The Equity Lanyard"},{"@type":"BreadcrumbList","@id":"https:\/\/shop.pontiacprintshop.com\/fr\/produit\/le-cordon-equity\/#breadcrumb","itemListElement":[{"@type":"ListItem","position":1,"name":"Home","item":"https:\/\/shop.pontiacprintshop.com\/fr\/"},{"@type":"ListItem","position":2,"name":"Boutique","item":"https:\/\/shop.pontiacprintshop.com\/fr\/boutique\/"},{"@type":"ListItem","position":3,"name":"Le cordon Equity"}]},{"@type":"WebSite","@id":"https:\/\/shop.pontiacprintshop.com\/fr\/#website","url":"https:\/\/shop.pontiacprintshop.com\/fr\/","name":"Impremierie Pontiac Printshop","description":"Serving the Pontiac and entire Ottawa Valley for more than 70 years","publisher":{"@id":"https:\/\/shop.pontiacprintshop.com\/fr\/#organization"},"potentialAction":[{"@type":"SearchAction","target":{"@type":"EntryPoint","urlTemplate":"https:\/\/shop.pontiacprintshop.com\/fr\/?s={search_term_string}"},"query-input":{"@type":"PropertyValueSpecification","valueRequired":true,"valueName":"search_term_string"}}],"inLanguage":"fr-FR"},{"@type":"Organization","@id":"https:\/\/shop.pontiacprintshop.com\/fr\/#organization","name":"Impremierie Pontiac Printshop","url":"https:\/\/shop.pontiacprintshop.com\/fr\/","logo":{"@type":"ImageObject","inLanguage":"fr-FR","@id":"https:\/\/shop.pontiacprintshop.com\/fr\/#\/schema\/logo\/image\/","url":"https:\/\/shop.pontiacprintshop.com\/wp-content\/uploads\/2025\/08\/cropped-pontiac-printshop-green-copy-2.jpg","contentUrl":"https:\/\/shop.pontiacprintshop.com\/wp-content\/uploads\/2025\/08\/cropped-pontiac-printshop-green-copy-2.jpg","width":512,"height":512,"caption":"Impremierie Pontiac Printshop"},"image":{"@id":"https:\/\/shop.pontiacprintshop.com\/fr\/#\/schema\/logo\/image\/"},"sameAs":["https:\/\/www.facebook.com\/profile.php?id=61579208464005"]}]}},"_links":{"self":[{"href":"https:\/\/shop.pontiacprintshop.com\/fr\/wp-json\/wp\/v2\/product\/737","targetHints":{"allow":["GET"]}}],"collection":[{"href":"https:\/\/shop.pontiacprintshop.com\/fr\/wp-json\/wp\/v2\/product"}],"about":[{"href":"https:\/\/shop.pontiacprintshop.com\/fr\/wp-json\/wp\/v2\/types\/product"}],"replies":[{"embeddable":true,"href":"https:\/\/shop.pontiacprintshop.com\/fr\/wp-json\/wp\/v2\/comments?post=737"}],"wp:featuredmedia":[{"embeddable":true,"href":"https:\/\/shop.pontiacprintshop.com\/fr\/wp-json\/wp\/v2\/media\/206"}],"wp:attachment":[{"href":"https:\/\/shop.pontiacprintshop.com\/fr\/wp-json\/wp\/v2\/media?parent=737"}],"wp:term":[{"taxonomy":"product_brand","embeddable":true,"href":"https:\/\/shop.pontiacprintshop.com\/fr\/wp-json\/wp\/v2\/product_brand?post=737"},{"taxonomy":"product_cat","embeddable":true,"href":"https:\/\/shop.pontiacprintshop.com\/fr\/wp-json\/wp\/v2\/product_cat?post=737"},{"taxonomy":"product_tag","embeddable":true,"href":"https:\/\/shop.pontiacprintshop.com\/fr\/wp-json\/wp\/v2\/product_tag?post=737"}],"curies":[{"name":"wp","href":"https:\/\/api.w.org\/{rel}","templated":true}]}}